{"id":1036,"date":"2018-04-04T16:29:37","date_gmt":"2018-04-04T14:29:37","guid":{"rendered":"http:\/\/ploumilliau.bzh\/mairie\/?page_id=1036"},"modified":"2026-03-16T13:56:29","modified_gmt":"2026-03-16T12:56:29","slug":"comptes-rendus-de-conseils-municipaux","status":"publish","type":"page","link":"https:\/\/ploumilliau.bzh\/mairie\/comptes-rendus-de-conseils-municipaux\/","title":{"rendered":"Les comptes rendus de conseils municipaux"},"content":{"rendered":"<h1><img loading=\"lazy\" class=\"alignnone wp-image-1800\" src=\"http:\/\/ploumilliau.bzh\/mairie\/wp-content\/uploads\/2019\/07\/open-book-1428428_1280.jpg\" alt=\"\" width=\"762\" height=\"200\" srcset=\"https:\/\/ploumilliau.bzh\/mairie\/wp-content\/uploads\/2019\/07\/open-book-1428428_1280.jpg 762w, https:\/\/ploumilliau.bzh\/mairie\/wp-content\/uploads\/2019\/07\/open-book-1428428_1280-310x81.jpg 310w\" sizes=\"(max-width: 762px) 100vw, 762px\" \/><\/h1>\n<h1><span style=\"color: #b6bd00;\">ANN\u00c9E 2026<\/span><\/h1>\n<p><span style=\"color: #000000;\"><a style=\"color: #000000;\" href=\"https:\/\/ploumilliau.bzh\/mairie\/wp-content\/uploads\/2026\/03\/Deliberation-CDE-06-mars-2026.pdf\"><span style=\"color: #ff6600;\"><em>Caisse des \u00c9coles - Liste des d\u00e9lib\u00e9rations du CA du 06 mars 2026<\/em><\/span><\/a><\/span><\/p>\n<p><span style=\"color: #000000;\"><a style=\"color: #000000;\" href=\"https:\/\/ploumilliau.bzh\/mairie\/wp-content\/uploads\/2026\/03\/PV-CDE-du-06-mars-2026.pdf\"><span style=\"color: #ff6600;\"><em>Caisse des \u00c9coles - Proc\u00e8s Verbal du CA du 06 mars 2026<\/em><\/span><\/a><\/span><\/p>\n<p><span style=\"color: #333333;\"><a style=\"color: #333333;\" href=\"https:\/\/ploumilliau.bzh\/mairie\/wp-content\/uploads\/2026\/03\/Liste-Deliberations-2026_02_12.pdf\">Liste des d\u00e9lib\u00e9rations du CM du 12 f\u00e9vrier 2026<\/a><\/span><\/p>\n<h1><span style=\"color: #b6bd00;\">ANN\u00c9E 2025<\/span><\/h1>\n<p><span style=\"color: #000000;\"><a style=\"color: #000000;\" href=\"https:\/\/ploumilliau.bzh\/mairie\/wp-content\/uploads\/2026\/03\/PV-du-18_12_2025.pdf\">Proc\u00e8s Verbal du Conseil Municipal du 18 d\u00e9cembre 2025<\/a><\/span><\/p>\n<p><span style=\"color: #333333;\"><a style=\"color: #333333;\" href=\"https:\/\/ploumilliau.bzh\/mairie\/wp-content\/uploads\/2026\/03\/liste-des-deliberations-18_12_25.pdf\">Liste des d\u00e9lib\u00e9rations du CM du 18 d\u00e9cembre 2025<\/a><\/span><\/p>\n<p><span style=\"color: #000000;\"><a style=\"color: #000000;\" href=\"https:\/\/ploumilliau.bzh\/mairie\/wp-content\/uploads\/2026\/03\/PV-CM-27-NOVEMBRE2025.pdf\">Proc\u00e8s Verbal du Conseil Municipal du 27 novembre 2025<\/a><\/span><\/p>\n<p><span style=\"color: #333333;\"><a style=\"color: #333333;\" href=\"https:\/\/ploumilliau.bzh\/mairie\/wp-content\/uploads\/2025\/12\/Liste-des-deliberations-25_11_27.pdf\">Liste des d\u00e9lib\u00e9rations du CM du 27 novembre 2025<\/a><\/span><\/p>\n<p><span style=\"color: #000000;\"><a style=\"color: #000000;\" href=\"https:\/\/ploumilliau.bzh\/mairie\/wp-content\/uploads\/2025\/12\/PV-du-25_09_25-signe.pdf\">Proc\u00e8s Verbal du Conseil Municipal du 25 septembre<\/a><\/span><\/p>\n<p><span style=\"color: #333333;\"><a style=\"color: #333333;\" href=\"https:\/\/ploumilliau.bzh\/mairie\/wp-content\/uploads\/2025\/07\/Liste-des-deliberations-du-08-juillet-2025.pdf\">Liste des d\u00e9lib\u00e9rations du CM du 25 septembre 2025<\/a><\/span><\/p>\n<p><span style=\"color: #000000;\"><a style=\"color: #000000;\" href=\"https:\/\/ploumilliau.bzh\/mairie\/wp-content\/uploads\/2025\/12\/PV-CM-25_07_08.pdf\">Proc\u00e8s Verbal du Conseil Municipal du 08 juillet<\/a><\/span><\/p>\n<p><span style=\"color: #333333;\"><a style=\"color: #333333;\" href=\"https:\/\/ploumilliau.bzh\/mairie\/wp-content\/uploads\/2025\/07\/Liste-des-deliberations-du-08-juillet-2025.pdf\">Liste des d\u00e9lib\u00e9rations du CM du 08 juillet 2025<\/a><\/span><\/p>\n<p><span style=\"color: #000000;\"><a style=\"color: #000000;\" href=\"https:\/\/ploumilliau.bzh\/mairie\/wp-content\/uploads\/2025\/07\/proces-verbal-Conseil-Municipal-22-mai-2025.pdf\">Proc\u00e8s Verbal du Conseil Municipal du 22 mai<\/a><\/span><\/p>\n<p><span style=\"color: #333333;\"><a style=\"color: #333333;\" href=\"https:\/\/ploumilliau.bzh\/mairie\/wp-content\/uploads\/2025\/06\/Liste-des-deliberations-du-22-mai-2025.pdf\">Liste des d\u00e9lib\u00e9rations du CM du 22 mai 2025<\/a><\/span><\/p>\n<p><span style=\"color: #000000;\"><a style=\"color: #000000;\" href=\"https:\/\/ploumilliau.bzh\/mairie\/wp-content\/uploads\/2025\/06\/PV-27-mars-2025-signe.pdf\">Proc\u00e8s Verbal du Conseil Municipal du 27 mars<\/a><\/span><\/p>\n<p><span style=\"color: #333333;\"><a style=\"color: #333333;\" href=\"https:\/\/ploumilliau.bzh\/mairie\/wp-content\/uploads\/2025\/06\/liste-des-deliberations-du-27-mars-2025.pdf\">Liste des d\u00e9lib\u00e9rations du CM du 27 mars 2025<\/a><\/span><\/p>\n<p><span style=\"color: #000000;\"><a style=\"color: #000000;\" href=\"https:\/\/ploumilliau.bzh\/mairie\/wp-content\/uploads\/2025\/04\/liste-des-deliberations-CA-20-mars-2025.pdf\"><span style=\"color: #ff6600;\"><em>Caisse des \u00c9coles - Liste des d\u00e9lib\u00e9rations du CA du 20 mars 2025<\/em><\/span><\/a><\/span><\/p>\n<p><span style=\"color: #000000;\"><a style=\"color: #000000;\" href=\"https:\/\/ploumilliau.bzh\/mairie\/wp-content\/uploads\/2025\/04\/PV-CA-Caisse-des-ecoles-20-mars-2025.pdf\"><span style=\"color: #ff6600;\"><em>Caisse des \u00c9coles - Proc\u00e8s Verbal du CA du 20 mars 2025<\/em><\/span><\/a><\/span><\/p>\n<p><span style=\"color: #000000;\"><a style=\"color: #000000;\" href=\"https:\/\/ploumilliau.bzh\/mairie\/wp-content\/uploads\/2025\/06\/PV-30-janvier-signe.pdf\">Proc\u00e8s Verbal du Conseil Municipal du 30 janvier 2025<\/a><\/span><\/p>\n<p><span style=\"color: #333333;\"><a style=\"color: #333333;\" href=\"https:\/\/ploumilliau.bzh\/mairie\/wp-content\/uploads\/2025\/02\/liste-des-deliberations-CM-30_01_2025.pdf\">Liste des d\u00e9lib\u00e9rations du CM du 30 janvier 2025<\/a><\/span><\/p>\n<h1><span style=\"color: #b6bd00;\">ANN\u00c9E 2024<\/span><\/h1>\n<p><span style=\"color: #000000;\"><a style=\"color: #000000;\" href=\"https:\/\/ploumilliau.bzh\/mairie\/wp-content\/uploads\/2025\/02\/proces-verbal-du-28-novembre-2024.pdf\">Proc\u00e8s Verbal du Conseil Municipal du 28 novembre 2024<\/a><\/span><\/p>\n<p><span style=\"color: #000000;\"><a style=\"color: #000000;\" href=\"https:\/\/ploumilliau.bzh\/mairie\/wp-content\/uploads\/2025\/02\/liste-des-deliberations_28_11_24.pdf\">Liste des d\u00e9lib\u00e9rations du CM du 28 novembre 2024<\/a><\/span><\/p>\n<p><span style=\"color: #000000;\"><a style=\"color: #000000;\" href=\"https:\/\/ploumilliau.bzh\/mairie\/wp-content\/uploads\/2024\/12\/PV-Conseil-Municipal-10-octobre-2024.pdf\">Proc\u00e8s Verbal du Conseil Municipal du 10 octobre 2024<\/a><\/span><\/p>\n<p><span style=\"color: #000000;\"><a style=\"color: #000000;\" href=\"https:\/\/ploumilliau.bzh\/mairie\/wp-content\/uploads\/2024\/10\/Liste-des-deliberations-CM-2024_10_10.pdf\">Liste des d\u00e9lib\u00e9rations du CM du 10 octobre 2024<\/a><\/span><\/p>\n<p><span style=\"color: #000000;\"><a style=\"color: #000000;\" href=\"https:\/\/ploumilliau.bzh\/mairie\/wp-content\/uploads\/2024\/06\/PV-CM-24_05_30.pdf\">Proc\u00e8s Verbal du Conseil Municipal du 30 mai 2024<\/a><\/span><\/p>\n<p><span style=\"color: #000000;\"><a style=\"color: #000000;\" href=\"https:\/\/ploumilliau.bzh\/mairie\/wp-content\/uploads\/2024\/06\/liste-des-dleiberations-pour-affichage-et-publication.pdf\">Liste des d\u00e9lib\u00e9rations du CM du 30 mai 2024<\/a><\/span><\/p>\n<p><span style=\"color: #000000;\"><a style=\"color: #000000;\" href=\"https:\/\/ploumilliau.bzh\/mairie\/wp-content\/uploads\/2024\/04\/Liste-des-deliberations-CA-Caisse-des-ecoles-24_03_21.pdf\"><span style=\"color: #ff6600;\"><em>Caisse des \u00c9coles - Liste des d\u00e9lib\u00e9rations du CA du 23 mars 2024<\/em><\/span><\/a><\/span><\/p>\n<p><span style=\"color: #000000;\"><a style=\"color: #000000;\" href=\"https:\/\/ploumilliau.bzh\/mairie\/wp-content\/uploads\/2024\/04\/CR-CA-Caisse-des-ecoles-24_03_21.pdf\"><span style=\"color: #ff6600;\"><em>Caisse des \u00c9coles - Proc\u00e8s Verbal du CA du 23 mars 2024<\/em><\/span><\/a><\/span><\/p>\n<p><span style=\"color: #000000;\"><a style=\"color: #000000;\" href=\"https:\/\/ploumilliau.bzh\/mairie\/wp-content\/uploads\/2024\/04\/PV-CONSIEL-MUNICIPAL-28-MARS.pdf\">Proc\u00e8s Verbal du Conseil Municipal du 28 mars 2024<\/a><\/span><\/p>\n<p><span style=\"color: #000000;\"><a style=\"color: #000000;\" href=\"https:\/\/ploumilliau.bzh\/mairie\/wp-content\/uploads\/2024\/04\/Liste-des-deliberations-CM-2024_03_28.pdf\">Liste des d\u00e9lib\u00e9rations du CM du 28 mars 2024<\/a><\/span><\/p>\n<p><span style=\"color: #000000;\"><a style=\"color: #000000;\" href=\"https:\/\/ploumilliau.bzh\/mairie\/wp-content\/uploads\/2024\/02\/proces-verbal-Conseil-Municipal-08-fevrier-2024.pdf\">Proc\u00e8s Verbal du Conseil Municipal du 08 f\u00e9vrier 2024<\/a><\/span><\/p>\n<p><span style=\"color: #000000;\"><a style=\"color: #000000;\" href=\"https:\/\/ploumilliau.bzh\/mairie\/wp-content\/uploads\/2024\/04\/Liste-des-deliberations-CM-2024_02_08.pdf\">Liste des d\u00e9lib\u00e9rations du CM du 08 f\u00e9vrier 2024<\/a><\/span><\/p>\n<h1><span style=\"color: #b6bd00;\">ANN\u00c9E 2023<\/span><\/h1>\n<p><span style=\"color: #000000;\"><a style=\"color: #000000;\" href=\"https:\/\/ploumilliau.bzh\/mairie\/wp-content\/uploads\/2023\/12\/PV-CM-23_12_07.pdf\">Proc\u00e8s Verbal du Conseil Municipal du 07 d\u00e9cembre 2023<\/a><\/span><\/p>\n<p><span style=\"color: #000000;\"><a style=\"color: #000000;\" href=\"https:\/\/ploumilliau.bzh\/mairie\/wp-content\/uploads\/2023\/12\/Liste-deliberations-CM-23_12_07.pdf\">Liste des d\u00e9lib\u00e9rations du CM du 07 d\u00e9cembre 2023<\/a><\/span><\/p>\n<p><span style=\"color: #000000;\"><a style=\"color: #000000;\" href=\"https:\/\/ploumilliau.bzh\/mairie\/wp-content\/uploads\/2023\/11\/PV-CM-23_11_09.pdf\">Proc\u00e8s Verbal du Conseil Municipal du 9 Novembre 2023<\/a><\/span><\/p>\n<p><span style=\"color: #000000;\"><a style=\"color: #000000;\" href=\"https:\/\/ploumilliau.bzh\/mairie\/wp-content\/uploads\/2023\/11\/Liste-deliberations-CM-23_11_09.pdf\">Liste des d\u00e9lib\u00e9rations du CM du 9 Novembre 2023<\/a><\/span><\/p>\n<p><span style=\"color: #000000;\"><a style=\"color: #000000;\" href=\"https:\/\/ploumilliau.bzh\/mairie\/wp-content\/uploads\/2023\/09\/PV-CM-23_09_07.pdf\">Proc\u00e8s Verbal du Conseil Municipal du 7 septembre 2023<\/a><\/span><\/p>\n<p><span style=\"color: #000000;\"><a style=\"color: #000000;\" href=\"https:\/\/ploumilliau.bzh\/mairie\/wp-content\/uploads\/2023\/09\/Liste-delib.-CM-du-23_09_07.pdf\">Liste des d\u00e9lib\u00e9rations du CM du 07 septembre 2023<\/a><\/span><\/p>\n<p><span style=\"color: #000000;\"><a style=\"color: #000000;\" href=\"https:\/\/ploumilliau.bzh\/mairie\/wp-content\/uploads\/2023\/05\/CM-23_05_11.pdf\">Compte rendu de la s\u00e9ance du 11 mai 2023<\/a><\/span><\/p>\n<p><span style=\"color: #000000;\"><a style=\"color: #000000;\" href=\"https:\/\/ploumilliau.bzh\/mairie\/wp-content\/uploads\/2023\/05\/Liste-deliberations-CM-23_05_11.pdf\">Liste des d\u00e9lib\u00e9rations du CM du 11 mai 2023<\/a><\/span><\/p>\n<p><span style=\"color: #000000;\"><a style=\"color: #000000;\" href=\"https:\/\/ploumilliau.bzh\/mairie\/wp-content\/uploads\/2023\/04\/CR-CM-23_03_23.pdf\">Compte rendu de la s\u00e9ance du 23 mars 2023<\/a><\/span><\/p>\n<p><span style=\"color: #000000;\"><a style=\"color: #000000;\" href=\"https:\/\/ploumilliau.bzh\/mairie\/wp-content\/uploads\/2023\/03\/CR_CDE_16_03_23.pdf\"><span style=\"color: #ff6600;\"><em>Caisse des \u00c9coles - Compte rendu de la s\u00e9ance du CA du 16 mars 2023<\/em><\/span><\/a><\/span><\/p>\n<h1><\/h1>\n<h1><span style=\"color: #b6bd00;\">ANN\u00c9E 2022<\/span><\/h1>\n<p><span style=\"color: #000000;\"><a style=\"color: #000000;\" href=\"https:\/\/ploumilliau.bzh\/mairie\/wp-content\/uploads\/2023\/01\/CR-CM-08_12_22.pdf\">Compte rendu de la s\u00e9ance du 08 d\u00e9cembre 2022<\/a><\/span><\/p>\n<p><span style=\"color: #000000;\"><a style=\"color: #000000;\" href=\"https:\/\/ploumilliau.bzh\/mairie\/wp-content\/uploads\/2022\/11\/CR-CM-22_11_21.pdf\">Compte rendu de la s\u00e9ance du 21 novembre 2022<\/a><\/span><\/p>\n<p><span style=\"color: #000000;\"><a style=\"color: #000000;\" href=\"https:\/\/ploumilliau.bzh\/mairie\/wp-content\/uploads\/2022\/10\/CR-CM-22_09_22.pdf\">Compte rendu de la s\u00e9ance du 22 septembre 2022<\/a><\/span><\/p>\n<p><span style=\"color: #000000;\"><a style=\"color: #000000;\" href=\"https:\/\/ploumilliau.bzh\/mairie\/wp-content\/uploads\/2022\/06\/CR-CM-02_06_2022.pdf\">Compte rendu de la s\u00e9ance du 02 juin 2022<\/a><\/span><\/p>\n<p><span style=\"color: #000000;\"><a style=\"color: #000000;\" href=\"https:\/\/ploumilliau.bzh\/mairie\/wp-content\/uploads\/2022\/05\/CR-CM-PLOUMILLIAU-31-mars-1.pdf\">Compte rendu de la s\u00e9ance du 31 mars 2022<\/a><\/span><\/p>\n<p><span style=\"color: #000000;\"><a style=\"color: #000000;\" href=\"https:\/\/ploumilliau.bzh\/mairie\/wp-content\/uploads\/2022\/05\/CR-CM-030222-2.pdf\">Compte rendu de la s\u00e9ance du 03 f\u00e9vrier 2022<\/a><\/span><\/p>\n<h1><\/h1>\n<h1><span style=\"color: #b6bd00;\">ANN\u00c9E 2021<\/span><\/h1>\n<p><span style=\"color: #000000;\"><a style=\"color: #000000;\" href=\"https:\/\/ploumilliau.bzh\/mairie\/wp-content\/uploads\/2022\/02\/CR-CONSEIL-MUNICIPAL-02_12-1.pdf\">Compte rendu de la s\u00e9ance du 02 d\u00e9cembre 2021<\/a><\/span><\/p>\n<p><span style=\"color: #000000;\"><a style=\"color: #000000;\" href=\"https:\/\/ploumilliau.bzh\/mairie\/wp-content\/uploads\/2022\/02\/CR-CONSEIL-MUNICIPAL-14_10-1.pdf\">Compte rendu de la s\u00e9ance du 14 octobre 2021<\/a><\/span><\/p>\n<p><span style=\"color: #000000;\"><a style=\"color: #000000;\" href=\"https:\/\/ploumilliau.bzh\/mairie\/wp-content\/uploads\/2021\/09\/CR-CONSEIL-MUNICIPAL-1.pdf\">Compte rendu de la s\u00e9ance du 09 septembre 2021<\/a><\/span><\/p>\n<p><a href=\"https:\/\/ploumilliau.bzh\/mairie\/wp-content\/uploads\/2021\/06\/CR-CONSEIL-MUNICIPAL-1.pdf\"><span style=\"color: #000000;\">Compte rendu de la s\u00e9ance du 17 juin 2021<\/span><\/a><\/p>\n<p><a href=\"https:\/\/ploumilliau.bzh\/mairie\/wp-content\/uploads\/2021\/05\/CR-CM-22-avril-2021-5.pdf\"><span style=\"color: #000000;\">Compte rendu de la s\u00e9ance du 22 avril 2021<\/span><\/a><\/p>\n<p><a href=\"https:\/\/ploumilliau.bzh\/mairie\/wp-content\/uploads\/2021\/05\/Compte-Rendu-CM-du-18-mars-2021.pdf\"><span style=\"color: #000000;\">Compte rendu de la s\u00e9ance 18 mars 2021<\/span><\/a><\/p>\n<p><a href=\"https:\/\/ploumilliau.bzh\/mairie\/wp-content\/uploads\/2021\/03\/Compte-rendu-Conseil-Municipal-18-fevrier-20212.pdf\"><span style=\"color: #000000;\">Compte rendu de la s\u00e9ance du 18 f\u00e9vrier 2021<\/span><\/a><\/p>\n<p><a href=\"http:\/\/ploumilliau.bzh\/mairie\/wp-content\/uploads\/2021\/02\/CR-CONSEIL-MUNICIPAL-28-FEVRIER-2021.pdf\"><span style=\"color: #000000;\">Compte rendu de la s\u00e9ance du 28 janvier 2021<\/span><\/a><\/p>\n<h1><\/h1>\n<h1><span style=\"color: #b6bd00;\">ANN\u00c9E 2020<\/span><\/h1>\n<p><a href=\"http:\/\/ploumilliau.bzh\/mairie\/compte-rendu-cm-du-17_12_20\/\"><span style=\"color: #000000;\">Compte rendu de la s\u00e9ance du 17 d\u00e9cembre 2020<\/span><\/a><\/p>\n<p><a href=\"http:\/\/ploumilliau.bzh\/mairie\/wp-content\/uploads\/2020\/11\/cr_cm_221020.pdf\"><span style=\"color: #000000;\">Compte rendu de la s\u00e9ance du 22 octobre 2020<\/span><\/a><\/p>\n<p><span style=\"color: #000000;\"><a href=\"http:\/\/ploumilliau.bzh\/mairie\/wp-content\/uploads\/2020\/10\/compte-rendu-cm.pdf\"><span style=\"color: #000000;\">Compte rendu de la s\u00e9ance du 16 septembre 2020<\/span><\/a><\/span><\/p>\n<p><a href=\"http:\/\/ploumilliau.bzh\/mairie\/wp-content\/uploads\/2020\/07\/compte-rendu-du-15.7.2020.pdf\"><span style=\"color: #000000;\">Compte rendu de la s\u00e9ance du 15 juillet 2020<\/span><\/a><\/p>\n<p><a href=\"http:\/\/ploumilliau.bzh\/mairie\/wp-content\/uploads\/2020\/07\/compte-rendu-du-10.07.2020.pdf\"><span style=\"color: #000000;\">Compte rendu de la s\u00e9ance du 10 juillet 2020<\/span><\/a><\/p>\n<p><a href=\"http:\/\/ploumilliau.bzh\/mairie\/wp-content\/uploads\/2020\/07\/CM-25.06.2020-site.pdf\"><span style=\"color: #000000;\">Compte rendu de la s\u00e9ance du 25 juin\u00a0 2020<\/span><\/a><\/p>\n<p><a href=\"http:\/\/ploumilliau.bzh\/mairie\/wp-content\/uploads\/2020\/07\/CM-04.6.2020-site.pdf\"><span style=\"color: #000000;\">Compte rendu de la s\u00e9ance du 04 juin 2020<\/span><\/a><\/p>\n<p><a href=\"http:\/\/ploumilliau.bzh\/mairie\/wp-content\/uploads\/2020\/07\/CM-24.5.2020-site.pdf\"><span style=\"color: #000000;\">Compte rendu de la s\u00e9ance du 24 mai 2020<\/span><\/a><\/p>\n<p><a href=\"http:\/\/ploumilliau.bzh\/mairie\/wp-content\/uploads\/2020\/03\/Compte-rendu.pdf\"><span style=\"color: #000000;\">Compte rendu de la s\u00e9ance du 27 f\u00e9vrier 2020<\/span><\/a><\/p>\n<p><a href=\"http:\/\/ploumilliau.bzh\/mairie\/wp-content\/uploads\/2020\/01\/Compte-rendu.pdf\"><span style=\"color: #000000;\">Compte rendu de la s\u00e9ance du 16 janvier 2020<\/span><\/a><\/p>\n<h1><\/h1>\n<h1><span style=\"color: #b6bd00;\">ANN\u00c9E 2019<\/span><\/h1>\n<p><a href=\"http:\/\/ploumilliau.bzh\/mairie\/wp-content\/uploads\/2019\/12\/Compte-rendu.pdf\"><span style=\"color: #000000;\">Compte rendu de la s\u00e9ance du 19 d\u00e9cembre 2019<\/span><\/a><\/p>\n<p><span style=\"color: #000000;\"><a style=\"color: #000000;\" href=\"http:\/\/ploumilliau.bzh\/mairie\/wp-content\/uploads\/2019\/12\/SKM_C25819120518110.pdf\">Compte rendu de la s\u00e9ance du 28 novembre 2019<\/a><\/span><\/p>\n<p><span style=\"color: #000000;\"><a style=\"color: #000000;\" href=\"http:\/\/ploumilliau.bzh\/mairie\/wp-content\/uploads\/2019\/10\/Compte-rendu-1.pdf\">Compte rendu de la s\u00e9ance du 17 octobre 2019<\/a><\/span><\/p>\n<p><a href=\"http:\/\/ploumilliau.bzh\/mairie\/wp-content\/uploads\/2019\/10\/Compte-rendu.pdf\"><span style=\"color: #000000;\"><span style=\"color: #303000;\">Compte rendu de la s\u00e9ance du 5 septembre 2019<\/span><\/span><\/a><\/p>\n<p><span style=\"color: #303000;\"><a style=\"color: #303000;\" href=\"http:\/\/ploumilliau.bzh\/mairie\/wp-content\/uploads\/2019\/07\/Compte-rendu.pdf\">Compte rendu de la s\u00e9ance du 1er juillet 2019<\/a><\/span><\/p>\n<p><span style=\"color: #303000;\"><a style=\"color: #303000;\" href=\"http:\/\/ploumilliau.bzh\/mairie\/wp-content\/uploads\/2019\/05\/Compte-rendu.pdf\">Compte rendu de la s\u00e9ance du 23 mai 2019<\/a><\/span><\/p>\n<p><span style=\"color: #303000;\"><a style=\"color: #303000;\" href=\"http:\/\/ploumilliau.bzh\/mairie\/wp-content\/uploads\/2019\/04\/Compte-rendu-1.pdf\">Compte rendu de la s\u00e9ance du 11 avril 2019<\/a><\/span><\/p>\n<p><span style=\"color: #303000;\"><a style=\"color: #303000;\" href=\"http:\/\/ploumilliau.bzh\/mairie\/wp-content\/uploads\/2019\/04\/Compte-rendu.pdf\">Compte rendu de la s\u00e9ance du 28 mars 2019<\/a><\/span><\/p>\n<p><span style=\"color: #303000;\"><a style=\"color: #303000;\" href=\"http:\/\/ploumilliau.bzh\/mairie\/wp-content\/uploads\/2019\/03\/SKM_C25819030512280.pdf\">Compte rendu de la s\u00e9ance du 28 f\u00e9vrier 2019<\/a><\/span><\/p>\n<h1><\/h1>\n<h1><span style=\"color: #b6bd00;\">ANN\u00c9E 2018<\/span><\/h1>\n<p><span style=\"color: #303000;\"><a style=\"color: #303000;\" href=\"http:\/\/ploumilliau.bzh\/mairie\/wp-content\/uploads\/2018\/12\/Compte-rendu-1.pdf\">Compte rendu de la s\u00e9ance du 20 d\u00e9cembre 2018<\/a><\/span><\/p>\n<p><span style=\"color: #303000;\"><a style=\"color: #303000;\" href=\"http:\/\/ploumilliau.bzh\/mairie\/wp-content\/uploads\/2018\/12\/Compte-rendu.pdf\">Compte rendu de la s\u00e9ance du 29 novembre 2018<\/a><\/span><\/p>\n<p><span style=\"color: #303000;\"><a style=\"color: #303000;\" href=\"http:\/\/ploumilliau.bzh\/mairie\/wp-content\/uploads\/2018\/10\/Compte-rendu-1.pdf\">Compte rendu de la s\u00e9ance du 25 octobre 2018<\/a><\/span><\/p>\n<p><span style=\"color: #303000;\"><a style=\"color: #303000;\" href=\"http:\/\/ploumilliau.bzh\/mairie\/wp-content\/uploads\/2018\/09\/Compte-rendu-1-1.pdf\">Compte rendu de la s\u00e9ance du 6 septembre 2018<\/a><\/span><\/p>\n<p><span style=\"color: #303000;\"><a style=\"color: #303000;\" href=\"http:\/\/ploumilliau.bzh\/mairie\/wp-content\/uploads\/2018\/07\/Compte-rendu.pdf\">Compte rendu de la s\u00e9ance du 12 juillet 2018<\/a><\/span><\/p>\n<p><span style=\"color: #303000;\"><a style=\"color: #303000;\" href=\"http:\/\/ploumilliau.bzh\/mairie\/wp-content\/uploads\/2018\/06\/registre-1.pdf\">Compte rendu de la s\u00e9ance du 31 mai 2018<\/a><\/span><\/p>\n<p><span style=\"color: #333333;\"><a style=\"color: #333333;\" href=\"http:\/\/ploumilliau.bzh\/mairie\/wp-content\/uploads\/2018\/04\/registre-1.pdf\">Compte rendu de la s\u00e9ance du 19 avril 2018<\/a><\/span><\/p>\n<p><span style=\"color: #303030;\"><a style=\"color: #303030;\" href=\"http:\/\/ploumilliau.bzh\/mairie\/wp-content\/uploads\/2018\/04\/Compte-rendu.pdf\">Compte rendu de la s\u00e9ance du 29 mars 2018<\/a><\/span><\/p>\n","protected":false},"excerpt":{"rendered":"<p>ANN\u00c9E 2026 Caisse des \u00c9coles - Liste des d\u00e9lib\u00e9rations du CA du 06 mars 2026 Caisse des \u00c9coles - Proc\u00e8s Verbal du CA du 06 mars 2026 Liste des d\u00e9lib\u00e9rations du CM du 12 f\u00e9vrier 2026 ANN\u00c9E 2025 Proc\u00e8s Verbal du Conseil Municipal du 18 d\u00e9cembre 2025 Liste des d\u00e9lib\u00e9rations du CM du 18 d\u00e9cembre 2025 Proc\u00e8s Verbal du Conseil&nbsp;<a href=\"https:\/\/ploumilliau.bzh\/mairie\/comptes-rendus-de-conseils-municipaux\/\" class=\"read-more\">Lire la suite<\/a><\/p>\n","protected":false},"author":2,"featured_media":0,"parent":0,"menu_order":0,"comment_status":"closed","ping_status":"closed","template":"","meta":[],"_links":{"self":[{"href":"https:\/\/ploumilliau.bzh\/mairie\/wp-json\/wp\/v2\/pages\/1036"}],"collection":[{"href":"https:\/\/ploumilliau.bzh\/mairie\/wp-json\/wp\/v2\/pages"}],"about":[{"href":"https:\/\/ploumilliau.bzh\/mairie\/wp-json\/wp\/v2\/types\/page"}],"author":[{"embeddable":true,"href":"https:\/\/ploumilliau.bzh\/mairie\/wp-json\/wp\/v2\/users\/2"}],"replies":[{"embeddable":true,"href":"https:\/\/ploumilliau.bzh\/mairie\/wp-json\/wp\/v2\/comments?post=1036"}],"version-history":[{"count":144,"href":"https:\/\/ploumilliau.bzh\/mairie\/wp-json\/wp\/v2\/pages\/1036\/revisions"}],"predecessor-version":[{"id":4790,"href":"https:\/\/ploumilliau.bzh\/mairie\/wp-json\/wp\/v2\/pages\/1036\/revisions\/4790"}],"wp:attachment":[{"href":"https:\/\/ploumilliau.bzh\/mairie\/wp-json\/wp\/v2\/media?parent=1036"}],"curies":[{"name":"wp","href":"https:\/\/api.w.org\/{rel}","templated":true}]}}