{"id":1404,"date":"2018-11-15T10:22:31","date_gmt":"2018-11-15T09:22:31","guid":{"rendered":"http:\/\/ploumilliau.bzh\/mairie\/?page_id=1404"},"modified":"2025-09-01T14:13:38","modified_gmt":"2025-09-01T12:13:38","slug":"subventions","status":"publish","type":"page","link":"https:\/\/ploumilliau.bzh\/mairie\/subventions\/","title":{"rendered":"Subventions"},"content":{"rendered":"<h1><img loading=\"lazy\" class=\"alignnone size-full wp-image-476\" src=\"http:\/\/ploumilliau.bzh\/mairie\/wp-content\/uploads\/2018\/12\/associations.jpg\" alt=\"associations\" width=\"762\" height=\"200\" \/><span style=\"color: #bdb600;\">Demande de subvention<\/span><\/h1>\n<p>La commune de Ploumilliau propose des subventions aux associations.<\/p>\n<p>Un nouveau r\u00e8glement et un nouveau formulaire de demande ont \u00e9t\u00e9 mis en place depuis le 1\u00a0janvier 2019. Toutes les associations devront utiliser ce formulaire pour leur demande de subvention.<\/p>\n<p>La demande de subvention doit \u00eatre adress\u00e9e \u00e0 Monsieur Le Maire pour le 31 janvier de chaque ann\u00e9e, d\u00e9lai en vigueur.<\/p>\n<ul>\n<li><strong><strong><span style=\"color: #b6bd00;\">DOSSIER DE SUBVENTION\u00a0<a href=\"https:\/\/ploumilliau.bzh\/mairie\/wp-content\/uploads\/2025\/09\/DOSSIER-SUBVENTION.pdf\"><img loading=\"lazy\" class=\"alignnone wp-image-1152 size-full\" title=\"https:\/\/ploumilliau.bzh\/mairie\/wp-content\/uploads\/2025\/09\/DOSSIER-SUBVENTION.pdf\" src=\"https:\/\/ploumilliau.bzh\/mairie\/wp-content\/uploads\/2018\/05\/PDF-blanc-e1530090938812.jpg\" alt=\"\" width=\"30\" height=\"30\" \/><\/a><\/span><\/strong><\/strong><\/li>\n<\/ul>\n<ul>\n<li><strong><span style=\"color: #b6bd00;\">R\u00c8GLEMENT\u00a0<a href=\"http:\/\/ploumilliau.bzh\/mairie\/wp-content\/uploads\/2018\/12\/REGLEMENT-SUBVENTION.pdf\"><img loading=\"lazy\" class=\"alignnone wp-image-1152 size-full\" src=\"http:\/\/ploumilliau.bzh\/mairie\/wp-content\/uploads\/2018\/05\/PDF-blanc-e1530090938812.jpg\" alt=\"\" width=\"30\" height=\"30\" \/><\/a><\/span><\/strong><\/li>\n<\/ul>\n","protected":false},"excerpt":{"rendered":"<p>Demande de subvention La commune de Ploumilliau propose des subventions aux associations. Un nouveau r\u00e8glement et un nouveau formulaire de demande ont \u00e9t\u00e9 mis en place depuis le 1\u00a0janvier 2019. Toutes les associations devront utiliser ce formulaire pour leur demande de subvention. La demande de subvention doit \u00eatre adress\u00e9e \u00e0 Monsieur Le Maire pour le 31 janvier de chaque ann\u00e9e,&nbsp;<a href=\"https:\/\/ploumilliau.bzh\/mairie\/subventions\/\" class=\"read-more\">Lire la suite<\/a><\/p>\n","protected":false},"author":2,"featured_media":0,"parent":0,"menu_order":0,"comment_status":"closed","ping_status":"closed","template":"","meta":[],"_links":{"self":[{"href":"https:\/\/ploumilliau.bzh\/mairie\/wp-json\/wp\/v2\/pages\/1404"}],"collection":[{"href":"https:\/\/ploumilliau.bzh\/mairie\/wp-json\/wp\/v2\/pages"}],"about":[{"href":"https:\/\/ploumilliau.bzh\/mairie\/wp-json\/wp\/v2\/types\/page"}],"author":[{"embeddable":true,"href":"https:\/\/ploumilliau.bzh\/mairie\/wp-json\/wp\/v2\/users\/2"}],"replies":[{"embeddable":true,"href":"https:\/\/ploumilliau.bzh\/mairie\/wp-json\/wp\/v2\/comments?post=1404"}],"version-history":[{"count":17,"href":"https:\/\/ploumilliau.bzh\/mairie\/wp-json\/wp\/v2\/pages\/1404\/revisions"}],"predecessor-version":[{"id":4650,"href":"https:\/\/ploumilliau.bzh\/mairie\/wp-json\/wp\/v2\/pages\/1404\/revisions\/4650"}],"wp:attachment":[{"href":"https:\/\/ploumilliau.bzh\/mairie\/wp-json\/wp\/v2\/media?parent=1404"}],"curies":[{"name":"wp","href":"https:\/\/api.w.org\/{rel}","templated":true}]}}