{"id":1407,"date":"2018-11-15T10:25:01","date_gmt":"2018-11-15T09:25:01","guid":{"rendered":"http:\/\/ploumilliau.bzh\/mairie\/?page_id=1407"},"modified":"2025-09-04T11:03:02","modified_gmt":"2025-09-04T09:03:02","slug":"associations-2","status":"publish","type":"page","link":"https:\/\/ploumilliau.bzh\/mairie\/associations-2\/","title":{"rendered":"Les associations"},"content":{"rendered":"\n<h1><mark style=\"background-color:rgba(0, 0, 0, 0)\" class=\"has-inline-color has-luminous-vivid-orange-color\">Location de mat\u00e9riels<\/mark><\/h1>\n\n\n\n<p>Afin de nous permettre d'anticiper les entr\u00e9es et sorties de mat\u00e9riels, merci de bien vouloir t\u00e9l\u00e9charger et compl\u00e9ter le document ci-dessous et de nous l'adresser au minimum 4 semaines avant l'\u00e9v\u00e8nement.<\/p>\n\n\n\n<p style=\"font-size:30px\"><a href=\"https:\/\/ploumilliau.bzh\/mairie\/wp-content\/uploads\/2024\/09\/Formulaire-de-reservation-de-materiels-2024-V2.pdf\"><strong><mark style=\"background-color:rgba(0, 0, 0, 0)\" class=\"has-inline-color has-vivid-cyan-blue-color\">Formulaire de r\u00e9servation de mat\u00e9riels<\/mark><\/strong><\/a><\/p>\n\n\n<h1><img loading=\"lazy\" class=\"alignnone size-full wp-image-476\" src=\"http:\/\/ploumilliau.bzh\/mairie\/wp-content\/uploads\/2018\/12\/associations.jpg\" alt=\"associations\" width=\"762\" height=\"200\" \/><\/h1>\n<h6>Guide des associations \u00e0 t\u00e9l\u00e9charger<span style=\"color: #b6bd00;\"> :\u00a0Guide des Associations - <\/span><span style=\"color: #ff0000;\">Modifications \u00e0 venir apr\u00e8s la rentr\u00e9e 2025\/2026<\/span><\/h6>\n<p>\u00a0<\/p>\n<h1><span style=\"color: #bdb600;\">Animation <\/span><span style=\"font-size: 11px; color: #bdb600;\">\u00a0<\/span><\/h1>\n<ul>\n<li><span style=\"color: #0000ff;\"><strong>COMIT\u00c9 DES F\u00caTES DE PLOUMILLIAU<\/strong> <\/span>- <strong>Mika\u00ebl LAIZET<\/strong> - 13, Pors Ar Goff - 22300 Ploumilliau - 06 01 32 38 92 \/ 06 50 32 24 60 - laizet.mikael@gmail.com<\/li>\n<li><span style=\"color: #0000ff;\"><strong>COMIT\u00c9 DES F\u00caTES DE KERAODI<\/strong> <\/span>- Mme Moal-Qu\u00e9r\u00e9 - Ploumilliau - 06 88 55 55 43 - cfkeraudy@gmail.com<\/li>\n<li><span style=\"color: #0000ff;\"><strong>TUD EVURUZ<\/strong><\/span> - EHPAD Ploumilliau - <strong>Mme Duigou<\/strong> - R\u00e9sidence Steredenn - 02 96 35 45 92 - direction@residence.steredenn.fr<\/li>\n<li><span style=\"color: #0000ff;\"><strong>LES AMIS DU HAMEAU DE CHRIST<\/strong><\/span><br \/><strong>Anne-Marie PASTOL<\/strong> - Kerifin Huellan- 22300 Ploumilliau - 02 96 35 27 89 \/ 06 09 59 63 91 - pastol.amarie@orange.fr - <span style=\"color: #ff9900;\"><a style=\"color: #ff9900;\" href=\"http:\/\/hameaudechrist.olympe.in\/\" target=\"_blank\" rel=\"noopener noreferrer\">Site internet<\/a><\/span><\/li>\n<li><span style=\"color: #0000ff;\"><strong>COMIT\u00c9 DE JUMELAGE PLOUMILLIAU-ASSON<\/strong><\/span><br \/><strong>Daniel LE MORVAN<\/strong> - 17 Le Rest - 22300 Ploumilliau - 02 96 35 46 80<\/li>\n<\/ul>\n<div class=\"hr\">\u00a0<\/div>\n<h1><span style=\"color: #bdb600;\">Education <\/span><span style=\"font-size: 11px; color: #bdb600;\">\u00a0<\/span><\/h1>\n<ul>\n<li><span style=\"color: #0000ff;\"><strong>AMICALE LA\u00cfQUE<\/strong><\/span> - <strong>Guillaume JACOB<\/strong> - 06 10 22 19 21 \/ <strong>Sandrine CARN<\/strong> - 06 85 65 13 99 - ploumilliauamicalelaique@gmail.com - <a href=\"https:\/\/www.facebook.com\/groups\/amicalelaiqueploum\/\"><img loading=\"lazy\" class=\"alignnone\" src=\"https:\/\/ploumilliau.bzh\/mairie\/wp-content\/plugins\/simple-share-buttons-adder\/buttons\/plain\/facebook.png\" alt=\"Share on Facebook\" width=\"23\" height=\"23\" \/><\/a><\/li>\n<li><span style=\"color: #0000ff;\"><strong>APEL<\/strong><\/span> - Association des Parents d\u2019\u00c9l\u00e8ves de l'\u00e9cole priv\u00e9e Notre-Dame - <strong>K\u00e9vin \u00c9TIENNE<\/strong>\u00a0- 22, route de la Croix Rouge - 22300 Ploumilliau - 06.85.68.24.59 - <span style=\"color: #ff9900;\"><a style=\"color: #ff9900;\" href=\"http:\/\/ploumecole.over-blog.com\/\" target=\"_blank\" rel=\"noopener noreferrer\">Site internet<\/a><\/span><\/li>\n<li><span style=\"color: #0000ff;\"><strong>OGEC<\/strong><\/span> - Organisme de Gestion des \u00c9coles Catholiques, gestionnaire de l'\u00e9cole priv\u00e9e Notre-Dame - <strong>Lionel TALGUEN<\/strong> - 19 Coz Douar - 06.15.23.25.58 - <span style=\"color: #ff9900;\"><a style=\"color: #ff9900;\" href=\"http:\/\/ploumecole.over-blog.com\/\" target=\"_blank\" rel=\"noopener noreferrer\">Site internet<\/a><\/span><\/li>\n<\/ul>\n<div class=\"hr\">\u00a0<\/div>\n<h1><span style=\"color: #bdb600;\">Solidarit\u00e9 <\/span><span style=\"font-size: 11px; color: #bdb600;\">\u00a0<\/span><\/h1>\n<ul>\n<li><span style=\"color: #0000ff;\"><strong>DON DU SANG<\/strong><\/span> - <strong>Daniel LE MORVAN<\/strong> - 17 Le Rest - 22300 Ploumilliau - 02 96 35 46 80 - <span style=\"color: #ff9900;\"><a style=\"color: #ff9900;\" href=\"http:\/\/plestin_les_greves.ffdsb.org\/\" target=\"_blank\" rel=\"noopener noreferrer\">Site internet<\/a><\/span><\/li>\n<li><span style=\"color: #0000ff;\"><strong>DON D'ORGANES 22<\/strong><\/span> - <strong>Herv\u00e9 LE SERRE<\/strong> - <span style=\"color: #ff9900;\"><a style=\"color: #ff9900;\" href=\"http:\/\/www.france-adot.org\/\" target=\"_blank\" rel=\"noopener noreferrer\">Site internet<\/a><\/span><\/li>\n<li><span style=\"color: #0000ff;\"><strong>SECOURS POPULAIRE<\/strong><\/span> - <strong>Anne-Marie BLANCHARD<\/strong> - Gwernivinig - 22300 Ploumilliau - 02 96 35 30 49<\/li>\n<li><span style=\"color: #0000ff;\"><strong>FNACA<\/strong><\/span> (Anciens Combattants) - <strong>Jean BRICQUER<\/strong> - 6 rue de l\u2019esp\u00e9rance - 22300 Ploumilliau - 02 96 35 44 54<\/li>\n<li><span style=\"color: #0000ff;\"><strong>AMICALE DES EMPLOY\u00c9S COMMUNAUX<\/strong><\/span> - Mairie - 22300 Ploumilliau - 06 70 24 86 39<\/li>\n<\/ul>\n<div class=\"hr\">\u00a0<\/div>\n<h1><span style=\"color: #bdb600;\">Sports <\/span><span style=\"font-size: 11px; color: #bdb600;\">\u00a0<\/span><\/h1>\n<ul>\n<li><span style=\"color: #b6bd00;\"><strong>ASSOCIATION SPORTIVE DE PLOUMILLIAU<\/strong><\/span><br \/><strong><span style=\"color: #b6bd00;\">ASP - Football<\/span><\/strong><br \/><strong>Mathieu TURPIN<\/strong> -Woas Wen - 22300 Ploumilliau - 06 31 45 23 96<br \/><strong><span style=\"color: #b6bd00;\">ASP - Handball<\/span><\/strong><br \/><strong>S\u00e9bastien HENRY<\/strong> - Kozhker Izelan - 22300 Ploumilliau - 02 96 37 04 62 \/ 06 87 93 53 47 - henry.sebastien@free.fr<br \/><strong><span style=\"color: #b6bd00;\">ASP - Tennis<\/span><\/strong><br \/><strong>Julien GOUEC<\/strong> - 17, rue du Yaudet - 22300 Ploulec'h - 06 45 58 18 65 - gouecjulien@yahoo.fr<\/li>\n<li><strong><span style=\"color: #b6bd00;\">ASP - Danse-Fitness<\/span><\/strong><br \/><strong>Nathalie KERGOAT-GOURIOU<\/strong>\u00a0- 1, place de l'\u00c9glise - 22300 Ploumilliau - 06 66 69 43 10 - aspgymdanse@gmail.com - <a href=\"http:\/\/facebook.com\/aspgymdanseploumilliau\"><img loading=\"lazy\" class=\"alignnone\" src=\"https:\/\/ploumilliau.bzh\/mairie\/wp-content\/plugins\/simple-share-buttons-adder\/buttons\/plain\/facebook.png\" alt=\"Share on Facebook\" width=\"23\" height=\"23\" \/><\/a><\/li>\n<li><strong><span style=\"color: #b6bd00;\">Running des Bruy\u00e8res<\/span><\/strong><br \/><strong>C\u00e9dric PERON<\/strong> - Mairie de Ploumilliau - 22300 Ploumilliau - 06 11 26 60 06 - <span style=\"color: #000000;\">runningdesbruy\u00e8res@hotmail.com<\/span> - <a href=\"https:\/\/www.facebook.com\/people\/Running-Des-Bruyeres\/100013925403520\/\"><img loading=\"lazy\" class=\"alignnone\" src=\"https:\/\/ploumilliau.bzh\/mairie\/wp-content\/plugins\/simple-share-buttons-adder\/buttons\/plain\/facebook.png\" alt=\"Share on Facebook\" width=\"23\" height=\"23\" \/><\/a><\/li>\n<li><strong><span style=\"color: #b6bd00;\">Cyclos des Bruy\u00e8res<\/span><\/strong><br \/><strong>Jean-Pierre STEPHAN<\/strong> - 22300 Ploumilliau - 06 81 40 31 34 - <span style=\"color: #b6bd00;\"><span style=\"color: #000000;\">stephan.jpierre@yahoo.fr<\/span><\/span><\/li>\n<li><strong><span style=\"color: #b6bd00;\">V\u00e9lo Sport Milliautais<\/span><\/strong><br \/><strong>\u00c9ric PERROT<\/strong> - 7 Convenant Meudic - 22300 Lannion - 06 04 15 80 91<\/li>\n<li><strong><span style=\"color: #b6bd00;\">EAT - Athl\u00e9tisme<\/span><\/strong><br \/><strong>Marie-Laure GUILLEMOT-DECREPS<\/strong> - 4 rue de la Lieue de Gr\u00e8ve - 22300 Ploumilliau - 02 96 35 31 13<\/li>\n<li><strong><span style=\"color: #b6bd00;\">ARCHERS DE LA C\u00d4TE DES BRUY\u00c8RES<\/span><\/strong> -<br \/><strong>Christophe MONMENCEAU<\/strong> - 06 50 80 23 25 \/ Sylvaine TURLUCHE - 06 63 05 71 10 - <span style=\"color: #000000;\">contact@archerscotebruyeres.bzh<\/span> - <span style=\"color: #ff9900;\"><a style=\"color: #ff9900;\" href=\"http:\/\/www.archerscotebruyeres.bzh\/\" target=\"_blank\" rel=\"noopener noreferrer\">Site internet<\/a><\/span><\/li>\n<li><strong><span style=\"color: #b6bd00;\">LIONS Basket Tr\u00e9gor<br \/><\/span><\/strong><b>Elfriede PRIGENT<\/b> - 06 64 31 39 29 - ppbc77@yahoo.com - <a href=\"http:\/\/facebook.com\/Ploumilliau Ploubezre Basket Club\" data-wplink-url-error=\"true\"><img loading=\"lazy\" class=\"alignnone\" src=\"https:\/\/ploumilliau.bzh\/mairie\/wp-content\/plugins\/simple-share-buttons-adder\/buttons\/plain\/facebook.png\" alt=\"Share on Facebook\" width=\"23\" height=\"23\" \/><\/a><\/li>\n<li><strong><span style=\"color: #b6bd00;\">Association YOGA DYNAMIE<br \/><\/span>Marielle ANDR\u00c9<\/strong> - rue Saint Cado - 22300 Ploumilliau - 06 61 85 65 97<\/li>\n<li><strong><span style=\"color: #b6bd00;\">Kaeng Armado Bro Dreger<br \/><\/span>J\u00e9r\u00f4me ASTIER<\/strong> - 5, All\u00e9e des Roses - 22300 Lannion - 06 60 98 55 65 - <span style=\"color: #000000;\">nbktregor@gmail.com<\/span> - <a href=\"http:\/\/facebook.com\/kaengarmadobd\"><img loading=\"lazy\" class=\"alignnone\" src=\"https:\/\/ploumilliau.bzh\/mairie\/wp-content\/plugins\/simple-share-buttons-adder\/buttons\/plain\/facebook.png\" alt=\"Share on Facebook\" width=\"23\" height=\"23\" \/><\/a><\/li>\n<li><strong><span style=\"color: #b6bd00;\">Ploumilliau Badminton Club<br \/><\/span><\/strong><b>Olivier SAMSON<\/b> - Ploumilliau - 06 20 98 83 70 - ol.samson@wanadoo.fr<\/li>\n<li>\u00a0<\/li>\n<\/ul>\n<div class=\"hr\">\u00a0<\/div>\n<h1><span style=\"color: #bdb600;\">Environnement\u00a0<\/span><span style=\"font-size: 11px; color: #bdb600;\">\u00a0<\/span><\/h1>\n<ul>\n<li><strong><span style=\"color: #b6bd00;\">HENTOU KOZH<\/span><\/strong> - Association de randonneurs et d\u2019\u00e9tude du patrimoine local<br \/><strong>Nadine SEVENNEC<\/strong> - 1 Impasse Kervranguen - 22300 Ploulec'h - 06 80 04 51 92 - <span style=\"color: #ff9900;\"><a style=\"color: #ff9900;\" href=\"http:\/\/hentoukozh.asso-web.com\" target=\"_blank\" rel=\"noopener noreferrer\">Site internet<\/a><\/span> - nadine.sevennec@free.fr<\/li>\n<li><strong><span style=\"color: #b6bd00;\">ASSOCIATION COMMUNALE DE CHASSE AGR\u00c9\u00c9E<\/span><\/strong><br \/><strong>LE GALL Beno\u00eet<\/strong> - Local des Chasseurs - Le Clandy - 22300 Ploumilliau - 07 82 20 73 50<\/li>\n<li><strong><span style=\"color: #b6bd00;\">CLUB CANIN DE LA C\u00d4TE DES BRUY\u00c8RES<\/span><\/strong> - Poncho\u00f9 Mein - 22300 Ploumilliau - 02 96 35 44 59 \/ 06 71 13 75 08<\/li>\n<li><strong><span style=\"color: #b6bd00;\">PONEY-CLUB DE KERBORIOU<\/span><\/strong> - Christ - 22300 Ploumilliau - 02 96 35 25 38 \/ 06 62 31 35 23 - <span style=\"color: #ff9900;\"><a style=\"color: #ff9900;\" href=\"http:\/\/www.poneyclubdekerboriou.ffe.com\/\" target=\"_blank\" rel=\"noopener noreferrer\">Site internet<\/a><\/span><\/li>\n<\/ul>\n<div class=\"hr\">\u00a0<\/div>\n<h1><span style=\"color: #bdb600;\">Activit\u00e9s artistiques\u00a0<\/span><span style=\"font-size: 11px; color: #bdb600;\">\u00a0<\/span><\/h1>\n<ul>\n<li><strong><span style=\"color: #b6bd00;\">D\u00e9couv' images22<\/span><\/strong> - <strong>Bernard BARR\u00c9<\/strong> - 10 rue du ruisseau du Rossignol - 22310 Plestin les Gr\u00e8ves - 07 71 01 24 01 - decouvimages22@gmail.com - <span style=\"color: #ff9900;\"><a style=\"color: #ff9900;\" href=\"http:\/\/d\u00e9couvimages22.fr\" target=\"_blank\" rel=\"noopener noreferrer\">Site internet<\/a><\/span><\/li>\n<li><strong><span style=\"color: #b6bd00;\">PLOUM INFORMATIK<\/span><\/strong> - <strong>Marie Philom\u00e8ne LE CARLUER<\/strong> - 18, rue St Cado - 22300 Ploumilliau - 06 13 42 45 70 - marie-philomene.lecarluer@neuf.fr<\/li>\n<li><strong><span style=\"color: #b6bd00;\">DANSES BRETONNES<\/span><\/strong> - <strong>R\u00e9my MOSSER<\/strong> - 23 route du Rest - 22300 Ploumilliau - 02 96 35 36 51 \/ 07 77 06 11 81<\/li>\n<li><strong><span style=\"color: #b6bd00;\">A.V.A.L Treger (Atelier de poterie)<\/span><\/strong> - <strong>Marine JONCOUR<\/strong> - Rue Croas Og\u00e8s - 22300 Ploumilliau - 02.96.35.32.58 \/ 06.81.31.24.12<\/li>\n<li><strong><span style=\"color: #b6bd00;\">Atelier Peinture ARZEL<\/span><\/strong>\u00a0- 1, Gou\u00e9liou - 22300 Ploumilliau - 06 95 55 90 38 - contact@atelier-arzel.fr - <span style=\"color: #ff9900;\"><a style=\"color: #ff9900;\" href=\"http:\/\/atelier-arzel.fr\/\" target=\"_blank\" rel=\"noopener noreferrer\">Site internet<\/a> <span style=\"color: #000000;\">-<\/span> <\/span><a href=\"http:\/\/facebook.com\/atelier.arzel\"><img loading=\"lazy\" class=\"alignnone\" src=\"https:\/\/ploumilliau.bzh\/mairie\/wp-content\/plugins\/simple-share-buttons-adder\/buttons\/plain\/facebook.png\" alt=\"Share on Facebook\" width=\"23\" height=\"23\" \/><\/a><\/li>\n<li><strong><span style=\"color: #b6bd00;\">Cie JEU DEMAIN<\/span><\/strong> (Compagnie th\u00e9\u00e2trale) - <strong>Andr\u00e9e NOUHEN<\/strong> - 1, place de l'\u00c9glise - 22300 Ploumilliau - 06 99 15 32 37 \/ 06 12 75 30 34 - jeu.demain.lannion@gmail.com - <span style=\"color: #ff9900;\"><a style=\"color: #ff9900;\" href=\"https:\/\/www.helloasso.com\/associations\/jeu-demain\" target=\"_blank\" rel=\"noopener noreferrer\">Site internet<\/a><\/span><\/li>\n<\/ul>\n\n\n<p><\/p>\n\n\n\n<p><\/p>\n","protected":false},"excerpt":{"rendered":"<p>Location de mat\u00e9riels Afin de nous permettre d'anticiper les entr\u00e9es et sorties de mat\u00e9riels, merci de bien vouloir t\u00e9l\u00e9charger et compl\u00e9ter le document ci-dessous et de nous l'adresser au minimum 4 semaines avant l'\u00e9v\u00e8nement. Formulaire de r\u00e9servation de mat\u00e9riels Guide des associations \u00e0 t\u00e9l\u00e9charger :\u00a0Guide des Associations - Modifications \u00e0 venir apr\u00e8s la rentr\u00e9e 2025\/2026 \u00a0 Animation \u00a0 COMIT\u00c9 DES&nbsp;<a href=\"https:\/\/ploumilliau.bzh\/mairie\/associations-2\/\" class=\"read-more\">Lire la suite<\/a><\/p>\n","protected":false},"author":2,"featured_media":0,"parent":0,"menu_order":0,"comment_status":"closed","ping_status":"closed","template":"","meta":[],"_links":{"self":[{"href":"https:\/\/ploumilliau.bzh\/mairie\/wp-json\/wp\/v2\/pages\/1407"}],"collection":[{"href":"https:\/\/ploumilliau.bzh\/mairie\/wp-json\/wp\/v2\/pages"}],"about":[{"href":"https:\/\/ploumilliau.bzh\/mairie\/wp-json\/wp\/v2\/types\/page"}],"author":[{"embeddable":true,"href":"https:\/\/ploumilliau.bzh\/mairie\/wp-json\/wp\/v2\/users\/2"}],"replies":[{"embeddable":true,"href":"https:\/\/ploumilliau.bzh\/mairie\/wp-json\/wp\/v2\/comments?post=1407"}],"version-history":[{"count":116,"href":"https:\/\/ploumilliau.bzh\/mairie\/wp-json\/wp\/v2\/pages\/1407\/revisions"}],"predecessor-version":[{"id":4681,"href":"https:\/\/ploumilliau.bzh\/mairie\/wp-json\/wp\/v2\/pages\/1407\/revisions\/4681"}],"wp:attachment":[{"href":"https:\/\/ploumilliau.bzh\/mairie\/wp-json\/wp\/v2\/media?parent=1407"}],"curies":[{"name":"wp","href":"https:\/\/api.w.org\/{rel}","templated":true}]}}