{"id":1576,"date":"2019-03-15T17:52:20","date_gmt":"2019-03-15T16:52:20","guid":{"rendered":"http:\/\/ploumilliau.bzh\/mairie\/?page_id=1576"},"modified":"2020-01-22T09:15:48","modified_gmt":"2020-01-22T08:15:48","slug":"taxe-de-sejour","status":"publish","type":"page","link":"https:\/\/ploumilliau.bzh\/mairie\/taxe-de-sejour\/","title":{"rendered":"TAXE DE SEJOUR"},"content":{"rendered":"<h1><\/h1>\n<h1><span style=\"color: #bdb600;\">Taxe de s\u00e9jour<\/span><\/h1>\n<p>Depuis le 1 janvier 2018 Lannion-Tr\u00e9gor Communaut\u00e9 a instaur\u00e9 la taxe de s\u00e9jour communautaire.<\/p>\n<p>Pour toutes information concernant les tarifs, p\u00e9riode de versements:\u00a0<a href=\"https:\/\/taxedesejour.lannion-tregor.com\/\">https:\/\/taxedesejour.lannion-tregor.com<\/a><\/p>\n<p>Votre r\u00e9f\u00e9rente pour la taxe de s\u00e9jour est \u00e0 votre disposition<\/p>\n<ul>\n<li>Par t\u00e9l\u00e9phone : 07.50.69.83.16<\/li>\n<li>Par courriel : <a href=\"mailto:taxedesejour@lannion.com\" target=\"_blank\" rel=\"noopener\">taxedesejour@lannion-tregor.com<\/a><\/li>\n<\/ul>\n<p>La d\u00e9claration d'un meubl\u00e9 se fait toujours aupr\u00e8s de la mairie.<\/p>\n<p>Un formulaire cerfa est \u00e0 retirer \u00e0 l'accueil de la mairie ou t\u00e9l\u00e9chargeable ci-apr\u00e8s :\u00a0<a href=\"http:\/\/ploumilliau.bzh\/mairie\/wp-content\/uploads\/2019\/04\/Taxe-de-s\u00e9jour.pdf\"><img loading=\"lazy\" class=\"alignnone size-full wp-image-1152\" src=\"http:\/\/ploumilliau.bzh\/mairie\/wp-content\/uploads\/2018\/05\/PDF-blanc-e1530090938812.jpg\" alt=\"\" width=\"30\" height=\"30\" \/><\/a><\/p>\n<p>Le formulaire de d\u00e9claration est \u00e0 d\u00e9poser en mairie \u00e0 l'accueil ou par mail : mairie-de-ploumilliau@wanadoo.fr<\/p>\n<p>Documents joints : Tarifs en vigueur\u00a0 <a href=\"http:\/\/ploumilliau.bzh\/mairie\/wp-content\/uploads\/2019\/05\/taxe-sejour-2019.pdf\"><img loading=\"lazy\" class=\"alignnone size-full wp-image-1152\" src=\"http:\/\/ploumilliau.bzh\/mairie\/wp-content\/uploads\/2018\/05\/PDF-blanc-e1530090938812.jpg\" alt=\"\" width=\"30\" height=\"30\" \/><\/a><\/p>\n","protected":false},"excerpt":{"rendered":"<p>Taxe de s\u00e9jour Depuis le 1 janvier 2018 Lannion-Tr\u00e9gor Communaut\u00e9 a instaur\u00e9 la taxe de s\u00e9jour communautaire. Pour toutes information concernant les tarifs, p\u00e9riode de versements:\u00a0https:\/\/taxedesejour.lannion-tregor.com Votre r\u00e9f\u00e9rente pour la taxe de s\u00e9jour est \u00e0 votre disposition Par t\u00e9l\u00e9phone : 07.50.69.83.16 Par courriel : taxedesejour@lannion-tregor.com La d\u00e9claration d'un meubl\u00e9 se fait toujours aupr\u00e8s de la mairie. Un formulaire cerfa est&nbsp;<a href=\"https:\/\/ploumilliau.bzh\/mairie\/taxe-de-sejour\/\" class=\"read-more\">Lire la suite<\/a><\/p>\n","protected":false},"author":2,"featured_media":0,"parent":0,"menu_order":0,"comment_status":"closed","ping_status":"closed","template":"","meta":[],"_links":{"self":[{"href":"https:\/\/ploumilliau.bzh\/mairie\/wp-json\/wp\/v2\/pages\/1576"}],"collection":[{"href":"https:\/\/ploumilliau.bzh\/mairie\/wp-json\/wp\/v2\/pages"}],"about":[{"href":"https:\/\/ploumilliau.bzh\/mairie\/wp-json\/wp\/v2\/types\/page"}],"author":[{"embeddable":true,"href":"https:\/\/ploumilliau.bzh\/mairie\/wp-json\/wp\/v2\/users\/2"}],"replies":[{"embeddable":true,"href":"https:\/\/ploumilliau.bzh\/mairie\/wp-json\/wp\/v2\/comments?post=1576"}],"version-history":[{"count":19,"href":"https:\/\/ploumilliau.bzh\/mairie\/wp-json\/wp\/v2\/pages\/1576\/revisions"}],"predecessor-version":[{"id":2001,"href":"https:\/\/ploumilliau.bzh\/mairie\/wp-json\/wp\/v2\/pages\/1576\/revisions\/2001"}],"wp:attachment":[{"href":"https:\/\/ploumilliau.bzh\/mairie\/wp-json\/wp\/v2\/media?parent=1576"}],"curies":[{"name":"wp","href":"https:\/\/api.w.org\/{rel}","templated":true}]}}