{"id":166,"date":"2016-02-25T18:10:51","date_gmt":"2016-02-25T17:10:51","guid":{"rendered":"http:\/\/ploumilliau.bzh\/mairie\/?page_id=166"},"modified":"2026-04-09T15:35:37","modified_gmt":"2026-04-09T13:35:37","slug":"conseil-municipal","status":"publish","type":"page","link":"https:\/\/ploumilliau.bzh\/mairie\/conseil-municipal\/","title":{"rendered":"Les \u00e9lus"},"content":{"rendered":"<p>Le Conseil Municipal de Ploumilliau, issu des \u00e9lections du 15 mars 2026 se compose de :<\/p>\n<ul>\n<li><strong><span style=\"color: #b6bd00;\">Yann KERGOAT<\/span><\/strong> - Maire<\/li>\n<li><strong><span style=\"color: #b6bd00;\">Anabelle MOLLE<\/span><\/strong> - 1\u00e8re Adjointe - Finances et au personnel<\/li>\n<li><strong><span style=\"color: #b6bd00;\">Fr\u00e9d\u00e9ric THOMAS<\/span><\/strong> - 2\u00e8me Adjoint - Affaires Sociales - CCAS - Gestion du March\u00e9<\/li>\n<li><strong><span style=\"color: #b6bd00;\">H\u00e9l\u00e8ne BASSET<\/span><\/strong> - 3\u00e8me Adjointe - Jeunesse &amp; Sport - Culture - Affaires Scolaires<\/li>\n<li><strong><span style=\"color: #b6bd00;\">Sylvain LE GALL<\/span><\/strong> - 4\u00e8me Adjoint - Voirie - B\u00e2timents - Espaces Verts<\/li>\n<li><strong><span style=\"color: #b6bd00;\">\u00c9milie PERON <\/span><\/strong>- 5\u00e8me Adjointe - Environnement<\/li>\n<li><span style=\"color: #b6bd00;\"><b>Laurent LE QUELLEC<\/b><\/span><\/li>\n<li><strong><span style=\"color: #b6bd00;\">Martine MADAULE-LOUET<\/span><\/strong><\/li>\n<li><strong><span style=\"color: #b6bd00;\">Alain CARTRY<\/span><\/strong><\/li>\n<li><strong><span style=\"color: #b6bd00;\">Cindy DANIEL<\/span><\/strong><\/li>\n<li><strong><span style=\"color: #b6bd00;\">Hubert FOLLEZOUR\u00a0\u00a0<\/span><\/strong><\/li>\n<li><strong><span style=\"color: #b6bd00;\">Morgane FAURE<\/span><\/strong><\/li>\n<li><strong><span style=\"color: #b6bd00;\">Didier BIDEAU<\/span><\/strong><\/li>\n<li><strong><span style=\"color: #b6bd00;\">Lucille TOUDIC-LE GALL<\/span><\/strong><\/li>\n<li><strong><span style=\"color: #b6bd00;\">Nicolas JOURNAUX<\/span><\/strong><\/li>\n<li><strong><span style=\"color: #b6bd00;\">Vanessa KERJEAN<\/span><\/strong><\/li>\n<li><strong><span style=\"color: #b6bd00;\">Carole DUBUIS<\/span><\/strong><\/li>\n<li><strong><span style=\"color: #b6bd00;\">Fr\u00e9d\u00e9ric VENY<\/span><\/strong><\/li>\n<li><strong><span style=\"color: #b6bd00;\">Sandrine CARN<\/span><\/strong><\/li>\n<\/ul>\n<div class=\"hr\"><\/div>\n<h1><span style=\"color: #bdb600;\">Les d\u00e9l\u00e9gu\u00e9s <\/span><span style=\"font-size: 11px; color: #bdb600;\">aupr\u00e8s d\u2019organismes ext\u00e9rieurs<\/span><\/h1>\n<ul>\n<li><strong><span style=\"color: #b6bd00;\">Lannion-Tr\u00e9gor Communaut\u00e9 :<\/span><\/strong> Yann KERGOAT, Anabelle MOLLE<\/li>\n<li><strong><span style=\"color: #b6bd00;\">Syndicat d\u00e9partemental d\u2019\u00e9lectricit\u00e9 :<\/span><\/strong> Sylvain LE GALL<\/li>\n<li><strong><span style=\"color: #b6bd00;\">Syndicat d\u00e9partemental d\u2019eau potable :<\/span><\/strong> Sylvain LE GALL<\/li>\n<li><strong><span style=\"color: #b6bd00;\"> Vigipol :<\/span><\/strong> Yann KERGOAT<\/li>\n<li><strong><span style=\"color: #b6bd00;\">CNAS :<\/span><\/strong><\/li>\n<li><strong><span style=\"color: #b6bd00;\">Comit\u00e9 de bassin versant :<\/span><\/strong><\/li>\n<\/ul>\n<div>\n<div class=\"hr\"><\/div>\n<h1><span style=\"color: #bdb600;\">Les permanences des \u00e9lus<\/span><\/h1>\n<p>Les \u00e9lus re\u00e7oivent uniquement <span style=\"color: #ff0000;\"><strong>sur rendez-vous<\/strong><\/span> aux jours et horaires suivants :<\/p>\n<\/div>\n<ul>\n<li><strong><span style=\"color: #b6bd00;\">Yann KERGOAT<\/span><\/strong> (Maire) - Sur RV<\/li>\n<li><strong><span style=\"color: #b6bd00;\">Anabelle MOLLE<\/span><\/strong> (1\u00e8re Adjointe) - Sur RV<\/li>\n<li><strong><span style=\"color: #b6bd00;\">H\u00e9l\u00e8ne BASSET<\/span><\/strong> (3\u00e8me Adjointe) - Samedi Matin<\/li>\n<li><strong><span style=\"color: #b6bd00;\">Sylvain LE GALL<\/span><\/strong> (4\u00e8me Adjoint) - Du lundi au vendredi apr\u00e8s 15h<\/li>\n<li><strong><span style=\"color: #b6bd00;\">\u00c9milie PERON<\/span><\/strong> (5\u00e8me Adjointe) - Mercredi matin<\/li>\n<\/ul>\n<p><span style=\"color: #ff0000;\"><strong style=\"color: #ff0000;\">Sur rendez-vous<\/strong><\/span> aupr\u00e8s de CCAS :<\/p>\n<ul>\n<li><strong><span style=\"color: #b6bd00;\">Fr\u00e9d\u00e9ric THOMAS<\/span><\/strong> (2\u00e8me Adjoint)<\/li>\n<\/ul>\n","protected":false},"excerpt":{"rendered":"<p>Le Conseil Municipal de Ploumilliau, issu des \u00e9lections du 15 mars 2026 se compose de : Yann KERGOAT - Maire Anabelle MOLLE - 1\u00e8re Adjointe - Finances et au personnel Fr\u00e9d\u00e9ric THOMAS - 2\u00e8me Adjoint - Affaires Sociales - CCAS - Gestion du March\u00e9 H\u00e9l\u00e8ne BASSET - 3\u00e8me Adjointe - Jeunesse &amp; Sport - Culture - Affaires Scolaires Sylvain LE&nbsp;<a href=\"https:\/\/ploumilliau.bzh\/mairie\/conseil-municipal\/\" class=\"read-more\">Lire la suite<\/a><\/p>\n","protected":false},"author":1,"featured_media":0,"parent":0,"menu_order":0,"comment_status":"closed","ping_status":"closed","template":"","meta":[],"_links":{"self":[{"href":"https:\/\/ploumilliau.bzh\/mairie\/wp-json\/wp\/v2\/pages\/166"}],"collection":[{"href":"https:\/\/ploumilliau.bzh\/mairie\/wp-json\/wp\/v2\/pages"}],"about":[{"href":"https:\/\/ploumilliau.bzh\/mairie\/wp-json\/wp\/v2\/types\/page"}],"author":[{"embeddable":true,"href":"https:\/\/ploumilliau.bzh\/mairie\/wp-json\/wp\/v2\/users\/1"}],"replies":[{"embeddable":true,"href":"https:\/\/ploumilliau.bzh\/mairie\/wp-json\/wp\/v2\/comments?post=166"}],"version-history":[{"count":34,"href":"https:\/\/ploumilliau.bzh\/mairie\/wp-json\/wp\/v2\/pages\/166\/revisions"}],"predecessor-version":[{"id":4845,"href":"https:\/\/ploumilliau.bzh\/mairie\/wp-json\/wp\/v2\/pages\/166\/revisions\/4845"}],"wp:attachment":[{"href":"https:\/\/ploumilliau.bzh\/mairie\/wp-json\/wp\/v2\/media?parent=166"}],"curies":[{"name":"wp","href":"https:\/\/api.w.org\/{rel}","templated":true}]}}