{"id":168,"date":"2016-02-25T18:11:22","date_gmt":"2016-02-25T17:11:22","guid":{"rendered":"http:\/\/ploumilliau.bzh\/mairie\/?page_id=168"},"modified":"2021-07-06T09:14:55","modified_gmt":"2021-07-06T07:14:55","slug":"services-municipaux","status":"publish","type":"page","link":"https:\/\/ploumilliau.bzh\/mairie\/services-municipaux\/","title":{"rendered":"Services municipaux"},"content":{"rendered":"<p><img loading=\"lazy\" class=\"alignnone size-full wp-image-475\" src=\"http:\/\/ploumilliau.bzh\/mairie\/wp-content\/uploads\/2016\/03\/mairie.jpg\" alt=\"mairie\" width=\"762\" height=\"200\" srcset=\"https:\/\/ploumilliau.bzh\/mairie\/wp-content\/uploads\/2016\/03\/mairie.jpg 762w, https:\/\/ploumilliau.bzh\/mairie\/wp-content\/uploads\/2016\/03\/mairie-310x81.jpg 310w\" sizes=\"(max-width: 762px) 100vw, 762px\" \/><\/p>\n<h1><span style=\"color: #bdb600;\">Le Service Administratif <\/span><span style=\"font-size: 11px; color: #bdb600;\">\u00a0<\/span><\/h1>\n<p>Constitu\u00e9 de 4 personnes, dans les locaux de la mairie, il a en charge l\u2019administration g\u00e9n\u00e9rale de la commune. Cela recouvre une grande diversit\u00e9 de missions :<\/p>\n<ul>\n<li><strong><span style=\"color: #b6bd00;\">L\u2019accueil du public<\/span><\/strong><\/li>\n<li><strong><span style=\"color: #b6bd00;\">La gestion de l\u2019\u00e9tat civil<\/span><\/strong> (naissances, pactes civils de solidarit\u00e9, mariages, d\u00e9c\u00e8s, ...)<\/li>\n<li><strong><span style=\"color: #b6bd00;\">L\u2019urbanisme de la commune<\/span><\/strong> (P.L.U, permis de construire, d\u00e9clarations de travaux, certificats d\u2019urbanisme, ...)<\/li>\n<li><strong><span style=\"color: #b6bd00;\">La pr\u00e9paration du budget et la tenue de la comptabilit\u00e9 de la commune et de ses services<\/span><\/strong> (cantine, entretien, voirie, ...)<\/li>\n<li><strong><span style=\"color: #b6bd00;\">La pr\u00e9paration et le suivi des d\u00e9cisions du conseil municipal<\/span><\/strong><\/li>\n<li><strong><span style=\"color: #b6bd00;\">Le secr\u00e9tariat du Maire et des Adjoints<\/span><\/strong><\/li>\n<li><strong><span style=\"color: #b6bd00;\">Le suivi des dossiers d\u2019investissement de la commune<\/span><\/strong> (march\u00e9s publics, demandes de subventions, emprunts, ...)<\/li>\n<li><strong><span style=\"color: #b6bd00;\">La gestion de l\u2019ensemble du personnel communal<\/span><\/strong> (paies, suivi des carri\u00e8res, ....)<\/li>\n<li><strong><span style=\"color: #b6bd00;\">L\u2019organisation des manifestations<\/span><\/strong> (concours des maisons fleuries, exposition artistique, repas du 8 mai, ...)<\/li>\n<li><strong><span style=\"color: #b6bd00;\">La gestion du cimeti\u00e8re<\/span><\/strong> (concessions et l\u00e9gislation fun\u00e9raire)<\/li>\n<li><strong><span style=\"color: #b6bd00;\">Le journal municipal et le site internet de la commune<\/span><\/strong><\/li>\n<li><strong><span style=\"color: #b6bd00;\">Les \u00e9lections politiques g\u00e9n\u00e9rales, professionnelles ou corporatives<\/span><\/strong> (tenue \u00e0 jour des listes \u00e9lectorales, organisation, ...)<\/li>\n<li><strong><span style=\"color: #b6bd00;\">Les relations avec les autres administrations<\/span><\/strong> d\u2019Etat, les collectivit\u00e9s territoriales et autres organismes<\/li>\n<\/ul>\n<div class=\"hr\"><\/div>\n<h1><span style=\"color: #bdb600;\">Le Service Scolaire <\/span><span style=\"font-size: 11px; color: #bdb600;\">\u00a0<\/span><\/h1>\n<p>Le service scolaire comprend les agents travaillant \u00e0 :<\/p>\n<ul>\n<li><strong><span style=\"color: #b6bd00;\">L\u2019\u00e9cole publique :<\/span><\/strong> les ATSEM qui secondent les institutrices en maternelle et en primaire pour de nombreuses t\u00e2ches, ainsi que les agents effectuant du m\u00e9nage.<\/li>\n<li><strong><span style=\"color: #b6bd00;\">La cantine :<\/span><\/strong> le personnel de cuisine et de service des repas. 180 repas sont pr\u00e9par\u00e9s et servis, en moyenne, aux enfants chaque jour.<\/li>\n<li><strong><span style=\"color: #b6bd00;\">La garderie :<\/span><\/strong>\u00a02 agents le matin et 4 le soir, accueillent environ 35 enfants par jour qui fr\u00e9quentent la garderie, y prennent leur go\u00fbter, ou y r\u00e9visent leurs le\u00e7ons.<\/li>\n<\/ul>\n<div class=\"hr\"><\/div>\n<h1><span style=\"color: #bdb600;\">Le Service Technique <\/span><span style=\"font-size: 11px; color: #bdb600;\">\u00a0<\/span><\/h1>\n<p>Compos\u00e9 de 9 agents, le service technique a pour missions principales :<\/p>\n<ul>\n<li><strong><span style=\"color: #b6bd00;\">L\u2019entretien du r\u00e9seau routier communal<\/span><\/strong> La voirie communale repr\u00e9sente une longueur de 85 km ! Cela n\u00e9cessite un entretien important. Le service technique r\u00e9alise le point-\u00e0-temps (rebouchage des nids de poules) l\u2019entretien des foss\u00e9s et busages (curage des douves, r\u00e9fection ou cr\u00e9ation d\u2019entr\u00e9es de propri\u00e9t\u00e9s ou de champs) mais aussi l\u2019\u00e9lagage des voies. Concernant l\u2019\u00e9lagage, seuls sont fauch\u00e9s les accotements au printemps (sauf au niveau des carrefours, des virages et des zones dangereuses) tandis qu\u2019\u00e0 l\u2019automne un \u00e9lagage complet de la voirie a lieu (accotements et talus). Cette d\u00e9marche de fauchage raisonn\u00e9e permet d\u2019une part de pr\u00e9server la biodiversit\u00e9, d\u2019autre part de r\u00e9aliser des \u00e9conomies de carburant d\u2019environ 15%. L\u2019entretien m\u00e9canique des v\u00e9hicules et engins est aussi r\u00e9alis\u00e9 par l\u2019atelier du service technique.<\/li>\n<li><strong><span style=\"color: #b6bd00;\">L\u2019entretien des b\u00e2timents et terrains communaux<\/span><\/strong> Les travaux d\u2019entretien courant des b\u00e2timents communaux sont r\u00e9alis\u00e9s par le service technique (complexe sportif, \u00e9coles, mairie, biblioth\u00e8que, maison des associations, salles des f\u00eates) ainsi que celui des terrains, voies et infrastructures (entretien des vestiaires et terrains de football, des cimeti\u00e8res du bourg et de Keraodi, all\u00e9es de boules, parc de loisirs, r\u00e9fection de murs et murets comme au parking de la plage de Pont-Roux, ...).<\/li>\n<li><strong><span style=\"color: #b6bd00;\">L\u2019entretien et la cr\u00e9ation d\u2019espaces verts<\/span><\/strong> Une v\u00e9ritable politique de fleurissement est men\u00e9e \u00e0 Ploumilliau depuis de nombreuses ann\u00e9es, ce qui explique les nombreux prix re\u00e7us par la commune, dont trois fleurs au concours r\u00e9gional des villes et villages fleuris. Deux agents consacrent l\u2019essentiel de leur temps aux espaces verts. Apr\u00e8s le bouturage, le rempotage, la pr\u00e9paration des jardini\u00e8res, bacs et caisses, vient le printemps et le temps de la tonte des quelques 5 hectares de pelouses communales.<\/li>\n<\/ul>\n<div class=\"hr\"><\/div>\n<h1><span style=\"color: #bdb600;\">Le C.C.A.S\u00a0<\/span><span style=\"font-size: 11px; color: #bdb600;\">\u00a0<\/span><\/h1>\n<p>Le <strong>Centre Communal d\u2019Action Sociale<\/strong> (<strong>C.C.A.S<\/strong>) est un \u00e9tablissement public, administr\u00e9 par un Conseil d\u2019Administration de 17 membres, pr\u00e9sid\u00e9 par le maire. Le C.C.A.S est charg\u00e9 de mettre en \u0153uvre la politique sociale d\u00e9cid\u00e9e par les \u00e9lus et d\u2019\u00e9valuer r\u00e9guli\u00e8rement les besoins sociaux de la population.<br \/>\nOn peut distinguer les activit\u00e9s du C.C.A.S de Ploumilliau en deux grands secteurs :<br \/>\n<strong>\u2022 le secteur social<\/strong><br \/>\n<strong>\u2022 le secteur du logement social<\/strong><\/p>\n<ul>\n<li><strong><span style=\"color: #b6bd00;\">LE SECTEUR SOCIAL<\/span><\/strong><br \/>\nLe service social s\u2019efforce de r\u00e9pondre aux besoins du public en situation pr\u00e9caire en lien avec tous les autres partenaires (conseil g\u00e9n\u00e9ral, CPAM, ...). Il aide les personnes dans leurs d\u00e9marches administratives ou d\u2019aide au quotidien. Il s\u2019efforce d\u2019instruire les dossiers n\u00e9cessaires \u00e0 l\u2019am\u00e9lioration de leur situation.<br \/>\nLe Conseil d\u2019Administration du C.C.A.S a aussi d\u00e9cid\u00e9 d\u2019aider des associations \u00e0 caract\u00e8re social en les subventionnant. De m\u00eame, en lien avec les partenaires sociaux du secteur, il s\u2019est efforc\u00e9 d\u2019aider des personnes en difficult\u00e9 afin de passer un cap difficile.<br \/>\nCe service a aussi la responsabilit\u00e9 des d\u00e9marches d\u2019aides l\u00e9gales (allocation compensatrice, obligations alimentaires\u2026).<\/li>\n<li><strong><span style=\"color: #b6bd00;\">LE SECTEUR DU LOGEMENT SOCIAL<\/span><\/strong><br \/>\nLe C.C.A.S de Ploumilliau a de plus, la particularit\u00e9 de g\u00e9rer 30 logements sociaux qui lui appartiennent. Vingt logements qui vont du T2 au T5 sont situ\u00e9s derri\u00e8re le foyer-logement (\"Hent Prat Kreiz\") et dix autres, \"rue Pierre Marzin\". Ces logements sont conventionn\u00e9s APL.<br \/>\nSi vous d\u00e9sirez faire une demande de logement au CCAS communal, un formulaire est disponible \u00e0 la Mairie. Il devra \u00eatre compl\u00e9t\u00e9 et accompagn\u00e9 des documents suivants, selon votre situation :<br \/>\n- Photocopie de la carte d\u2019identit\u00e9 ou du passeport de toutes les personnes devant habiter le logement<br \/>\n- Photocopie du Livret de Famille<br \/>\n- Photocopie du dernier avis d\u2019imposition ou de non-imposition<br \/>\n- Photocopie des 3 derniers bulletins de salaire<br \/>\n- Photocopie du dernier avis de d\u00e9cision ASSEDIC<br \/>\n- Quittances de Loyer pour les trois derniers mois<br \/>\n- Dernier avis de versement de pension de retraite .Le d\u00e9partement des C\u00f4tes-d\u2019Armor poss\u00e8de \u00e9galement des logements HLM \u00e0 Ploumilliau. Vous pouvez formuler une demande de logement aupr\u00e8s de cet organisme <a href=\"http:\/\/www.cotesdarmorhabitat.com\/\" target=\"_blank\" rel=\"noopener noreferrer\">en cliquant ici<\/a>.N\u2019h\u00e9sitez pas \u00e0 nous contacter au <strong>02 96 35 39 27. Le bureau est ouvert au public:<\/strong><br \/>\n- du mardi au vendredi de 9h \u00e0 12h30 et de 13h30 \u00e0 17h00<br \/>\n- Le samedi matin de 9h00 \u00e0 12h30<\/li>\n<li>Rdv assistante sociale : du mardi au samedi 9h00-12h30<\/li>\n<\/ul>\n<div class=\"hr\"><\/div>\n","protected":false},"excerpt":{"rendered":"<p>Le Service Administratif \u00a0 Constitu\u00e9 de 4 personnes, dans les locaux de la mairie, il a en charge l\u2019administration g\u00e9n\u00e9rale de la commune. Cela recouvre une grande diversit\u00e9 de missions : L\u2019accueil du public La gestion de l\u2019\u00e9tat civil (naissances, pactes civils de solidarit\u00e9, mariages, d\u00e9c\u00e8s, ...) L\u2019urbanisme de la commune (P.L.U, permis de construire, d\u00e9clarations de travaux, certificats d\u2019urbanisme,&nbsp;<a href=\"https:\/\/ploumilliau.bzh\/mairie\/services-municipaux\/\" class=\"read-more\">Lire la suite<\/a><\/p>\n","protected":false},"author":1,"featured_media":0,"parent":0,"menu_order":0,"comment_status":"closed","ping_status":"closed","template":"","meta":[],"_links":{"self":[{"href":"https:\/\/ploumilliau.bzh\/mairie\/wp-json\/wp\/v2\/pages\/168"}],"collection":[{"href":"https:\/\/ploumilliau.bzh\/mairie\/wp-json\/wp\/v2\/pages"}],"about":[{"href":"https:\/\/ploumilliau.bzh\/mairie\/wp-json\/wp\/v2\/types\/page"}],"author":[{"embeddable":true,"href":"https:\/\/ploumilliau.bzh\/mairie\/wp-json\/wp\/v2\/users\/1"}],"replies":[{"embeddable":true,"href":"https:\/\/ploumilliau.bzh\/mairie\/wp-json\/wp\/v2\/comments?post=168"}],"version-history":[{"count":18,"href":"https:\/\/ploumilliau.bzh\/mairie\/wp-json\/wp\/v2\/pages\/168\/revisions"}],"predecessor-version":[{"id":2672,"href":"https:\/\/ploumilliau.bzh\/mairie\/wp-json\/wp\/v2\/pages\/168\/revisions\/2672"}],"wp:attachment":[{"href":"https:\/\/ploumilliau.bzh\/mairie\/wp-json\/wp\/v2\/media?parent=168"}],"curies":[{"name":"wp","href":"https:\/\/api.w.org\/{rel}","templated":true}]}}