{"id":170,"date":"2016-02-25T18:11:45","date_gmt":"2016-02-25T17:11:45","guid":{"rendered":"http:\/\/ploumilliau.bzh\/mairie\/?page_id=170"},"modified":"2025-09-01T16:23:00","modified_gmt":"2025-09-01T14:23:00","slug":"bulletin-municipal","status":"publish","type":"page","link":"https:\/\/ploumilliau.bzh\/mairie\/bulletin-municipal\/","title":{"rendered":"BULLETINS MUNICIPAUX"},"content":{"rendered":"\n<h2 class=\"has-black-color has-text-color\">Le \"Ty Ploum'\"<\/h2>\n\n\n\n<p>Pour vous informer des \u00e9v\u00e8nements \u00e0 venir nous avons cr\u00e9e le Ty Ploum' afin de compl\u00e9ter notre journal bi-annuel. Voici le dernier :<\/p>\n\n\n\n<figure class=\"wp-block-image size-large is-resized\"><a href=\"https:\/\/ploumilliau.bzh\/mairie\/wp-content\/uploads\/2025\/09\/Livret-Ty-Ploum-n\u00b06-V2-1.pdf\"><img loading=\"lazy\" src=\"https:\/\/ploumilliau.bzh\/mairie\/wp-content\/uploads\/2025\/09\/Livret-Ty-Ploum-n\u00b06-V2_page-0001-1-724x1024.jpg\" alt=\"\" class=\"wp-image-4659\" width=\"174\" height=\"246\" srcset=\"https:\/\/ploumilliau.bzh\/mairie\/wp-content\/uploads\/2025\/09\/Livret-Ty-Ploum-n\u00b06-V2_page-0001-1-724x1024.jpg 724w, https:\/\/ploumilliau.bzh\/mairie\/wp-content\/uploads\/2025\/09\/Livret-Ty-Ploum-n\u00b06-V2_page-0001-1-310x438.jpg 310w, https:\/\/ploumilliau.bzh\/mairie\/wp-content\/uploads\/2025\/09\/Livret-Ty-Ploum-n\u00b06-V2_page-0001-1-1086x1536.jpg 1086w, https:\/\/ploumilliau.bzh\/mairie\/wp-content\/uploads\/2025\/09\/Livret-Ty-Ploum-n\u00b06-V2_page-0001-1.jpg 1241w\" sizes=\"(max-width: 174px) 100vw, 174px\" \/><\/a><\/figure>\n\n\n\n<figure class=\"wp-block-image size-large\"><img src=\"https:\/\/ploumilliau.bzh\/mairie\/wp-content\/uploads\/2025\/09\/Livret-Ty-Ploum-n\u00b06-V2.pdf\" alt=\"\"\/><\/figure>\n\n\n<h2><span style=\"color: #bdb600;\">\"Info Ploum'\"<\/span><span style=\"font-size: 11px; color: #bdb600;\">\u00a0<\/span><\/h2>\n<h3>\u00a0<\/h3>\n<h1><span style=\"color: #bdb600;\">Num\u00e9ro actuel :<\/span><\/h1>\n<p><a href=\"https:\/\/ploumilliau.bzh\/mairie\/wp-content\/uploads\/2025\/09\/infoPloum-62-2025-08-v3-1.pdf\"><img loading=\"lazy\" class=\"alignnone wp-image-4669 \" src=\"https:\/\/ploumilliau.bzh\/mairie\/wp-content\/uploads\/2025\/09\/infoPloum-62-2025-08-v3-1-pdf-106x150.jpg\" alt=\"\" width=\"184\" height=\"261\" \/><\/a><\/p>\n<p><a href=\"https:\/\/ploumilliau.bzh\/mairie\/wp-content\/uploads\/2025\/09\/infoPloum-62-2025-08-v3.pdf\">infoPloum' n\u00b062<\/a><\/p>\n<h1><span style=\"color: #bdb600;\">Num\u00e9ros archiv\u00e9s :<\/span><\/h1>\n<h1>\u00a0<\/h1>\n<p><a href=\"https:\/\/ploumilliau.bzh\/mairie\/wp-content\/uploads\/2025\/02\/infoPloum-61-2025-01-v3-1.pdf\"><img loading=\"lazy\" class=\"alignnone wp-image-4446 \" src=\"https:\/\/ploumilliau.bzh\/mairie\/wp-content\/uploads\/2025\/02\/infoPloum-61-2025-01-v3-1-pdf-106x150.jpg\" alt=\"\" width=\"182\" height=\"258\" \/><\/a><\/p>\n<p><a href=\"https:\/\/ploumilliau.bzh\/mairie\/wp-content\/uploads\/2025\/02\/infoPloum-61-2025-01-v3.pdf\">infoPloum' n\u00b061<\/a><\/p>\n<p>\u00a0<\/p>\n<p><a href=\"https:\/\/ploumilliau.bzh\/mairie\/wp-content\/uploads\/2024\/02\/infoPloum-60-2024-01_v3-1.pdf\"><img loading=\"lazy\" class=\"alignnone wp-image-4027 \" src=\"https:\/\/ploumilliau.bzh\/mairie\/wp-content\/uploads\/2024\/02\/infoPloum-60-2024-01_v3-1-pdf-106x150.jpg\" alt=\"\" width=\"179\" height=\"254\" \/><\/a><\/p>\n<p><a href=\"https:\/\/ploumilliau.bzh\/mairie\/wp-content\/uploads\/2024\/02\/infoPloum-60-2024-01_v3.pdf\">infoPloum' n\u00b060<\/a><\/p>\n<h1>\u00a0<\/h1>\n<p><img loading=\"lazy\" class=\"alignnone wp-image-3841 \" src=\"https:\/\/ploumilliau.bzh\/mairie\/wp-content\/uploads\/2023\/09\/Couv-n\u00b059-1.jpg\" alt=\"\" width=\"170\" height=\"243\" srcset=\"https:\/\/ploumilliau.bzh\/mairie\/wp-content\/uploads\/2023\/09\/Couv-n\u00b059-1.jpg 534w, https:\/\/ploumilliau.bzh\/mairie\/wp-content\/uploads\/2023\/09\/Couv-n\u00b059-1-310x442.jpg 310w\" sizes=\"(max-width: 170px) 100vw, 170px\" \/><\/p>\n<p><a href=\"https:\/\/ploumilliau.bzh\/mairie\/wp-content\/uploads\/2023\/09\/infoPloum-59-2023-07-v3BAT.pdf\">infoPloum' n\u00b059<\/a><\/p>\n<p><a href=\"https:\/\/ploumilliau.bzh\/mairie\/wp-content\/uploads\/2023\/03\/InfoPloum-58-1.pdf\"><img loading=\"lazy\" class=\"alignnone wp-image-3571 \" src=\"https:\/\/ploumilliau.bzh\/mairie\/wp-content\/uploads\/2023\/03\/InfoPloum-58-1-pdf-310x439.jpg\" alt=\"\" width=\"166\" height=\"235\" \/><\/a><\/p>\n<p><span style=\"color: #b6bd00;\"><a href=\"https:\/\/ploumilliau.bzh\/mairie\/wp-content\/uploads\/2023\/03\/InfoPloum-58.pdf\">Info Ploum' n\u00b058<\/a><\/span><\/p>\n<p><a href=\"https:\/\/ploumilliau.bzh\/mairie\/wp-content\/uploads\/2022\/07\/infoPloum-57-2022-06-V3-1.pdf\"><img loading=\"lazy\" class=\"alignnone wp-image-3188 alignleft\" src=\"https:\/\/ploumilliau.bzh\/mairie\/wp-content\/uploads\/2022\/07\/infoPloum-57-2022-06-V3-1-pdf-310x439.jpg\" alt=\"\" width=\"153\" height=\"217\" \/><\/a><\/p>\n<p>\u00a0<\/p>\n<p style=\"text-align: left;\"><span style=\"color: #b6bd00;\"><a href=\"https:\/\/ploumilliau.bzh\/mairie\/wp-content\/uploads\/2022\/07\/infoPloum-57-2022-06-V3.pdf\">Info Ploum' n\u00b057<\/a><\/span><\/p>\n<p><a href=\"https:\/\/ploumilliau.bzh\/mairie\/wp-content\/uploads\/2022\/02\/Info-Ploum-56-1.pdf\"><img loading=\"lazy\" class=\"wp-image-2913 alignnone\" src=\"https:\/\/ploumilliau.bzh\/mairie\/wp-content\/uploads\/2022\/02\/Info-Ploum-56-1-pdf-310x439.jpg\" alt=\"\" width=\"150\" height=\"213\" \/><\/a><\/p>\n<p><span style=\"color: #b6bd00;\"><a href=\"https:\/\/ploumilliau.bzh\/mairie\/wp-content\/uploads\/2022\/02\/Info-Ploum-56.pdf\">Info Ploum' n\u00b056<\/a><\/span><\/p>\n<p><img loading=\"lazy\" class=\"\" src=\"https:\/\/ploumilliau.bzh\/mairie\/wp-content\/uploads\/2021\/08\/infoPloum-55-2021-07-pdf.jpg\" width=\"143\" height=\"202\" \/><\/p>\n<p><span style=\"color: #b6bd00;\"><a href=\"https:\/\/ploumilliau.bzh\/mairie\/wp-content\/uploads\/2021\/08\/infoPloum-55-2021-07.pdf\">Info Ploum' n\u00b055<\/a><\/span><\/p>\n<p><img loading=\"lazy\" class=\"alignnone wp-image-2455 \" src=\"https:\/\/ploumilliau.bzh\/mairie\/wp-content\/uploads\/2021\/03\/couverture-infoPloum54-450x633px-310x436.jpg\" alt=\"\" width=\"141\" height=\"198\" srcset=\"https:\/\/ploumilliau.bzh\/mairie\/wp-content\/uploads\/2021\/03\/couverture-infoPloum54-450x633px-310x436.jpg 310w, https:\/\/ploumilliau.bzh\/mairie\/wp-content\/uploads\/2021\/03\/couverture-infoPloum54-450x633px.jpg 450w\" sizes=\"(max-width: 141px) 100vw, 141px\" \/><\/p>\n<p><span style=\"color: #b6bd00;\"><a href=\"https:\/\/ploumilliau.bzh\/mairie\/wp-content\/uploads\/2021\/03\/infoPloum-54-2021-01-1.pdf\">Info Ploum' n\u00b054<\/a><\/span><\/p>\n<p><img loading=\"lazy\" class=\"alignnone wp-image-2450 size-full\" src=\"https:\/\/ploumilliau.bzh\/mairie\/wp-content\/uploads\/2021\/03\/couv-53-150x211px-2.jpg\" alt=\"\" width=\"150\" height=\"211\" \/><\/p>\n<p><span style=\"color: #b6bd00;\"><a href=\"https:\/\/ploumilliau.bzh\/mairie\/wp-content\/uploads\/2021\/03\/bulletin53-2.pdf\">Vivre \u00e0 Ploumilliau n\u00b053<\/a><\/span><\/p>\n<div id=\"attachment_1870\" style=\"width: 160px\" class=\"wp-caption alignnone\"><a href=\"http:\/\/ploumilliau.bzh\/mairie\/wp-content\/uploads\/2019\/08\/Composition-bulletin-n\u00b052.pub_.pdf\"><img aria-describedby=\"caption-attachment-1870\" loading=\"lazy\" class=\"wp-image-1870 size-full\" src=\"http:\/\/ploumilliau.bzh\/mairie\/wp-content\/uploads\/2019\/08\/Sans-titre-1.jpg\" alt=\"Vivre \u00e0 Ploumilliau n\u00b052\" width=\"150\" height=\"211\" \/><\/a><p id=\"caption-attachment-1870\" class=\"wp-caption-text\"><span style=\"color: #b6bd00;\"><a href=\"http:\/\/ploumilliau.bzh\/mairie\/wp-content\/uploads\/2019\/08\/Composition-bulletin-n\u00b052.pub_.pdf\">Vivre \u00e0 Ploumilliau n\u00b052<\/a><\/span><\/p><\/div>\n<h3>\u00a0<\/h3>\n<h3><span style=\"color: #bdb600;\">Archives :\u00a0<\/span><\/h3>\n<div id=\"attachment_1763\" style=\"width: 160px\" class=\"wp-caption alignnone\"><a href=\"http:\/\/ploumilliau.bzh\/mairie\/wp-content\/uploads\/2019\/06\/Bulletin-n\u00b051.pdf\"><img aria-describedby=\"caption-attachment-1763\" loading=\"lazy\" class=\"wp-image-1763\" src=\"http:\/\/ploumilliau.bzh\/mairie\/wp-content\/uploads\/2019\/06\/Sans-titre-1-310x436.jpg\" alt=\"Vivre \u00e0 Ploumilliau n\u00b051\" width=\"150\" height=\"211\" \/><\/a><p id=\"caption-attachment-1763\" class=\"wp-caption-text\"><span style=\"color: #b6bd00;\"><a href=\"http:\/\/ploumilliau.bzh\/mairie\/wp-content\/uploads\/2019\/06\/Bulletin-n\u00b051.pdf\">Vivre \u00e0 Ploumilliau n\u00b051<\/a><\/span><\/p><\/div>\n<div id=\"attachment_1487\" style=\"width: 160px\" class=\"wp-caption alignnone\"><a href=\"http:\/\/ploumilliau.bzh\/mairie\/wp-content\/uploads\/2018\/12\/Composition-bulletin-n\u00b050.pub-1.pdf\"><img aria-describedby=\"caption-attachment-1487\" loading=\"lazy\" class=\"wp-image-1487 size-full\" src=\"http:\/\/ploumilliau.bzh\/mairie\/wp-content\/uploads\/2018\/12\/Sans-titre-1-1-e1545323084836.jpg\" alt=\"Vivre \u00e0 Ploumilliau n\u00b050\" width=\"150\" height=\"212\" \/><\/a><p id=\"caption-attachment-1487\" class=\"wp-caption-text\"><span style=\"color: #b6bd00;\"><a href=\"http:\/\/ploumilliau.bzh\/mairie\/wp-content\/uploads\/2018\/12\/Composition-bulletin-n\u00b050.pub-1.pdf\">Vivre \u00e0 Ploumilliau n\u00b050<\/a><\/span><\/p><\/div>\n<div id=\"attachment_1482\" style=\"width: 160px\" class=\"wp-caption alignnone\"><a href=\"http:\/\/ploumilliau.bzh\/mairie\/wp-content\/uploads\/2018\/12\/Composition-bulletin-n\u00b049.pub-1.pdf\"><img aria-describedby=\"caption-attachment-1482\" loading=\"lazy\" class=\"wp-image-1482 size-full\" src=\"http:\/\/ploumilliau.bzh\/mairie\/wp-content\/uploads\/2018\/12\/Sans-titre-1-e1545322450370.jpg\" alt=\"Vivre \u00e0 Ploumilliau n\u00b049\" width=\"150\" height=\"213\" \/><\/a><p id=\"caption-attachment-1482\" class=\"wp-caption-text\"><span style=\"color: #b6bd00;\"><a href=\"http:\/\/ploumilliau.bzh\/mairie\/wp-content\/uploads\/2018\/12\/Composition-bulletin-n\u00b049.pub-1.pdf\">Vivre \u00e0 Ploumilliau n\u00b049<\/a><\/span><\/p><\/div>\n<div id=\"attachment_1365\" style=\"width: 160px\" class=\"wp-caption alignnone\"><a href=\"http:\/\/ploumilliau.bzh\/mairie\/wp-content\/uploads\/2018\/10\/Composition-bulletin-n48.pdf\"><img aria-describedby=\"caption-attachment-1365\" loading=\"lazy\" class=\"wp-image-1365 size-full\" src=\"http:\/\/ploumilliau.bzh\/mairie\/wp-content\/uploads\/2018\/10\/Image-vivre-\u00e0-Ploumilliau-n\u00b048-1.jpg\" alt=\"Vivre \u00e0 Ploumilliau n\u00b048\" width=\"150\" height=\"212\" \/><\/a><p id=\"caption-attachment-1365\" class=\"wp-caption-text\"><span style=\"color: #b6bd00;\"><a href=\"http:\/\/ploumilliau.bzh\/mairie\/wp-content\/uploads\/2018\/10\/Composition-bulletin-n48.pdf\">Vivre \u00e0 Ploumilliau n\u00b048<\/a><\/span><\/p><\/div>\n<div id=\"attachment_620\" style=\"width: 160px\" class=\"wp-caption alignleft\"><a href=\"http:\/\/ploumilliau.bzh\/mairie\/wp-content\/uploads\/2017\/03\/Bulletin-n\u00b047.pdf\"><img aria-describedby=\"caption-attachment-620\" loading=\"lazy\" class=\"size-full wp-image-620\" src=\"http:\/\/ploumilliau.bzh\/mairie\/wp-content\/uploads\/2017\/03\/Vivre-\u00e0-Ploumilliau-OK-e1490623921711.jpg\" alt=\"Vivre \u00e0 Ploumilliau n\u00b047\" width=\"150\" height=\"212\" \/><\/a><p id=\"caption-attachment-620\" class=\"wp-caption-text\"><span style=\"color: #b6bd00;\"><a href=\"http:\/\/ploumilliau.bzh\/mairie\/wp-content\/uploads\/2017\/03\/Bulletin-n\u00b047.pdf\">Vivre \u00e0 Ploumilliau n\u00b047<\/a><\/span><\/p><\/div>\n<div id=\"attachment_620\" style=\"width: 160px\" class=\"wp-caption alignnone\"><a href=\"http:\/\/ploumilliau.bzh\/mairie\/wp-content\/uploads\/2016\/04\/Bulletin-n\u00b044.pdf\"><img aria-describedby=\"caption-attachment-620\" loading=\"lazy\" class=\"size-full wp-image-620\" src=\"http:\/\/ploumilliau.bzh\/mairie\/wp-content\/uploads\/2016\/04\/BM-44-Vignette-e1460725858261.png\" alt=\"Vivre \u00e0 Ploumilliau n\u00b044\" width=\"150\" height=\"212\" \/><\/a><p id=\"caption-attachment-620\" class=\"wp-caption-text\"><span style=\"color: #b6bd00;\"><a href=\"http:\/\/ploumilliau.bzh\/mairie\/wp-content\/uploads\/2016\/04\/Bulletin-n\u00b044.pdf\">Vivre \u00e0 Ploumilliau n\u00b044<\/a><\/span><\/p><\/div>\n<div id=\"attachment_615\" style=\"width: 160px\" class=\"wp-caption alignnone\"><a href=\"http:\/\/ploumilliau.bzh\/mairie\/wp-content\/uploads\/2016\/04\/Bulletin-n\u00b043.pdf\"><img aria-describedby=\"caption-attachment-615\" loading=\"lazy\" class=\"size-full wp-image-615\" src=\"http:\/\/ploumilliau.bzh\/mairie\/wp-content\/uploads\/2016\/04\/BM-43-Vignette-e1460723738784.png\" alt=\"Vivre \u00e0 Ploumilliau n\u00b043\" width=\"150\" height=\"212\" \/><\/a><p id=\"caption-attachment-615\" class=\"wp-caption-text\"><span style=\"color: #b6bd00;\"><a href=\"http:\/\/ploumilliau.bzh\/mairie\/wp-content\/uploads\/2016\/04\/Bulletin-n\u00b043.pdf\">Vivre \u00e0 Ploumilliau n\u00b043<\/a><\/span><\/p><\/div>\n<div id=\"attachment_615\" style=\"width: 160px\" class=\"wp-caption alignnone\"><a href=\"http:\/\/ploumilliau.bzh\/mairie\/wp-content\/uploads\/2016\/04\/Bulletin-n\u00b042.pdf\"><img aria-describedby=\"caption-attachment-615\" loading=\"lazy\" class=\"size-full wp-image-615\" src=\"http:\/\/ploumilliau.bzh\/mairie\/wp-content\/uploads\/2016\/04\/BM-42-Vignette-e1460723877151.png\" alt=\"Vivre \u00e0 Ploumilliau n\u00b042\" width=\"150\" height=\"212\" \/><\/a><p id=\"caption-attachment-615\" class=\"wp-caption-text\"><span style=\"color: #b6bd00;\"><a href=\"http:\/\/ploumilliau.bzh\/mairie\/wp-content\/uploads\/2016\/04\/Bulletin-n\u00b042.pdf\">Vivre \u00e0 Ploumilliau n\u00b042<\/a><\/span><\/p><\/div>\n<div id=\"attachment_615\" style=\"width: 160px\" class=\"wp-caption alignleft\"><a href=\"http:\/\/ploumilliau.bzh\/mairie\/wp-content\/uploads\/2016\/04\/Bulletin-n\u00b041.pdf\"><img aria-describedby=\"caption-attachment-615\" loading=\"lazy\" class=\"size-full wp-image-615\" src=\"http:\/\/ploumilliau.bzh\/mairie\/wp-content\/uploads\/2016\/04\/BM-41-Vignette-e1460724083632.png\" alt=\"Vivre \u00e0 Ploumilliau n\u00b041\" width=\"150\" height=\"212\" \/><\/a><p id=\"caption-attachment-615\" class=\"wp-caption-text\"><span style=\"color: #b6bd00;\"><a href=\"http:\/\/ploumilliau.bzh\/mairie\/wp-content\/uploads\/2016\/04\/Bulletin-n\u00b041.pdf\">Vivre \u00e0 Ploumilliau n\u00b041<\/a><\/span><\/p><\/div>\n\n\n<p><\/p>\n","protected":false},"excerpt":{"rendered":"<p>Le \"Ty Ploum'\" Pour vous informer des \u00e9v\u00e8nements \u00e0 venir nous avons cr\u00e9e le Ty Ploum' afin de compl\u00e9ter notre journal bi-annuel. Voici le dernier : \"Info Ploum'\"\u00a0 \u00a0 Num\u00e9ro actuel : infoPloum' n\u00b062 Num\u00e9ros archiv\u00e9s : \u00a0 infoPloum' n\u00b061 \u00a0 infoPloum' n\u00b060 \u00a0 infoPloum' n\u00b059 Info Ploum' n\u00b058 \u00a0 Info Ploum' n\u00b057 Info Ploum' n\u00b056 Info Ploum' n\u00b055 Info&nbsp;<a href=\"https:\/\/ploumilliau.bzh\/mairie\/bulletin-municipal\/\" class=\"read-more\">Lire la suite<\/a><\/p>\n","protected":false},"author":1,"featured_media":0,"parent":0,"menu_order":0,"comment_status":"closed","ping_status":"closed","template":"","meta":[],"_links":{"self":[{"href":"https:\/\/ploumilliau.bzh\/mairie\/wp-json\/wp\/v2\/pages\/170"}],"collection":[{"href":"https:\/\/ploumilliau.bzh\/mairie\/wp-json\/wp\/v2\/pages"}],"about":[{"href":"https:\/\/ploumilliau.bzh\/mairie\/wp-json\/wp\/v2\/types\/page"}],"author":[{"embeddable":true,"href":"https:\/\/ploumilliau.bzh\/mairie\/wp-json\/wp\/v2\/users\/1"}],"replies":[{"embeddable":true,"href":"https:\/\/ploumilliau.bzh\/mairie\/wp-json\/wp\/v2\/comments?post=170"}],"version-history":[{"count":89,"href":"https:\/\/ploumilliau.bzh\/mairie\/wp-json\/wp\/v2\/pages\/170\/revisions"}],"predecessor-version":[{"id":4670,"href":"https:\/\/ploumilliau.bzh\/mairie\/wp-json\/wp\/v2\/pages\/170\/revisions\/4670"}],"wp:attachment":[{"href":"https:\/\/ploumilliau.bzh\/mairie\/wp-json\/wp\/v2\/media?parent=170"}],"curies":[{"name":"wp","href":"https:\/\/api.w.org\/{rel}","templated":true}]}}