{"id":1807,"date":"2019-07-26T16:08:27","date_gmt":"2019-07-26T14:08:27","guid":{"rendered":"http:\/\/ploumilliau.bzh\/mairie\/?page_id=1807"},"modified":"2025-09-08T14:30:53","modified_gmt":"2025-09-08T12:30:53","slug":"urbanisme-2","status":"publish","type":"page","link":"https:\/\/ploumilliau.bzh\/mairie\/urbanisme-2\/","title":{"rendered":"URBANISME"},"content":{"rendered":"<p><img loading=\"lazy\" class=\"alignnone size-full wp-image-475\" src=\"http:\/\/ploumilliau.bzh\/mairie\/wp-content\/uploads\/2016\/03\/mairie.jpg\" alt=\"mairie\" width=\"762\" height=\"200\" srcset=\"https:\/\/ploumilliau.bzh\/mairie\/wp-content\/uploads\/2016\/03\/mairie.jpg 762w, https:\/\/ploumilliau.bzh\/mairie\/wp-content\/uploads\/2016\/03\/mairie-310x81.jpg 310w\" sizes=\"(max-width: 762px) 100vw, 762px\" \/><\/p>\n<h1><span style=\"color: #bdb600;\">ACCUEIL<\/span><\/h1>\n<p>Le service <strong><span style=\"color: #ff0000;\">URBANISME<\/span><\/strong> a d\u00e9m\u00e9nag\u00e9 !<br \/>Il se situe aujourd'hui dans les locaux des services techniques, rue du Clandy.<br \/>Tel : <span style=\"color: #ff0000;\">02.96.35.31.15<\/span><br \/>Courriel : oriana.marasa@ploumilliau.bzh<\/p>\n<p>Pour tout questionnement, vous pouvez soit vous rendre \u00e0 l'accueil aux horaires ci-dessous, soit prendre rendez-vous par mail ou t\u00e9l\u00e9phone.<\/p>\n<blockquote>\n<p><strong>Horaires des permanences :<\/strong><\/p>\n<p>Lundi : 9h00 - 12h00<br \/>Mardi : 9h00 - 12h00<br \/>Mercredi : 09h00 - 12h00<br \/>Jeudi : 09h00 - 12h00<br \/>Vendredi : 09h00 - 12h00<\/p>\n<p><span style=\"color: #ff99cc;\"><em>Accueil vendredi les semaines paires<\/em><\/span><\/p>\n<p>Ou sur RV l'apr\u00e8s-midi<\/p>\n<\/blockquote>\n<h1>\u00a0<\/h1>\n<h1><span style=\"color: #bdb600;\">LE PLAN LOCAL DE L'URBANISME<\/span><\/h1>\n<p>Le <strong>Plan local d\u2019urbanisme de Ploumilliau<\/strong> a \u00e9t\u00e9 approuv\u00e9 par d\u00e9lib\u00e9ration du conseil municipal en date du 5 mars 2009. Vous trouverez ci-dessous au format pdf les plans de zonage ainsi que le r\u00e8glement d\u2019urbanisme en libre consultation :<br \/><span style=\"color: #ff9900;\"><a style=\"color: #ff9900;\" href=\"http:\/\/ploumilliau.bzh\/mairie\/wp-content\/uploads\/2016\/03\/plu_ploumilliau_zone1.pdf\" target=\"_blank\" rel=\"noopener noreferrer\">Plan zonage 1 Ploumilliau Ouest<\/a><\/span><br \/><span style=\"color: #ff9900;\"><a style=\"color: #ff9900;\" href=\"http:\/\/ploumilliau.bzh\/mairie\/wp-content\/uploads\/2016\/03\/plu_ploumilliau_zone2.pdf\" target=\"_blank\" rel=\"noopener noreferrer\">Plan zonage 2 Ploumilliau Est<\/a><\/span><br \/><span style=\"color: #ff9900;\"><a style=\"color: #ff9900;\" href=\"http:\/\/ploumilliau.bzh\/mairie\/wp-content\/uploads\/2016\/03\/plu_ploumilliau_reglement2009.pdf\" target=\"_blank\" rel=\"noopener noreferrer\">R\u00e8glement d\u2019urbanisme - Ploumilliau - mars 2009<\/a><\/span><\/p>\n<h1>\u00a0<\/h1>\n<h1><span style=\"color: #bdb600;\">LE CADASTRE<\/span><\/h1>\n<p>Vous pouvez obtenir une copie d\u2019extrait cadastral sur :<br \/><span style=\"color: #ff9900;\"><a style=\"color: #ff9900;\" href=\"http:\/\/www.cadastre.gouv.fr\/\" target=\"_blank\" rel=\"noopener noreferrer\">www.cadastre.gouv.fr<\/a><\/span><\/p>\n<h1>\u00a0<\/h1>\n<h1><span style=\"color: #bdb600;\">LES AUTORISATIONS D'URBANISME<\/span><\/h1>\n<h3><strong>D\u00e9poser une demande d\u2019Autorisation d\u2019urbanisme<\/strong><\/h3>\n<p>\u00c0 partir du le 1er janvier 2022, les habitants de PLOUMILLIAU peuvent d\u00e9poser leurs demandes d\u2019autorisations d\u2019urbanisme sous forme num\u00e9rique (Permis de construire, d\u00e9clarations pr\u00e9alables, certificats d\u2019urbanisme\u2026).<\/p>\n<p>Ce guichet num\u00e9rique des autorisations d\u2019urbanisme permet de d\u00e9poser les demandes d\u2019urbanisme sous forme d\u00e9mat\u00e9rialis\u00e9e depuis un espace personnel o\u00f9 le p\u00e9titionnaire peut <strong>suivre l\u2019avancement des dossiers d\u00e9pos\u00e9s.<\/strong><\/p>\n<p>Pour d\u00e9poser votre dossier en ligne cliquez sur le lien suivant :\u00a0<a href=\"https:\/\/gnau.lannion-tregor.com\"><strong>https:\/\/gnau.lannion-tregor.com<\/strong><\/a><\/p>\n<p>Suite \u00e0 votre d\u00e9p\u00f4t en ligne,\u00a0vous devez recevoir\u00a0 sur votre messagerie:\u00a0<\/p>\n<p><strong>un AEE<\/strong> : Accus\u00e9 d'envoi \u00e9lectronique sous 1 jour. Cet AEE atteste de la r\u00e9ception de votre dossier par le service urbanisme de la commune. Il justifie de la date de d\u00e9marrage des d\u00e9lais d'instruction.<\/p>\n<p><strong>un ARE<\/strong> : Accus\u00e9 de r\u00e9ception \u00e9lectronique sous un d\u00e9lai de 10 jours maximum. Cet ARE atteste de la r\u00e9ception et de l'enregistrement de votre dossier par le service Urbanisme de la commune. Il vous donne le num\u00e9ro d'enregistrement de votre dossier.<\/p>\n<p><u><span style=\"color: #ff0000;\">ATTENTION :<\/span>\u00a0<\/u><br \/>Si vous n'avez pas re\u00e7u d'AEE et\/ou ARE dans les d\u00e9lais indiqu\u00e9s, vous devez prendre contact avec le support GNAU :\u00a0<a href=\"mailto:gnau.demat@lannion-tregor.communaut%C3%A9\">gnau.demat@lannion-tregor.communaut\u00e9<\/a><\/p>\n<p>Les demandes d\u2019urbanisme par papier restent possibles par voie postale ou en se pr\u00e9sentant en mairie aux horaires d\u2019ouverture.<\/p>\n<p><span style=\"color: #ff9900;\"><a style=\"color: #ff9900;\" href=\"https:\/\/www.service-public.fr\/particuliers\/vosdroits\/N319\" target=\"_blank\" rel=\"noopener noreferrer\">Autorisations d'urbanisme<\/a><\/span><\/p>\n<p>\u00a0<\/p>\n<h1><span style=\"color: #bdb600;\">PERMANENCES ABF<\/span><\/h1>\n<h2>Rencontrer l'Architecte des B\u00e2timents de France<\/h2>\n<p><strong>L'Architecte des B\u00e2timents de France (ABF) propose des permanences sur notre territoire afin d'accompagner les porteurs de projet situ\u00e9s en secteur prot\u00e9g\u00e9 ou \u00e0 proximit\u00e9 de monuments historiques.<\/strong><\/p>\n<p>Une permanence est donc programm\u00e9e chaque mois. Les Architectes de B\u00e2timents de France se tiennent \u00e0 votre disposition pour \u00e9changer et r\u00e9pondre \u00e0 vos questions relatives aux d\u00e9clarations ou autorisations d'urbanisme (projet refus\u00e9, projet cons\u00e9quent ou sur b\u00e2timent d'int\u00e9r\u00eat patrimonial).<\/p>\n<p>Les rendez-vous sont uniquement\u00a0<strong>sur inscription<\/strong>\u00a0:<\/p>\n<ul>\n<li>les permanences se tiennent \u00e0 Lannion-Tr\u00e9gor communaut\u00e9 B\u00e2timent A, rue Claude Chappe \u00e0 Lannion.<\/li>\n<li>La demande de rendez-vous s'effectue aupr\u00e8s du service Application du Droit des Sols (ADS) de Lannion-Tr\u00e9gor Communaut\u00e9 au 02 96 05 09 00 ou par mail \u00e0 l'adresse <a href=\"mailto:urbanisme@lannion-tregor.com\">urbanisme@lannion-tregor.com<\/a><\/li>\n<\/ul>\n<p><strong>Il conviendra pour ces rendez-vous de pr\u00e9voir un descriptif pr\u00e9vis du projet, du site et de ses alentours (photos) ainsi que \u00e0 minima une esquisse.<\/strong><\/p>\n\n\n<p><\/p>\n","protected":false},"excerpt":{"rendered":"<p>ACCUEIL Le service URBANISME a d\u00e9m\u00e9nag\u00e9 !Il se situe aujourd'hui dans les locaux des services techniques, rue du Clandy.Tel : 02.96.35.31.15Courriel : oriana.marasa@ploumilliau.bzh Pour tout questionnement, vous pouvez soit vous rendre \u00e0 l'accueil aux horaires ci-dessous, soit prendre rendez-vous par mail ou t\u00e9l\u00e9phone. Horaires des permanences : Lundi : 9h00 - 12h00Mardi : 9h00 - 12h00Mercredi : 09h00 - 12h00Jeudi&nbsp;<a href=\"https:\/\/ploumilliau.bzh\/mairie\/urbanisme-2\/\" class=\"read-more\">Lire la suite<\/a><\/p>\n","protected":false},"author":2,"featured_media":0,"parent":0,"menu_order":0,"comment_status":"closed","ping_status":"closed","template":"","meta":[],"_links":{"self":[{"href":"https:\/\/ploumilliau.bzh\/mairie\/wp-json\/wp\/v2\/pages\/1807"}],"collection":[{"href":"https:\/\/ploumilliau.bzh\/mairie\/wp-json\/wp\/v2\/pages"}],"about":[{"href":"https:\/\/ploumilliau.bzh\/mairie\/wp-json\/wp\/v2\/types\/page"}],"author":[{"embeddable":true,"href":"https:\/\/ploumilliau.bzh\/mairie\/wp-json\/wp\/v2\/users\/2"}],"replies":[{"embeddable":true,"href":"https:\/\/ploumilliau.bzh\/mairie\/wp-json\/wp\/v2\/comments?post=1807"}],"version-history":[{"count":25,"href":"https:\/\/ploumilliau.bzh\/mairie\/wp-json\/wp\/v2\/pages\/1807\/revisions"}],"predecessor-version":[{"id":4685,"href":"https:\/\/ploumilliau.bzh\/mairie\/wp-json\/wp\/v2\/pages\/1807\/revisions\/4685"}],"wp:attachment":[{"href":"https:\/\/ploumilliau.bzh\/mairie\/wp-json\/wp\/v2\/media?parent=1807"}],"curies":[{"name":"wp","href":"https:\/\/api.w.org\/{rel}","templated":true}]}}