{"id":1819,"date":"2019-07-26T16:50:20","date_gmt":"2019-07-26T14:50:20","guid":{"rendered":"http:\/\/ploumilliau.bzh\/mairie\/?page_id=1819"},"modified":"2023-10-30T14:30:24","modified_gmt":"2023-10-30T13:30:24","slug":"divers","status":"publish","type":"page","link":"https:\/\/ploumilliau.bzh\/mairie\/divers\/","title":{"rendered":"DIVERS"},"content":{"rendered":"<p><img loading=\"lazy\" class=\"alignnone size-full wp-image-475\" src=\"http:\/\/ploumilliau.bzh\/mairie\/wp-content\/uploads\/2016\/03\/mairie.jpg\" alt=\"mairie\" width=\"762\" height=\"200\" srcset=\"https:\/\/ploumilliau.bzh\/mairie\/wp-content\/uploads\/2016\/03\/mairie.jpg 762w, https:\/\/ploumilliau.bzh\/mairie\/wp-content\/uploads\/2016\/03\/mairie-310x81.jpg 310w\" sizes=\"(max-width: 762px) 100vw, 762px\" \/><\/p>\n<h1><span style=\"color: #bdb600;\">D\u00c9M\u00c9NAGEMENT\u00a0 <\/span><\/h1>\n<p>Si vous d\u00e9m\u00e9nagez, n\u2019oubliez surtout pas de faire le changement d\u2019adresse sur la carte grise de vos v\u00e9hicules dans un d\u00e9lai d\u2019un mois. Cette formalit\u00e9 est obligatoire et vous risquez une amende en cas d\u2019infraction.<br \/>\nLe changement d\u2019adresse sur la carte d\u2019identit\u00e9 et le passeport est facultatif.<br \/>\nN\u2019oubliez pas non plus de vous inscrire sur la liste \u00e9lectorale de votre nouvelle commune avant le 31 d\u00e9cembre.<br \/>\n<span style=\"color: #ff9900;\"><a style=\"color: #ff9900;\" href=\"https:\/\/www.service-public.fr\/particuliers\/vosdroits\/F14128\" target=\"_blank\" rel=\"noopener noreferrer\">En savoir plus ...<\/a><\/span><\/p>\n<h1><\/h1>\n<h1><span style=\"color: #bdb600;\">CARTE GRISE<\/span><\/h1>\n<p>Lorsque vous vendez ou achetez un v\u00e9hicule d\u2019occasion, vous devez remplir un certain nombre de d\u00e9marches. Vous trouverez ci-dessous un flyer explicatif et un lien vous permettant de t\u00e9l\u00e9charger et d\u2019imprimer les formulaires dont vous aurez besoin :<\/p>\n<p><a href=\"https:\/\/ploumilliau.bzh\/mairie\/wp-content\/uploads\/2023\/10\/Flyer-PPNG-CIV-National.pdf\">Flyer.gouv<\/a><br \/>\n<span style=\"color: #ff9900;\"><a style=\"color: #ff9900;\" href=\"https:\/\/www.service-public.fr\/particuliers\/vosdroits\/F1707\" target=\"_blank\" rel=\"noopener noreferrer\">En savoir plus ...<\/a><\/span><\/p>\n<p>Ci-dessous un message de sensibilisation de la r\u00e9gion Bretagne concernant les fraudes :<\/p>\n<p><span style=\"color: #ff0000;\"><em><b>Carte grise - D\u00e9marches administratives 2023 (Arnaque aux faux sites administratifs dans le d\u00e9partement )<\/b><\/em><\/span><\/p>\n<p><span style=\"color: #ff0000;\"><em>L'int\u00e9gralit\u00e9 des demandes li\u00e9es \u00e0 la carte grise sont \u00e0 effectuer sur internet sur le site officiel :\u00a0<a style=\"color: #ff0000;\" href=\"https:\/\/immatriculation.ants.gouv.fr\/\" target=\"_blank\" rel=\"noopener\">https:\/\/immatriculation.ants.gouv.fr\/<\/a> et UNIQUEMENT sur ce site ! Les personnes pr\u00e9f\u00e9rant b\u00e9n\u00e9ficier d\u2019un accompagnement peuvent s\u2019adresser \u00e0 un garagiste agr\u00e9\u00e9 par la pr\u00e9fecture.<\/em><\/span><\/p>\n<p><span style=\"color: #ff0000;\"><strong>ATTENTION !<\/strong>\u00a0<\/span><\/p>\n<p><span style=\"color: #ff0000;\"><em>Il existe d'autres sites frauduleux, dont l'apparence donne l'impression d'avoir \u00e0 faire \u00e0 un site gouvernemental, qui proposent les d\u00e9marches pour le certificat d'immatriculation pour un co\u00fbt sup\u00e9rieur. Afin de vous informer correctement sur le prix r\u00e9el de la carte grise, veuillez consulter <a style=\"color: #ff0000;\" href=\"https:\/\/www.kit-embrayage.fr\/blog\/prix-carte-grise-calcul-et-taxe-fiscale\/\">cette notice explicative<\/a>.\u00a0<\/em><\/span><\/p>\n<p><em><span style=\"color: #ff0000;\">E<\/span><span style=\"color: #ff0000;\"><em>n c<\/em>as de perte de votre certificat d'immatriculation, consultez <a style=\"color: #ff0000;\" href=\"https:\/\/www.courroie-distribution.fr\/blog\/que-faire-en-cas-de-perte-de-carte-grise\/\">les d\u00e9marches<\/a>. Si vous \u00e9prouvez des difficult\u00e9s \u00e0 effectuer votre demande sur le site officiel, vous pouvez vous tourner vers un garagiste agr\u00e9\u00e9 par la pr\u00e9fecture qui vous aidera pour vos d\u00e9marches (Carte grise, <a style=\"color: #ff0000;\" href=\"https:\/\/www.changement-amortisseur.fr\/\">d\u00e9marches automobile<\/a> \u2026 )<\/span><\/em><\/p>\n<h1><\/h1>\n<h1><span style=\"color: #bdb600;\">RECENSEMENT CITOYEN<\/span><\/h1>\n<p>Les jeunes, gar\u00e7ons et filles, doivent se faire recenser en mairie de leur domicile d\u00e8s qu\u2019ils atteignent l\u2019\u00e2ge de <strong>16 ans<\/strong>. Se pr\u00e9senter en mairie avec le livret de famille, une pi\u00e8ce d\u2019identit\u00e9 et un justificatif de domicile.<\/p>\n<p>ATTENTION, le recensement se faisant par trimestre, vous poss\u00e9derez one attestation de recensement mais, concernant la JDC, elle ne sera adress\u00e9e au Centre de Brest qu'au cours du trimestre suivant. Par exemple, si vous vous recensez le 10 juillet, le centre national ne recevra votre inscription qu'au cours du mois d'octobre. Votre appel se fera donc plus tard !<\/p>\n<p>Coordonn\u00e9es du Centre de Service National et de la Jeunesse (dont nous d\u00e9pendons si besoin d'informations compl\u00e9mentaires) :<\/p>\n<p>https:\/\/demarchesadministratives.fr\/centre-du-service-national\/ploumilliau-22300<br \/>\n<span style=\"color: #ff9900;\"><a style=\"color: #ff9900;\" href=\"https:\/\/www.service-public.fr\/particuliers\/vosdroits\/F870\" target=\"_blank\" rel=\"noopener noreferrer\">En savoir plus ...<\/a><\/span><\/p>\n<h1><\/h1>\n<h1><span style=\"color: #bdb600;\">LISTE \u00c9LECTORALE<\/span><\/h1>\n<ul>\n<li>\n<h3><span style=\"color: #bdb600;\">Inscription<\/span><\/h3>\n<\/li>\n<\/ul>\n<p>Pour vous inscrire sur les listes \u00e9lectorales et pouvoir voter \u00e0 Ploumilliau, vous devez vous inscrire :<\/p>\n<ul>\n<li>soit AU PLUS TARD le<strong> 4 mai 2022<\/strong> en ligne avec <span style=\"color: #0000ff;\">FranceConnect<\/span><\/li>\n<li>Soit AU PLUS TARD le <strong>6 mai 2022<\/strong> en vous pr\u00e9sentant en mairie muni(e) d\u2019une pi\u00e8ce d\u2019identit\u00e9 et d\u2019un justificatif de domicile de moins de 3 mois.<br \/>\n<span style=\"color: #ff9900;\"><a style=\"color: #ff9900;\" href=\"https:\/\/www.service-public.fr\/particuliers\/vosdroits\/F1372\" target=\"_blank\" rel=\"noopener noreferrer\">En savoir plus ...<\/a><\/span><\/li>\n<\/ul>\n<ul>\n<li>\n<h3><span style=\"color: #bdb600;\">Procuration<\/span><\/h3>\n<\/li>\n<\/ul>\n<p>Les procurations peuvent \u00eatre \u00e9tablies de deux mani\u00e8res diff\u00e9rentes : soit avec un formulaire Cerfa (<a href=\"https:\/\/www.service-public.fr\/particuliers\/vosdroits\/R12675\"><span style=\"color: #ff9900;\">https:\/\/www.service-public.fr\/particuliers\/vosdroits\/R12675<\/span><\/a>), soit en ligne via le t\u00e9l\u00e9service <span style=\"color: #0000ff;\">MaProcuration<\/span>.<\/p>\n<p>Attention, les formulaires Cerfa ont chang\u00e9 depuis le 1er janvier 2022. Le mandant doit d\u00e9sormais renseigner son num\u00e9ro national d\u2019\u00e9lecteur et celui de son mandataire. Ce nouveau num\u00e9ro national de 8 ou 9 chiffres est propre \u00e0 chacun des 48 millions d\u2019\u00e9lecteurs. Il figure d\u00e9sormais sur les cartes \u00e9lectorales et peut \u00eatre trouv\u00e9 sur le site (<a href=\"https:\/\/www.service-public.fr\/particuliers\/vosdroits\/R51788\"><span style=\"color: #ff9900;\">https:\/\/www.service-public.fr\/particuliers\/vosdroits\/R51788<\/span><\/a>)<\/p>\n<ul>\n<li>\n<h3><span style=\"color: #bdb600;\">Modification d'\u00e9tat civil sur les listes \u00e9lectorales<\/span><\/h3>\n<\/li>\n<\/ul>\n<p>2019 a vu la mise en application du r\u00e9pertoire \u00e9lectoral unique (REU) g\u00e9r\u00e9 par l\u2019Insee aux fins de gestion du processus \u00e9lectoral.<br \/>\nConform\u00e9ment \u00e0 la l\u00e9gislation, dans toute la France, une nouvelle carte a \u00e9t\u00e9 \u00e9dit\u00e9e pour chaque \u00e9lecteur comportant le\u00a0<strong>num\u00e9ro d\u2019identifiant national d\u2019\u00e9lecteur.<\/strong><br \/>\nLes \u00e9lecteurs sont d\u00e9sormais inscrits selon\u00a0<strong>leur \u00e9tat civil connu<\/strong>\u00a0dans le r\u00e9pertoire national d\u2019identification des personnes physiques (RNIPP).<br \/>\n<strong><span style=\"color: #ff0000;\">Les mairies n\u2019ont pas acc\u00e8s et ne peuvent pas modifier l\u2019\u00e9tat civil des \u00e9lecteurs<\/span> (nom de naissance, pr\u00e9noms, date et lieu de naissance).<\/strong><br \/>\nEn cas d\u2019erreur sur l\u2019\u00e9tat civil figurant sur votre nouvelle carte \u00e9lectorale, il convient de demander \u00e0\u00a0<strong>l\u2019Insee<\/strong>\u00a0une modification du r\u00e9pertoire national d\u2019identification des personnes physiques (RNIPP).<br \/>\nVous devez \u00eatre en possession\u00a0de votre :<\/p>\n<ul>\n<li>Acte de naissance (copie int\u00e9grale ou extrait avec filiation)<\/li>\n<li>Num\u00e9ro d'identification du r\u00e9pertoire (num\u00e9ro de s\u00e9curit\u00e9 sociale)<\/li>\n<\/ul>\n<p>Les corrections demand\u00e9es doivent \u00eatre conformes aux informations contenues\u00a0<strong>sur votre acte de naissance.<\/strong><br \/>\nVous pouvez utiliser ce service uniquement pour rectifier les informations d'une personne n\u00e9e en France m\u00e9tropolitaine, dans un\u00a0<a class=\"link-external\" href=\"https:\/\/www.service-public.fr\/particuliers\/glossaire\/R41207\" target=\"_blank\" rel=\"noopener noreferrer\" aria-label=\"d\u00e9partement d'outre-mer (Dom) : Guadeloupe - Guyane - Martinique - Mayotte - La R\u00e9union (Nouvelle fen\u00eatre)\">d\u00e9partement d'outre-mer (Dom)<\/a>\u00a0ou dans\u00a0<a class=\"link-external\" href=\"https:\/\/www.service-public.fr\/particuliers\/glossaire\/R52225\" target=\"_blank\" rel=\"noopener noreferrer\" aria-label=\"certaines collectivit\u00e9s d'outre-mer : Polyn\u00e9sie Fran\u00e7aise, Saint-Barth\u00e9l\u00e9my, Saint-Martin et Saint-Pierre-et-Miquelon (Nouvelle fen\u00eatre)\">certaines collectivit\u00e9s d'outre-mer<\/a>.<br \/>\nVous devez effectuer cette d\u00e9marche administrative par Internet sur\u00a0:\u00a0<span style=\"color: #ff9900;\"><a class=\"link-external\" style=\"color: #ff9900;\" href=\"https:\/\/www.service-public.fr\/particuliers\/vosdroits\/R49454\" target=\"_blank\" rel=\"noopener noreferrer\" aria-label=\"https:\/\/www.service-public.fr\/particuliers\/vosdroits\/R49454 (Nouvelle fen\u00eatre)\">https:\/\/www.service-public.fr\/particuliers\/vosdroits\/R49454<\/a><\/span><\/p>\n<p>Les personnes n\u00e9es \u00e0 l\u2019\u00e9tranger, en Nouvelle-Cal\u00e9donie ou \u00e0 Wallis-et-Futuna doivent s\u2019adresser directement \u00e0 l\u2019organisme qui g\u00e8re les droits sociaux (caisse de retraite, s\u00e9curit\u00e9 sociale \u2026)<\/p>\n<h1><\/h1>\n<h1><span style=\"color: #bdb600;\">LA FOURRIERE ANIMALE<\/span><\/h1>\n<p>Coordonn\u00e9es de la soci\u00e9t\u00e9 sous contrat avec la commune :<br \/>\nSACPA CHENIL SERVICE - Rue Pierre et Marie Curie - 22190 PLERIN - 02 96 58 03 72 - <a href=\"http:\/\/www.groupesacpa-chenilservice.fr\/\" target=\"_blank\" rel=\"noopener noreferrer\"><span style=\"color: #ff9900;\">Site internet<\/span><br \/>\n<\/a><strong>D\u00e9lais l\u00e9gaux de garde des animaux en fourri\u00e8re<\/strong><br \/>\n<em>Art. L 211-25 et 26 du Code Rural<\/em><br \/>\n<strong>\u203a Pour les animaux non identifi\u00e9s<\/strong> (sans tatouage ni puce \u00e9lectronique) : les d\u00e9lais de garde en fourri\u00e8re sont de 8 jours ouvr\u00e9s et francs. A l\u2019issue de ce d\u00e9lai, si l\u2019animal est jug\u00e9 adoptable par le v\u00e9t\u00e9rinaire, il est propos\u00e9 gratuitement, tatou\u00e9 et vaccin\u00e9, \u00e0 une association de protection animale.<br \/>\n<strong>\u203a Pour les animaux identifi\u00e9s<\/strong> (avec tatouage ou puce \u00e9lectronique) : les d\u00e9lais de garde sont de 8 jours ouvr\u00e9s et francs. A l\u2019issue de ce d\u00e9lai, si l\u2019animal est jug\u00e9 adoptable par le v\u00e9t\u00e9rinaire, il est propos\u00e9 gratuitement, tatou\u00e9 et vaccin\u00e9, \u00e0 une association de protection animale.<br \/>\n<strong>RAPPEL :<\/strong> La non reprise de l\u2019animal par son propri\u00e9taire constitue un abandon r\u00e9prim\u00e9 par l\u2019article 521-1 du Code P\u00e9nal ; le contrevenant est passible d\u2019une amende de 30 000 euros et de 2 ans d\u2019emprisonnement.<\/p>\n<div class=\"hr\"><\/div>\n","protected":false},"excerpt":{"rendered":"<p>D\u00c9M\u00c9NAGEMENT\u00a0 Si vous d\u00e9m\u00e9nagez, n\u2019oubliez surtout pas de faire le changement d\u2019adresse sur la carte grise de vos v\u00e9hicules dans un d\u00e9lai d\u2019un mois. Cette formalit\u00e9 est obligatoire et vous risquez une amende en cas d\u2019infraction. Le changement d\u2019adresse sur la carte d\u2019identit\u00e9 et le passeport est facultatif. N\u2019oubliez pas non plus de vous inscrire sur la liste \u00e9lectorale de&nbsp;<a href=\"https:\/\/ploumilliau.bzh\/mairie\/divers\/\" class=\"read-more\">Lire la suite<\/a><\/p>\n","protected":false},"author":2,"featured_media":0,"parent":0,"menu_order":0,"comment_status":"closed","ping_status":"closed","template":"","meta":[],"_links":{"self":[{"href":"https:\/\/ploumilliau.bzh\/mairie\/wp-json\/wp\/v2\/pages\/1819"}],"collection":[{"href":"https:\/\/ploumilliau.bzh\/mairie\/wp-json\/wp\/v2\/pages"}],"about":[{"href":"https:\/\/ploumilliau.bzh\/mairie\/wp-json\/wp\/v2\/types\/page"}],"author":[{"embeddable":true,"href":"https:\/\/ploumilliau.bzh\/mairie\/wp-json\/wp\/v2\/users\/2"}],"replies":[{"embeddable":true,"href":"https:\/\/ploumilliau.bzh\/mairie\/wp-json\/wp\/v2\/comments?post=1819"}],"version-history":[{"count":25,"href":"https:\/\/ploumilliau.bzh\/mairie\/wp-json\/wp\/v2\/pages\/1819\/revisions"}],"predecessor-version":[{"id":4122,"href":"https:\/\/ploumilliau.bzh\/mairie\/wp-json\/wp\/v2\/pages\/1819\/revisions\/4122"}],"wp:attachment":[{"href":"https:\/\/ploumilliau.bzh\/mairie\/wp-json\/wp\/v2\/media?parent=1819"}],"curies":[{"name":"wp","href":"https:\/\/api.w.org\/{rel}","templated":true}]}}