{"id":1839,"date":"2019-07-27T08:48:23","date_gmt":"2019-07-27T06:48:23","guid":{"rendered":"http:\/\/ploumilliau.bzh\/mairie\/?page_id=1839"},"modified":"2024-10-18T11:20:32","modified_gmt":"2024-10-18T09:20:32","slug":"etat-civil","status":"publish","type":"page","link":"https:\/\/ploumilliau.bzh\/mairie\/etat-civil\/","title":{"rendered":"\u00c9TAT-CIVIL"},"content":{"rendered":"<p><img loading=\"lazy\" class=\"alignnone size-full wp-image-475\" src=\"http:\/\/ploumilliau.bzh\/mairie\/wp-content\/uploads\/2016\/03\/mairie.jpg\" alt=\"mairie\" width=\"762\" height=\"200\" srcset=\"https:\/\/ploumilliau.bzh\/mairie\/wp-content\/uploads\/2016\/03\/mairie.jpg 762w, https:\/\/ploumilliau.bzh\/mairie\/wp-content\/uploads\/2016\/03\/mairie-310x81.jpg 310w\" sizes=\"(max-width: 762px) 100vw, 762px\" \/><\/p>\n<h1><\/h1>\n<h1><span style=\"color: #bdb600;\">\u00c9tat-Civil <\/span><span style=\"font-size: 11px; color: #bdb600;\">\u00a0<\/span><\/h1>\n<ul>\n<li>\n<h4><strong><span style=\"color: #b6bd00;\">CONDITIONS DE D\u00c9LIVRANCE DES ACTES D'\u00c9TAT-CIVIL<\/span><\/strong><\/h4>\n<p>Les actes d\u2019\u00e9tat-civil sont d\u00e9livr\u00e9s gratuitement. Aucune demande d\u2019acte d\u2019\u00e9tat civil ne sera trait\u00e9e par simple appel t\u00e9l\u00e9phonique. La confidentialit\u00e9 des actes est prot\u00e9g\u00e9e par des conditions strictes de d\u00e9livrance. Pour obtenir une copie d\u2019acte (complet) de naissance et de mariage, le demandeur doit satisfaire trois conditions (articles 9 et 11 du d\u00e9cret n\u00b097 852 du 16 septembre 1997) :<br \/>\n\u203a Etre la personne concern\u00e9e par l\u2019acte ou son conjoint, ses ascendants ou descendants, son repr\u00e9sentant l\u00e9gal (donc ses fr\u00e8res et s\u0153urs sont exclus) ;<br \/>\n\u203a Etre majeur ou \u00e9mancip\u00e9<br \/>\n\u203a D\u00e9cliner, lors de la demande, les nom et pr\u00e9nom usuel des parents de la personne que l\u2019acte concerne. Remarques :<br \/>\n\u203a Toute personne peut obtenir un extrait sans filiation d\u2019acte de naissance ou de mariage.<br \/>\n\u203a Les copies d\u2019actes de d\u00e9c\u00e8s sont communicables \u00e0 tout requ\u00e9rant.<br \/>\n\u203a Les administrations publiques sp\u00e9cifiquement autoris\u00e9es et les notaires et avocats, avec indication de la qualit\u00e9 de la personne qui a donn\u00e9 le mandat, peuvent avoir acc\u00e8s aux pi\u00e8ces de l\u2019Etat-civil d\u2019un tiers et sont invit\u00e9es \u00e0 formuler leur demande d\u2019acte par courrier compte tenu de la n\u00e9cessit\u00e9 de produire un justificatif.<br \/>\n\u203a La consultation directe des registres n\u2019est possible par les particuliers qu\u2019avec l\u2019accord express de Monsieur le Procureur de la R\u00e9publique. La dur\u00e9e de validit\u00e9 des copies et extraits d\u2019actes n\u2019est pas limit\u00e9e dans le temps. Les seules exceptions, ramenant \u00e0 3 mois cette validit\u00e9, concernent les dossiers de mariage, les demandes de certificat de nationalit\u00e9 fran\u00e7aise, l\u2019inscription au Registre du Commerce et la demande d\u2019\u00e9tablissement d\u2019une Carte Nationale d\u2019Identit\u00e9.<br \/>\n<strong><em>NB : La mairie de Ploumilliau ne peut \u00e9videmment d\u00e9livrer que les actes de naissances, mariages ou d\u00e9c\u00e8s enregistr\u00e9s \u00e0 Ploumilliau ...<\/em><\/strong><\/li>\n<\/ul>\n<ul>\n<li>\n<h4><strong><span style=\"color: #b6bd00;\">EXTRAIT D'ACTE DE NAISSANCE - DE MARIAGE - DE D\u00c9C\u00c8S<\/span><\/strong><\/h4>\n<p>D\u00e9livrance sur place en mairie sur pr\u00e9sentation d\u2019une pi\u00e8ce d\u2019identit\u00e9 ou par courrier en pr\u00e9cisant les renseignements indispensables (nom et pr\u00e9noms, date de naissance, filiation). Vous pouvez aussi imprimer le formulaire de demande ci-dessous et nous l\u2019adresser par courrier :<br \/>\n<a href=\"http:\/\/ploumilliau.bzh\/mairie\/wp-content\/uploads\/2016\/03\/demande_acte.pdf\" target=\"_blank\" rel=\"noopener noreferrer\">Formulaire de demande d'acte<\/a><\/li>\n<\/ul>\n<ul>\n<li>\n<h4><strong><span style=\"color: #b6bd00;\">ACTES D'\u00c9TAT-CIVIL \u00c9TABLIS \u00c0 L'\u00c9TRANGER<\/span><\/strong><\/h4>\n<p>Les demandes d\u2019actes des fran\u00e7ais n\u00e9s, mari\u00e9s, d\u00e9c\u00e9d\u00e9s \u00e0 l\u2019\u00e9tranger doivent \u00eatre adress\u00e9es au :<br \/>\nMinist\u00e8re des Affaires \u00e9trang\u00e8res<br \/>\nService central d\u2019Etat civil<br \/>\n11, rue de la Maison Blanche<br \/>\n44941 NANTES Cedex 09<br \/>\n<a href=\"http:\/\/www.diplomatie.gouv.fr\/fr\/services-aux-citoyens\/etat-civil-et-nationalite-francaise\/demarches-relatives-aux-actes-d\/article\/delivrance-d-un-acte-d-etat-civil\" target=\"_blank\" rel=\"noopener noreferrer\">En savoir plus ...<\/a><\/li>\n<\/ul>\n<ul>\n<li>\n<h4><strong><span style=\"color: #b6bd00;\">D\u00c9CLARATION DE D\u00c9C\u00c8S ACTES<\/span><\/strong><\/h4>\n<p>\u203a A la mairie du lieu du d\u00e9c\u00e8s dans les 24 h (jours ouvrables)<br \/>\n\u203a A fournir : Certificat m\u00e9dical et livret de famille ou extrait d\u2019acte de naissance du d\u00e9funt.<\/li>\n<\/ul>\n<ul>\n<li>\n<h4><strong><span style=\"color: #b6bd00;\">DOSSIER DE MARIAGE<\/span><\/strong><\/h4>\n<p>Prenez contact avec le secr\u00e9tariat pour \u00e9tablir un dossier si vous voulez vous marier dans notre belle commune !<\/li>\n<\/ul>\n<ul>\n<li>\n<h4><strong><span style=\"color: #b6bd00;\">DOSSIER PACS - Pacte Civil de Solidarit\u00e9 :<br \/>\n<\/span><\/strong><\/h4>\n<p>Le pacte civil de solidarit\u00e9 (PACS) est un contrat conclu entre deux personnes majeures, de sexe diff\u00e9rent ou identique, pour organiser leur vie commune. Le PACS est issu de la loi n)99-944 du 15 novembre 1999, r\u00e9form\u00e9e par la loi n\u00b0 2006-723 du 23 juin 2006.<br \/>\n\u203a Le lieu d'enregistrement du PACS d\u00e9pend du lieu de la r\u00e9sidence commune.<\/li>\n<\/ul>\n<ul>\n<li>\n<h4><strong><span style=\"color: #b6bd00;\">RECONNAISSANCE DE PATERNIT\u00c9<\/span><\/strong><\/h4>\n<p>Depuis le 1er juillet 2006, lorsque les parents ne sont pas mari\u00e9s entre eux, la filiation s\u2019\u00e9tablit diff\u00e9remment \u00e0 l\u2019\u00e9gard du p\u00e8re et de la m\u00e8re. Le p\u00e8re doit en principe reconna\u00eetre l\u2019enfant. La reconnaissance peut \u00eatre faite avant la naissance, dans l\u2019acte de naissance, ou ult\u00e9rieurement. La filiation maternelle s\u2019\u00e9tablit automatiquement \u00e0 l\u2019\u00e9gard de la m\u00e8re par l\u2019indication de son nom dans l\u2019acte de naissance. Cette disposition s\u2019applique m\u00eame si l\u2019enfant est n\u00e9 avant le 1er juillet 2006.<br \/>\nFormalit\u00e9 : Se pr\u00e9senter dans n\u2019importe quelle mairie, muni d\u2019une pi\u00e8ce d\u2019identit\u00e9 des 2 futurs parents, d'un justificatif de domicile, et faire une d\u00e9claration \u00e0 l\u2019\u00e9tat civil.<\/li>\n<\/ul>\n<ul>\n<li>\n<h4><strong><span style=\"color: #b6bd00;\">PI\u00c8CE D'IDENTIT\u00c9<\/span><\/strong><\/h4>\n<p>Les demandes de carte d'identit\u00e9 et passeport se font dans les mairies dot\u00e9es du dispositif (Plouaret, Plestin, Lannion, Morlaix, Perros-Guirec.....)<strong> uniquement sur rendez-vous<br \/>\n<\/strong>Pour gagner du temps et faciliter les d\u00e9marches, vous pouvez faire une pr\u00e9-demande en ligne (- de 10 minutes) \u00e0 l'adresse suivante : <a href=\"https:\/\/passeport.ants.gouv.fr\/demarches-en-lign\"><strong>https:\/\/passeport.ants.gouv.fr\/demarches-en-ligne<\/strong><\/a>. Un num\u00e9ro vous sera fourni, il permettra \u00e0 l'agent de l'\u00e9tat civil d'acc\u00e9der \u00e0 vos informations. <a style=\"font-size: inherit;\" href=\"https:\/\/passeport.ants.gouv.fr\/\">En savoir plus ... <\/a><a href=\"https:\/\/ploumilliau.bzh\/mairie\/wp-content\/uploads\/2022\/05\/flyer_cni_passeports_mai_2022-00000002-2.pdf\"><img loading=\"lazy\" class=\"alignnone\" src=\"http:\/\/ploumilliau.bzh\/mairie\/wp-content\/uploads\/2018\/05\/PDF-blanc-e1530090938812.jpg\" alt=\"\" width=\"33\" height=\"33\" \/><\/a><\/li>\n<\/ul>\n<ul>\n<li>\n<h4><strong><span style=\"color: #b6bd00;\">AUTRES D\u00c9MARCHES<\/span><\/strong><\/h4>\n<p><strong>\u203a Certificat de nationalit\u00e9 fran\u00e7aise<br \/>\n<\/strong>O\u00f9 s'adresser?<br \/>\nAu greffe du Tribunal d'instance de Saint-Brieuc<br \/>\n<strong>\u203a Autorisation de sortie de territoire d\u00e9livr\u00e9e aux mineurs de nationalit\u00e9 fran\u00e7aise<br \/>\n<\/strong>O\u00f9 s'adresser?<br \/>\n<a href=\"https:\/\/www.service-public.fr\/particuliers\/vosdroits\/R46121\">En savoir plus ...<\/a><br \/>\n<strong>\u203a L'attestation d'accueil<br \/>\n<\/strong>O\u00f9 s'adresser?<br \/>\n\u00c0 la mairie du lieu de domicile au service Etat Civil<\/li>\n<\/ul>\n<h1><\/h1>\n<h1><\/h1>\n","protected":false},"excerpt":{"rendered":"<p>\u00c9tat-Civil \u00a0 CONDITIONS DE D\u00c9LIVRANCE DES ACTES D'\u00c9TAT-CIVIL Les actes d\u2019\u00e9tat-civil sont d\u00e9livr\u00e9s gratuitement. Aucune demande d\u2019acte d\u2019\u00e9tat civil ne sera trait\u00e9e par simple appel t\u00e9l\u00e9phonique. La confidentialit\u00e9 des actes est prot\u00e9g\u00e9e par des conditions strictes de d\u00e9livrance. Pour obtenir une copie d\u2019acte (complet) de naissance et de mariage, le demandeur doit satisfaire trois conditions (articles 9 et 11 du&nbsp;<a href=\"https:\/\/ploumilliau.bzh\/mairie\/etat-civil\/\" class=\"read-more\">Lire la suite<\/a><\/p>\n","protected":false},"author":2,"featured_media":0,"parent":0,"menu_order":0,"comment_status":"closed","ping_status":"closed","template":"","meta":[],"_links":{"self":[{"href":"https:\/\/ploumilliau.bzh\/mairie\/wp-json\/wp\/v2\/pages\/1839"}],"collection":[{"href":"https:\/\/ploumilliau.bzh\/mairie\/wp-json\/wp\/v2\/pages"}],"about":[{"href":"https:\/\/ploumilliau.bzh\/mairie\/wp-json\/wp\/v2\/types\/page"}],"author":[{"embeddable":true,"href":"https:\/\/ploumilliau.bzh\/mairie\/wp-json\/wp\/v2\/users\/2"}],"replies":[{"embeddable":true,"href":"https:\/\/ploumilliau.bzh\/mairie\/wp-json\/wp\/v2\/comments?post=1839"}],"version-history":[{"count":13,"href":"https:\/\/ploumilliau.bzh\/mairie\/wp-json\/wp\/v2\/pages\/1839\/revisions"}],"predecessor-version":[{"id":4343,"href":"https:\/\/ploumilliau.bzh\/mairie\/wp-json\/wp\/v2\/pages\/1839\/revisions\/4343"}],"wp:attachment":[{"href":"https:\/\/ploumilliau.bzh\/mairie\/wp-json\/wp\/v2\/media?parent=1839"}],"curies":[{"name":"wp","href":"https:\/\/api.w.org\/{rel}","templated":true}]}}