{"id":2,"date":"2016-02-19T15:32:54","date_gmt":"2016-02-19T14:32:54","guid":{"rendered":"http:\/\/ploumilliau.bzh\/mairie\/?page_id=2"},"modified":"2023-04-20T10:35:19","modified_gmt":"2023-04-20T08:35:19","slug":"accueil","status":"publish","type":"page","link":"https:\/\/ploumilliau.bzh\/mairie\/","title":{"rendered":"Accueil"},"content":{"rendered":"<div class=\"service-home-wrap\"><div class=\"row \"><div class=\"span4 \"><div class=\"service-box \"><figure class=\"icon\"><img src=\"https:\/\/ploumilliau.bzh\/mairie\/wp-content\/themes\/dream_home\/images\/icon1.png\" alt=\"\" \/><\/figure><div class=\"service-box_body\"><h2 class=\"title\">Vos d\u00e9marches<\/h2><div class=\"service-box_txt\">Etat-civil, Services administratifs, Urbanisme, ...<\/div><div class=\"btn-align\"><a href=\"http:\/\/ploumilliau.bzh\/mairie\/demarches\/\" title=\"En savoir plus ...\" class=\"btn btn-inverse btn-normal btn-primary \" target=\"_self\">En savoir plus ...<\/a><\/div><\/div><\/div><!-- \/Service Box --><\/div><div class=\"span4 \"><div class=\"service-box \"><figure class=\"icon\"><img src=\"https:\/\/ploumilliau.bzh\/mairie\/wp-content\/themes\/dream_home\/images\/icon2.png\" alt=\"\" \/><\/figure><div class=\"service-box_body\"><h2 class=\"title\">Les associations<\/h2><div class=\"service-box_txt\">Nature, Education, Sport, Solidarit\u00e9, ...<\/div><div class=\"btn-align\"><a href=\"http:\/\/ploumilliau.bzh\/mairie\/associations\/\" title=\"En savoir plus ...\" class=\"btn btn-inverse btn-normal btn-primary \" target=\"_self\">En savoir plus ...<\/a><\/div><\/div><\/div><!-- \/Service Box --><\/div><div class=\"span4 \"><div class=\"service-box \"><figure class=\"icon\"><img src=\"https:\/\/ploumilliau.bzh\/mairie\/wp-content\/themes\/dream_home\/images\/icon3.png\" alt=\"\" \/><\/figure><div class=\"service-box_body\"><h2 class=\"title\">La biblioth\u00e8que<\/h2><div class=\"service-box_txt\">Toute l'actualit\u00e9 de la Biblioth\u00e8que municipale<\/div><div class=\"btn-align\"><a href=\"http:\/\/ploumilliau.bzh\/mairie\/culture-bibliotheque\/\" title=\"En savoir plus ...\" class=\"btn btn-inverse btn-normal btn-primary \" target=\"_self\">En savoir plus ...<\/a><\/div><\/div><\/div><!-- \/Service Box --><\/div><\/div><!-- .row (end) --><\/div>\n<div class=\"shadow\"><\/div>\n<div class=\"row\">\n<div class=\"span12 \"><h1><span style=\"color: #b6bd00;\">Actualit\u00e9s<\/span><\/h1>\n<ul class=\"posts-grid row-fluid unstyled  ul-item-0\"><li class=\"span3 list-item-1\"><figure class=\"featured-thumbnail thumbnail\"><a href=\"https:\/\/ploumilliau.bzh\/mairie\/wp-content\/uploads\/2026\/04\/Dossier-presse-film-ALB-Complet-Affiche.jpg\" title=\"Film sur Anatole Le BRAZ le Dimanche 16 avril\" rel=\"prettyPhoto-1076604661[gallery0]\"><img  src=\"https:\/\/ploumilliau.bzh\/mairie\/wp-content\/uploads\/2026\/04\/Dossier-presse-film-ALB-Complet-Affiche-300x225.jpg\" alt=\"Film sur Anatole Le BRAZ le Dimanche 16 avril\" \/><span class=\"zoom-icon\"><\/span><\/a><\/figure><figure class=\"featured-thumbnail thumbnail\" style=\"display:none;\"><a href=\"https:\/\/ploumilliau.bzh\/mairie\/wp-content\/uploads\/2026\/04\/Film-ALB-Bandeau.png\" title=\"Film sur Anatole Le BRAZ le Dimanche 16 avril\" rel=\"prettyPhoto-1076604661[gallery0]\"><span class=\"zoom-icon\"><\/span><\/a><\/figure><div class=\"clear\"><\/div><h5><a href=\"https:\/\/ploumilliau.bzh\/mairie\/film-sur-anatole-le-braz-le-dimanche-16-avril\/\" title=\"Film sur Anatole Le BRAZ le Dimanche 16 avril\">Film sur Anatole Le BRAZ le Dimanche 16 avril<\/a><\/h5><p class=\"excerpt\">Le dimanche 16 avril \u00e0 16h sera projet\u00e9 \u00e0 la Salle des F\u00eates de Ploumilliau\u2026<\/p><a href=\"https:\/\/ploumilliau.bzh\/mairie\/film-sur-anatole-le-braz-le-dimanche-16-avril\/\" class=\"btn btn-primary\" title=\"Film sur Anatole Le BRAZ le Dimanche 16 avril\">En savoir plus ...<\/a><\/li><li class=\"span3 list-item-2\"><figure class=\"featured-thumbnail thumbnail\"><a href=\"https:\/\/ploumilliau.bzh\/mairie\/wp-content\/uploads\/2026\/03\/Affiche-Distribution-pieges-2026_page-0001.jpg\" title=\"Campagne Anti Frelons asiatiques 2026\" rel=\"prettyPhoto-1076604661[gallery1]\"><img  src=\"https:\/\/ploumilliau.bzh\/mairie\/wp-content\/uploads\/2026\/03\/Affiche-Distribution-pieges-2026_page-0001-300x225.jpg\" alt=\"Campagne Anti Frelons asiatiques 2026\" \/><span class=\"zoom-icon\"><\/span><\/a><\/figure><div class=\"clear\"><\/div><h5><a href=\"https:\/\/ploumilliau.bzh\/mairie\/campagne-anti-frelons-asiatiques-2025-2\/\" title=\"Campagne Anti Frelons asiatiques 2026\">Campagne Anti Frelons asiatiques 2026<\/a><\/h5><p class=\"excerpt\">Pour la 4\u00e8me ann\u00e9e cons\u00e9cutive, la commune propose gratuitement des pi\u00e8ges afin de lutter contre\u2026<\/p><a href=\"https:\/\/ploumilliau.bzh\/mairie\/campagne-anti-frelons-asiatiques-2025-2\/\" class=\"btn btn-primary\" title=\"Campagne Anti Frelons asiatiques 2026\">En savoir plus ...<\/a><\/li><li class=\"span3 list-item-3\"><figure class=\"featured-thumbnail thumbnail\"><a href=\"https:\/\/ploumilliau.bzh\/mairie\/wp-content\/uploads\/2026\/03\/Nouveau-CM-2026.jpeg\" title=\"Installation du nouveau Conseil Municipal &#8211; 21 mars 2026\" rel=\"prettyPhoto-1076604661[gallery2]\"><img  src=\"https:\/\/ploumilliau.bzh\/mairie\/wp-content\/uploads\/2026\/03\/Nouveau-CM-2026-300x225.jpeg\" alt=\"Installation du nouveau Conseil Municipal &#8211; 21 mars 2026\" \/><span class=\"zoom-icon\"><\/span><\/a><\/figure><div class=\"clear\"><\/div><h5><a href=\"https:\/\/ploumilliau.bzh\/mairie\/installation-du-nouveau-conseil-municipal-21-mars-2026\/\" title=\"Installation du nouveau Conseil Municipal &#8211; 21 mars 2026\">Installation du nouveau Conseil Municipal &#8211; 21 mars 2026<\/a><\/h5><p class=\"excerpt\"><\/p><a href=\"https:\/\/ploumilliau.bzh\/mairie\/installation-du-nouveau-conseil-municipal-21-mars-2026\/\" class=\"btn btn-primary\" title=\"Installation du nouveau Conseil Municipal &#8211; 21 mars 2026\">En savoir plus ...<\/a><\/li><li class=\"span3 list-item-4\"><figure class=\"featured-thumbnail thumbnail\"><a href=\"https:\/\/ploumilliau.bzh\/mairie\/wp-content\/uploads\/2026\/03\/Municipales-2026-Resultats-par-bureau_page-0001-1.jpg\" title=\"R\u00e9sultats \u00c9lections Municipales du 15 mars 2026\" rel=\"prettyPhoto-1076604661[gallery3]\"><img src=\"https:\/\/ploumilliau.bzh\/mairie\/wp-content\/uploads\/2022\/04\/Resultats-1er-tour-2022-1-pdf-300x225.jpg\" alt=\"R\u00e9sultats \u00c9lections Municipales du 15 mars 2026\" \/><span class=\"zoom-icon\"><\/span><\/a><\/figure><figure class=\"featured-thumbnail thumbnail\" style=\"display:none;\"><a href=\"https:\/\/ploumilliau.bzh\/mairie\/wp-content\/uploads\/2026\/03\/Centralisation-des-resultats-definitifs-Municipales-2026-elus_page-0001.jpg\" title=\"R\u00e9sultats \u00c9lections Municipales du 15 mars 2026\" rel=\"prettyPhoto-1076604661[gallery3]\"><span class=\"zoom-icon\"><\/span><\/a><\/figure><div class=\"clear\"><\/div><h5><a href=\"https:\/\/ploumilliau.bzh\/mairie\/resultats-elections-presidentielles-1er-tour-du-10-avril-2022-2\/\" title=\"R\u00e9sultats \u00c9lections Municipales du 15 mars 2026\">R\u00e9sultats \u00c9lections Municipales du 15 mars 2026<\/a><\/h5><p class=\"excerpt\"><\/p><a href=\"https:\/\/ploumilliau.bzh\/mairie\/resultats-elections-presidentielles-1er-tour-du-10-avril-2022-2\/\" class=\"btn btn-primary\" title=\"R\u00e9sultats \u00c9lections Municipales du 15 mars 2026\">En savoir plus ...<\/a><\/li><\/ul><!-- .posts-grid (end) --><\/div>\n<div class=\"row \"><\/div><!-- .row (end) -->\n<div class=\"span12\">\n<div class=\"hr\"><\/div><!-- .hr (end) -->\n<h1>Bienvenue<\/h1>\n<p>La commune de Ploumilliau (Plouilio en breton) est la plus \u00e9tendue du canton de Plestin-les-Gr\u00e8ves et occupe la partie nord-ouest du plateau du Tr\u00e9gor. Entre terre et mer, notre commune allie les charmes de l\u2019Argoat et de l\u2019Armor, avec au sud, l\u2019authenticit\u00e9 du hameau de Keraudy et au nord, la beaut\u00e9 sauvage de la c\u00f4te du Pont-Roux, au pied du site remarquable du Yaudet, face \u00e0 la baie de Lannion. Proche \u00e9galement de la C\u00f4te de Granit Rose, c'est une commune reconnue pour son dynamisme commercial, son fleurissement et la richesse de son patrimoine. Sa population, en pleine expansion, avoisine aujourd\u2019hui les 2500 habitants. Associant activit\u00e9s agricoles, artisanales et de hautes technologies, Ploumilliau, fid\u00e8le \u00e0 ses traditions, est r\u00e9solument tourn\u00e9e vers l\u2019avenir. \u00c0 bient\u00f4t ...<\/p>\n<\/div>\n<div class=\"hr\"><\/div>\n<div class=\"span12\">\n<div class=\"hr\"><\/div><!-- .hr (end) -->\n<h1>Liens utiles<\/h1>\n<div class=\"clients\">\n<div class=\"row\">\n<div class=\"span2\">\n<p><a href=\"http:\/\/www.lannion-tregor.com\" target=\"_blank\" rel=\"noopener\"><img class=\"alignnone size-full wp-image-2004\" alt=\"Lannion Tr\u00e9gor Communaut\u00e9\" src=\"http:\/\/ploumilliau.bzh\/mairie\/wp-content\/uploads\/2016\/02\/lanniontregor_logo.png\" width=\"198\"><\/a><\/p>\n<\/div>\n<div class=\"span2\">\n<p><a href=\"http:\/\/cotesdarmor.fr\" target=\"_blank\" rel=\"noopener\"><img class=\"alignnone size-full wp-image-2004\" alt=\"D\u00e9partement des C\u00f4tes-d'Armor\" src=\"http:\/\/ploumilliau.bzh\/mairie\/wp-content\/uploads\/2016\/02\/cotesdarmor_logo.png\" width=\"198\"><\/a><\/p>\n<\/div>\n<div class=\"span2\">\n<p><a href=\"http:\/\/www.bretagne.bzh\" target=\"_blank\" rel=\"noopener\"><img class=\"alignnone size-full wp-image-2004\" alt=\"R\u00e9gion Bretagne\" src=\"http:\/\/ploumilliau.bzh\/mairie\/wp-content\/uploads\/2016\/02\/bretagne_region_logo.png\" width=\"81\"><\/a><\/p>\n<\/div>\n<div class=\"span2\">\n<p><a href=\"http:\/\/www.bretagne-cotedegranitrose.com\" target=\"_blank\" rel=\"noopener\"><img class=\"alignnone size-full wp-image-2004\" alt=\"Office du Tourisme C\u00f4te de Granit Rose\" src=\"http:\/\/ploumilliau.bzh\/mairie\/wp-content\/uploads\/2016\/02\/offtourisme_logo.png\" width=\"186\"><\/a><\/p>\n<\/div>\n<div class=\"span2\">\n<p><a href=\"http:\/\/www.cotesdarmor.com\" target=\"_blank\" rel=\"noopener\"><img class=\"alignnone size-full wp-image-2004\" alt=\"Comit\u00e9 du Tourisme D\u00e9partemental\" src=\"http:\/\/ploumilliau.bzh\/mairie\/wp-content\/uploads\/2016\/02\/cdt_armor_logo.png\" width=\"110\"><\/a><\/p>\n<\/div>\n<div class=\"span2\">\n<p><a href=\"http:\/\/www.asson.fr\" target=\"_blank\" rel=\"noopener\"><img class=\"alignnone size-full wp-image-2004\" alt=\"Jumelage avec Asson\" src=\"http:\/\/ploumilliau.bzh\/mairie\/wp-content\/uploads\/2016\/02\/asson_logo.png\" width=\"119\"><\/a><\/p>\n<\/div>\n<\/div>\n<p><!-- .row (end) --><\/p>\n<\/div>\n<\/div>\n<\/div>\n","protected":false},"excerpt":{"rendered":"<p>Bienvenue La commune de Ploumilliau (Plouilio en breton) est la plus \u00e9tendue du canton de Plestin-les-Gr\u00e8ves et occupe la partie nord-ouest du plateau du Tr\u00e9gor. Entre terre et mer, notre commune allie les charmes de l\u2019Argoat et de l\u2019Armor, avec au sud, l\u2019authenticit\u00e9 du hameau de Keraudy et au nord, la beaut\u00e9 sauvage de la c\u00f4te du Pont-Roux, au pied&nbsp;<a href=\"https:\/\/ploumilliau.bzh\/mairie\/resultats-elections-presidentielles-1er-tour-du-10-avril-2022-2\/\" class=\"read-more\">Lire la suite<\/a><\/p>\n","protected":false},"author":1,"featured_media":0,"parent":0,"menu_order":0,"comment_status":"closed","ping_status":"open","template":"page-home.php","meta":[],"_links":{"self":[{"href":"https:\/\/ploumilliau.bzh\/mairie\/wp-json\/wp\/v2\/pages\/2"}],"collection":[{"href":"https:\/\/ploumilliau.bzh\/mairie\/wp-json\/wp\/v2\/pages"}],"about":[{"href":"https:\/\/ploumilliau.bzh\/mairie\/wp-json\/wp\/v2\/types\/page"}],"author":[{"embeddable":true,"href":"https:\/\/ploumilliau.bzh\/mairie\/wp-json\/wp\/v2\/users\/1"}],"replies":[{"embeddable":true,"href":"https:\/\/ploumilliau.bzh\/mairie\/wp-json\/wp\/v2\/comments?post=2"}],"version-history":[{"count":53,"href":"https:\/\/ploumilliau.bzh\/mairie\/wp-json\/wp\/v2\/pages\/2\/revisions"}],"predecessor-version":[{"id":3696,"href":"https:\/\/ploumilliau.bzh\/mairie\/wp-json\/wp\/v2\/pages\/2\/revisions\/3696"}],"wp:attachment":[{"href":"https:\/\/ploumilliau.bzh\/mairie\/wp-json\/wp\/v2\/media?parent=2"}],"curies":[{"name":"wp","href":"https:\/\/api.w.org\/{rel}","templated":true}]}}