{"id":226,"date":"2016-02-26T17:14:48","date_gmt":"2016-02-26T16:14:48","guid":{"rendered":"http:\/\/ploumilliau.bzh\/mairie\/?page_id=226"},"modified":"2016-02-26T18:59:11","modified_gmt":"2016-02-26T17:59:11","slug":"patrimoine","status":"publish","type":"page","link":"https:\/\/ploumilliau.bzh\/mairie\/patrimoine\/","title":{"rendered":"Patrimoine"},"content":{"rendered":"<h5><span style=\"color: #bdb600;\">Les deux \u00e9glises :<\/span><\/h5>\n<h6><span style=\"color: #bdb600;\">L'\u00e9glise Saint Milliau<\/span><\/h6>\n<p><img src=\"http:\/\/ploumilliau.bzh\/mairie\/wp-content\/uploads\/2016\/02\/EgliseStMilliau-300x206.jpg\" alt=\"EgliseStMilliau\" width=\"310\" class=\"alignleft size-medium wp-image-241\" srcset=\"https:\/\/ploumilliau.bzh\/mairie\/wp-content\/uploads\/2016\/02\/EgliseStMilliau-300x206.jpg 300w, https:\/\/ploumilliau.bzh\/mairie\/wp-content\/uploads\/2016\/02\/EgliseStMilliau.jpg 580w\" sizes=\"(max-width: 300px) 100vw, 300px\" \/>Le premier \u00e9difice fut implant\u00e9 d\u00e8s le Haut Moyen Age, au moment de la fondation de la premi\u00e8re paroisse. Il fut restaur\u00e9 au d\u00e9but du VIII\u00e8me si\u00e8cle, et b\u00e9n\u00e9ficia d\u2019une restructuration aux XII\u00e8me et XIII\u00e8me si\u00e8cles. L\u2019\u00e9glise actuelle a \u00e9t\u00e9 \u00e9difi\u00e9e par l\u2019atelier Philippe Beaumanoir de Morlaix, \u00e0 la fin du XV\u00e8me si\u00e8cle, dans le style gothique flamboyant. En 1589, pendant les guerres de la Ligue, elle est en partie d\u00e9truite par un incendie qui \u00e9pargne cependant le clocher-mur et le porche sud. Apr\u00e8s l\u2019\u00e9dit de Nantes sign\u00e9 par Henri IV en 1598, la reconstruction de l\u2019\u00e9glise est entreprise de 1602 \u00e0 1616, dans le style Renaissance. La politique de d\u00e9christianisation pendant la R\u00e9volution entra\u00eene des d\u00e9gradations et la destruction des symboles nobiliaires et religieux (la pr\u00e9cieuse orf\u00e8vrerie est d\u00e9cim\u00e9e, 23 statues sont d\u00e9truites). C\u2019est en 1868 que l\u2019\u00e9glise conna\u00eet une nouvelle phase de restauration et d\u2019agrandissement sous l\u2019impulsion de l\u2019abb\u00e9 Villiers de L\u2019Isle-Adam dont l\u2019enfeu se loge dans le bas-c\u00f4t\u00e9 nord. Le ch\u0153ur prolong\u00e9 de 5,7m conf\u00e8re \u00e0 l\u2019\u00e9glise un plan en croix latine. Ici l\u2019architecture Beaumanoir qu\u2019on retrouve dans tout le Tr\u00e9gor, s\u2019impose par sa puret\u00e9, son classicisme et force l\u2019admiration.<\/p>\n<p><strong><em>Pendant les mois de juillet et ao\u00fbt<\/em><\/strong>, l\u2019\u00e9glise est ouverte aux visiteurs qui peuvent d\u00e9couvrir la grandeur de la nef qui conduit au retable baroque, bleu et or, que domine la ma\u00eetresse-vitre monumentale o\u00f9 sont repr\u00e9sent\u00e9s, dans un bel \u0153cum\u00e9nisme, St Jean, St M\u00e9lar, St Milliau, St Yves et St Pierre. De part et d\u2019autre du ch\u0153ur, treize bas-reliefs polychromes, provenant probablement d\u2019un jub\u00e9 du XVII\u00e8me si\u00e8cle, racontent la Passion du Christ. Dans la premi\u00e8re trav\u00e9e, c\u00f4t\u00e9 sud, subsiste un entrait d\u00e9cor\u00e9 d\u2019engoulants et des sabli\u00e8res originelles sculpt\u00e9es de monstres ail\u00e9s, de gorgones et d\u2019anges prolongeant les blochets. Dans le croisillon sud, La statue de l\u2019Ankou, datant du XVII\u00e8me, a hant\u00e9 l\u2019imagination du jeune Anatole Le Braz dont le p\u00e8re a enseign\u00e9, \u00e0 partir de 1861, comme instituteur dans l\u2019\u00e9cole du bourg o\u00f9 a pris place l\u2019actuelle mairie.<\/p>\n<p><strong>Le pardon de Saint Milliau a lieu tous les ans pendant le week-end de l\u2019Ascension.<\/strong><\/p>\n<p>&nbsp;<\/br><\/p>\n<h6><span style=\"color: #bdb600;\">L\u2019\u00e9glise de Keraudy<\/span><\/h6>\n<p><img src=\"http:\/\/ploumilliau.bzh\/mairie\/wp-content\/uploads\/2016\/02\/EgliseKeraudy-300x201.jpg\" alt=\"EgliseKeraudy\" width=\"310\" class=\"alignleft size-medium wp-image-239\" srcset=\"https:\/\/ploumilliau.bzh\/mairie\/wp-content\/uploads\/2016\/02\/EgliseKeraudy-300x201.jpg 300w, https:\/\/ploumilliau.bzh\/mairie\/wp-content\/uploads\/2016\/02\/EgliseKeraudy.jpg 580w\" sizes=\"(max-width: 300px) 100vw, 300px\" \/>L\u2019\u00e9glise Notre-Dame de Keraudy d\u00e9di\u00e9e \u00e0 l\u2019origine \u00e0 Saint Jean fut fond\u00e9e \u00e0 l\u2019origine par les Chevaliers-Hospitaliers de St. Jean de J\u00e9rusalem, ordre cr\u00e9\u00e9 en 1113, en Palestine, pour desservir et d\u00e9fendre un h\u00f4pital de J\u00e9rusalem plac\u00e9 sous le vocable de saint Jean-Baptiste. Keraudy d\u00e9pendait de la commanderie de Pont-Melvez et disposait d\u2019une maison h\u00f4pital (dont les b\u00e2timents existent toujours) o\u00f9 les moines suivaient les r\u00e8gles de leur ordre et distribuaient l\u2019aum\u00f4ne trois fois par semaine. La premi\u00e8re nomination d\u2019un cur\u00e9 appara\u00eet en 1541. En 1851, la chapelle de Keraudy fut \u00e9rig\u00e9e en \u00e9glise succursale de Ploumilliau et conserva un recteur jusqu\u2019en 1960. Class\u00e9e monument historique le 16 janvier 1935, l\u2019\u00e9glise de Keraudy, construite dans le premier tiers du XVI\u00e8me si\u00e8cle, est un bel exemple du gothique flamboyant. Elle pr\u00e9sente un plan en Tau(T). <\/p>\n<p>Le retable d\u00e9di\u00e9 \u00e0 la sainte Trinit\u00e9 et \u00e0 L\u2019Annonciation est particuli\u00e8rement remarquable ; restaur\u00e9 en 1998, il a retrouv\u00e9 sa beaut\u00e9 originelle. La d\u00e9coration est extr\u00eame : des rinceaux de feuilles de vigne o\u00f9 se m\u00ealent des oiseaux color\u00e9s font l\u2019assaut des colonnes torsad\u00e9es, coiff\u00e9es de chapiteaux dor\u00e9s ; guirlandes de roses, bouquets de palmes, volutes, figures ang\u00e9liques qui \u00e9mergent \u00e7\u00e0 et l\u00e0 servent un ensemble o\u00f9 triomphent la ligne courbe, la couleur, le mouvement. Le retable de Keraudy est exemplaire du Baroque breton qui a connu son essor de 1660 \u00e0 1720.<\/p>\n<p><strong>Le pardon de Keraudy a lieu tous les ans le 1er dimanche de septembre.<\/strong><\/p>\n<p>&nbsp;<\/br><\/p>\n<h5><span style=\"color: #bdb600;\">Les chapelles :<\/span><\/h5>\n<p>Des sept chapelles qui existaient avant la R\u00e9volution, seules deux subsistent aujourd\u2019hui :<\/p>\n<h6><span style=\"color: #bdb600;\">La chapelle de Saint Kado<\/span><\/h6>\n<p><img src=\"http:\/\/ploumilliau.bzh\/mairie\/wp-content\/uploads\/2016\/02\/ChapelleStKado-300x201.jpg\" alt=\"ChapelleStKado\" width=\"310\" class=\"alignleft size-medium wp-image-238\" srcset=\"https:\/\/ploumilliau.bzh\/mairie\/wp-content\/uploads\/2016\/02\/ChapelleStKado-300x201.jpg 300w, https:\/\/ploumilliau.bzh\/mairie\/wp-content\/uploads\/2016\/02\/ChapelleStKado.jpg 418w\" sizes=\"(max-width: 300px) 100vw, 300px\" \/>Situ\u00e9e \u00e0 proximit\u00e9 du bourg, elle fut restaur\u00e9e en 1758. Elle d\u00e9pendait de la seigneurie de Lanascol : on voit au chevet les armes des familles Quemper et Lanascol.<\/p>\n<p>Le retable, en pierre et bois polychrome, date du XVIII\u00e8me si\u00e8cle. Cette \u00e9l\u00e9gante chapelle est d\u00e9di\u00e9e \u00e0 Saint Kado, repr\u00e9sent\u00e9 gu\u00e9rissant les \u00e9crouelles.<\/p>\n<p><strong>Au pardon du Saint, le dernier dimanche d\u2019avril<\/strong>, la procession va jusqu\u2019\u00e0 la fontaine situ\u00e9e en plein champ et r\u00e9put\u00e9e pour soigner les \u00e9crouelles ou \"mal de Saint Kado\".<\/p>\n<p>&nbsp;<\/br><\/p>\n<h6><span style=\"color: #bdb600;\">La chapelle de Christ<\/span><\/h6>\n<p><img src=\"http:\/\/ploumilliau.bzh\/mairie\/wp-content\/uploads\/2016\/02\/ChapelleChrist-300x225.jpg\" alt=\"ChapelleChrist\" width=\"310\" class=\"alignleft size-medium wp-image-243\" srcset=\"https:\/\/ploumilliau.bzh\/mairie\/wp-content\/uploads\/2016\/02\/ChapelleChrist-300x225.jpg 300w, https:\/\/ploumilliau.bzh\/mairie\/wp-content\/uploads\/2016\/02\/ChapelleChrist.jpg 600w\" sizes=\"(max-width: 300px) 100vw, 300px\" \/>Attribu\u00e9e \u00e0 l\u2019origine aux Templiers, la construction actuelle, situ\u00e9e dans un \u00e9troit plac\u00eetre ferm\u00e9 \u00e0 l\u2019est par un mur soigneusement appareill\u00e9, remonterait au XVII\u00e8me si\u00e8cle. <\/p>\n<p>Son pignon ouest supporte un clocher accessible par des marches am\u00e9nag\u00e9es sur le rampant.<br \/>\nElle avait \u00e9t\u00e9 restaur\u00e9e en 1933 avant de refaire l\u2019objet d\u2019une r\u00e9novation importante par la commune qui s\u2019est achev\u00e9e en 2010.<\/p>\n<p>Elle constitue le point central du hameau de \"Christ\", \u00e0 proximit\u00e9 de la mer.<\/p>\n<p><strong>Le Pardon a lieu traditionnellement le 3\u00e8me dimanche de septembre.<\/strong><\/p>\n<p>&nbsp;<\/br><\/p>\n<h5><span style=\"color: #bdb600;\">L'Ankou :<\/span><\/h5>\n<p><img src=\"http:\/\/ploumilliau.bzh\/mairie\/wp-content\/uploads\/2016\/02\/Ankou.jpg\" alt=\"Ankou\" width=\"310\" class=\"alignleft size-full wp-image-242\" srcset=\"https:\/\/ploumilliau.bzh\/mairie\/wp-content\/uploads\/2016\/02\/Ankou.jpg 400w, https:\/\/ploumilliau.bzh\/mairie\/wp-content\/uploads\/2016\/02\/Ankou-225x300.jpg 225w\" sizes=\"(max-width: 400px) 100vw, 400px\" \/>Arm\u00e9 de sa pelle et de sa faux, aff\u00fbt\u00e9e sur le c\u00f4t\u00e9 ext\u00e9rieur, l'Ankou met en garde contre l\u2019oubli de la mort. Lors des enterrements, cette statue haute de 99 cm ornait avec une autre semblable le catafalque dispos\u00e9 autour du cercueil. Elle fut l\u2019objet de multiples superstitions, et en 1845 un ordre dioc\u00e9sain d\u00e9cida son interdiction.<\/p>\n<p><strong>Anatole Le Braz<\/strong>, l\u2019auteur de \u201cLa l\u00e9gende de la Mort\u201d n\u2019oublie pas de l\u2019\u00e9voquer dans ses \"Carnets intimes\" : \u201cC\u2019est une statuette en bois jadis peinturlur\u00e9, mais que le temps a recouvert d\u2019une \u00e9paisse couche de poussi\u00e8re. Elle rappelle \u00e0 certains \u00e9gards les \u00e9corch\u00e9s qui ornent bizarrement la plupart des cabinets d\u2019histoire naturelle, mais le ventre se creuse d\u2019un trou b\u00e9ant. Cet Ankou a \u00e9t\u00e9 la terreur de mon enfance. Son voisinage troublait toujours mes jeunes pri\u00e8res. Il me souvient d\u2019avoir vu de vieilles femmes s\u2019agenouiller devant lui. On l\u2019a surnomm\u00e9 dans le pays Ervoanik Pouillio, Yves de Ploumilliau (Avec le diminutif p\u00e9joratif). On ne vient jamais \u00e0 Ploumilliau sans lui faire une visite\u201d.<\/p>\n<p>Avant sa place d\u00e9finitive, la statue fut rel\u00e9gu\u00e9e dans la sacristie ; une photo ancienne la montre tourn\u00e9e vers l\u2019ext\u00e9rieur, derri\u00e8re la fen\u00eatre prot\u00e9g\u00e9e par une grille. L\u2019Ankou de Ploumilliau est peut-\u00eatre le dernier exemplaire qui subsiste aujourd\u2019hui et en tout \u00e9tat de cause le mieux conserv\u00e9 de Bretagne.<\/p>\n<p>&nbsp;<\/br><\/p>\n<h5><span style=\"color: #bdb600;\">La fontaine de la Tronkolaine :<\/span><\/h5>\n<p>En 1990, <strong>Morley Troman<\/strong> a sculpt\u00e9 cette statue de la princesse de Tronkolaine en s\u2019inspirant d\u2019un conte breton que Fran\u00e7ois-Marie Luzel avait recueilli \u00e0 Pluzunet, en 1888, aupr\u00e8s de Marc\u2019harit Fulup. En 2005, <strong>Fran\u00e7ois Hameury<\/strong> a r\u00e9alis\u00e9 ce socle en laiton qui s\u2019\u00e9panouit en une large corolle. La fontaine rappelle, comme l\u2019\u00e9crivait Morley Troman, que \"l\u2019eau est la plus grande richesse de la vie terrestre\".<\/p>\n<p>&nbsp;<\/br><\/p>\n<h5><span style=\"color: #bdb600;\">Ch\u00e2teaux et manoirs :<\/span><\/h5>\n<p>Ploumilliau ne compte qu\u2019un ch\u00e2teau, celui de <strong>Lanascol<\/strong>. Celui-ci est cit\u00e9 comme moyenne-justice, appartenant \u00e0 M. de Lanascol. Le ch\u00e2teau est encore dans Plouz\u00e9lambre \u00e0 la R\u00e9formation de 1427. La haute tour carr\u00e9e date du XV\u00e8me si\u00e8cle et les autres corps de b\u00e2timents ont \u00e9t\u00e9 \u00e9difi\u00e9s aux XVII\u00e8me et XVIII\u00e8me si\u00e8cles. L\u2019ensemble seigneurial comprend une chapelle privative et un tr\u00e8s beau colombier sis en Plouz\u00e9lambre.<\/p>\n<p>Si la commune ne compte qu\u2019un ch\u00e2teau, son territoire est en revanche tr\u00e8s dense en manoirs. L\u2019association locale \"<strong>Hento\u00f9 Kozh<\/strong>\" (voir page <a href=\"http:\/\/ploumilliau.bzh\/mairie\/associations\/\">Associations<\/a>) qui a \u00e9dit\u00e9 en 1995 un ouvrage sur ce th\u00e8me, en a d\u00e9nombr\u00e9 plus de trente. Parmi les plus importants ou les mieux conserv\u00e9s on peut citer : Gwerginiou, Keranglas, Keranvod, Keranwern, Kerdu, Kerizoud, Kermenguy, Kersenan, Al Leurven, L\u2019Isle, Rozlogod ... Cependant, toutes ces demeures sont des propri\u00e9t\u00e9s priv\u00e9es et ne se visitent pas.<\/p>\n","protected":false},"excerpt":{"rendered":"<p>Les deux \u00e9glises : L'\u00e9glise Saint Milliau Le premier \u00e9difice fut implant\u00e9 d\u00e8s le Haut Moyen Age, au moment de la fondation de la premi\u00e8re paroisse. Il fut restaur\u00e9 au d\u00e9but du VIII\u00e8me si\u00e8cle, et b\u00e9n\u00e9ficia d\u2019une restructuration aux XII\u00e8me et XIII\u00e8me si\u00e8cles. L\u2019\u00e9glise actuelle a \u00e9t\u00e9 \u00e9difi\u00e9e par l\u2019atelier Philippe Beaumanoir de Morlaix, \u00e0 la fin du XV\u00e8me si\u00e8cle,&nbsp;<a href=\"https:\/\/ploumilliau.bzh\/mairie\/patrimoine\/\" class=\"read-more\">Lire la suite<\/a><\/p>\n","protected":false},"author":1,"featured_media":0,"parent":0,"menu_order":0,"comment_status":"closed","ping_status":"closed","template":"","meta":[],"_links":{"self":[{"href":"https:\/\/ploumilliau.bzh\/mairie\/wp-json\/wp\/v2\/pages\/226"}],"collection":[{"href":"https:\/\/ploumilliau.bzh\/mairie\/wp-json\/wp\/v2\/pages"}],"about":[{"href":"https:\/\/ploumilliau.bzh\/mairie\/wp-json\/wp\/v2\/types\/page"}],"author":[{"embeddable":true,"href":"https:\/\/ploumilliau.bzh\/mairie\/wp-json\/wp\/v2\/users\/1"}],"replies":[{"embeddable":true,"href":"https:\/\/ploumilliau.bzh\/mairie\/wp-json\/wp\/v2\/comments?post=226"}],"version-history":[{"count":15,"href":"https:\/\/ploumilliau.bzh\/mairie\/wp-json\/wp\/v2\/pages\/226\/revisions"}],"predecessor-version":[{"id":253,"href":"https:\/\/ploumilliau.bzh\/mairie\/wp-json\/wp\/v2\/pages\/226\/revisions\/253"}],"wp:attachment":[{"href":"https:\/\/ploumilliau.bzh\/mairie\/wp-json\/wp\/v2\/media?parent=226"}],"curies":[{"name":"wp","href":"https:\/\/api.w.org\/{rel}","templated":true}]}}