{"id":312,"date":"2016-02-28T14:47:54","date_gmt":"2016-02-28T13:47:54","guid":{"rendered":"http:\/\/ploumilliau.bzh\/mairie\/?page_id=312"},"modified":"2022-09-15T17:30:26","modified_gmt":"2022-09-15T15:30:26","slug":"commerces","status":"publish","type":"page","link":"https:\/\/ploumilliau.bzh\/mairie\/commerces\/","title":{"rendered":"Commerces"},"content":{"rendered":"<h1><span style=\"color: #bdb600;\">Alimentaire <\/span><span style=\"font-size: 11px; color: #bdb600;\">\u00a0<\/span><\/h1>\n<p><img loading=\"lazy\" class=\"alignleft size-full\" src=\"http:\/\/ploumilliau.bzh\/mairie\/wp-content\/uploads\/2016\/02\/aupainplie.jpg\" alt=\"AU PAIN PLI\u00c9\" width=\"150\" height=\"150\" \/><\/p>\n<p><strong><span style=\"color: #b6bd00;\">AU PAIN PLI\u00c9<\/span><br \/>\n<span style=\"color: #8f9090;\">Boulanger, p\u00e2tissier, chocolatier<\/span><\/strong><br \/>\nC\u00e9cile et David ROLLAND - 6 rue Croas Og\u00e8s - 22300 PLOUMILLIAU<br \/>\n02 96 35 44 38 - <a href=\"mailto:contact@aupainplie.fr\">E-mail<\/a><\/p>\n<p><a class=\"btn btn-default btn-normal btn-inline \" title=\"www.aupainplie.fr\" href=\"http:\/\/aupainplie.fr\/web\/\" target=\"_blank\" rel=\"noopener\">Site internet<\/a><\/p>\n<div class=\"hr\"><\/div>\n<p><img loading=\"lazy\" class=\"alignleft size-full\" src=\"http:\/\/ploumilliau.bzh\/mairie\/wp-content\/uploads\/2016\/02\/NOlogo.jpg\" alt=\"BOULANGERIE DES ECOLES\" width=\"150\" height=\"150\" \/><\/p>\n<p><strong><span style=\"color: #b6bd00;\">BOULANGERIE DES ECOLES<\/span><br \/>\n<span style=\"color: #8f9090;\">Boulangerie, p\u00e2tisserie<\/span><\/strong><br \/>\n5 rue des Ecoles - 22300 PLOUMILLIAU<br \/>\n02 96 35 45 85<\/p>\n<div class=\"hr\"><\/div>\n<div><\/div>\n<p><img loading=\"lazy\" class=\"alignleft size-full\" src=\"http:\/\/ploumilliau.bzh\/mairie\/wp-content\/uploads\/2016\/02\/charcuterieollivier.jpg\" alt=\"CHARCUTERIE OLLIVIER\" width=\"150\" height=\"150\" \/><\/p>\n<p><strong><span style=\"color: #b6bd00;\">CHARCUTERIE OLLIVIER<\/span><br \/>\n<span style=\"color: #8f9090;\">Charcutier et traiteur depuis 1814<\/span><\/strong><br \/>\nCarine et Thierry OLLIVIER - 14 place de l\u00b4Eglise - 22300 PLOUMILLIAU<br \/>\n02 96 35 45 03 - <a href=\"mailto:contact@charcuterieollivier2.com\">E-mail<\/a><\/p>\n<p><a class=\"btn btn-default btn-normal btn-inline \" title=\"www.charcuterieollivier.com\" href=\"http:\/\/www.charcuterieollivier.com\/web\/\" target=\"_blank\" rel=\"noopener\">Site internet<\/a><\/p>\n<div class=\"hr\"><\/div>\n<p><img loading=\"lazy\" class=\"alignleft size-full\" src=\"http:\/\/ploumilliau.bzh\/mairie\/wp-content\/uploads\/2016\/02\/poissonneriebrochot.jpg\" alt=\"POISSONNERIE BROCHOT\" width=\"150\" height=\"150\" \/><\/p>\n<p><strong><span style=\"color: #b6bd00;\">POISSONNERIE BROCHOT<\/span><br \/>\n<span style=\"color: #8f9090;\">Poissonnier et traiteur de la mer<\/span><\/strong><br \/>\nKatia et Fabrice BROCHOT - 5 rue Kroas Og\u00e8s - 22300 PLOUMILLIAU<br \/>\n02 96 35 33 74 - <a href=\"mailto:contact@poissonneriebrochot.com\">E-mail<\/a><\/p>\n<p><a class=\"btn btn-default btn-normal btn-inline \" title=\"www.poissonneriebrochot.com\" href=\"http:\/\/poissonneriebrochot.com\/web\/\" target=\"_blank\" rel=\"noopener\">Site internet<\/a><\/p>\n<div class=\"hr\"><\/div>\n<p><img loading=\"lazy\" class=\"alignleft size-full\" src=\"http:\/\/ploumilliau.bzh\/mairie\/wp-content\/uploads\/2016\/02\/vival.jpg\" alt=\"VIVAL\" width=\"150\" height=\"150\" \/><\/p>\n<p><strong><span style=\"color: #b6bd00;\">VIVAL<\/span><br \/>\n<span style=\"color: #8f9090;\">Sup\u00e9rette<\/span><\/strong><br \/>\n2 place de l'Eglise - 22300 PLOUMILLIAU<br \/>\n02 96 35 45 95<\/p>\n<p><a class=\"btn btn-default btn-normal btn-inline \" title=\"www.casino-proximite.fr\" href=\"http:\/\/www.casino-proximite.fr\/\" target=\"_blank\" rel=\"noopener\">Site internet<\/a><\/p>\n<div class=\"hr\"><\/div>\n<h1><span style=\"color: #bdb600;\">Bars &amp; Restaurants <\/span><span style=\"font-size: 11px; color: #bdb600;\">\u00a0<\/span><\/h1>\n<p><strong><span style=\"color: #b6bd00;\"><span style=\"color: #8f9090;\"><img loading=\"lazy\" class=\"wp-image-3287 alignleft\" src=\"https:\/\/ploumilliau.bzh\/mairie\/wp-content\/uploads\/2022\/09\/FROMENTINE-ET-SARRAZIN-LOGO-Copie-310x310.jpg\" alt=\"\" width=\"141\" height=\"141\" srcset=\"https:\/\/ploumilliau.bzh\/mairie\/wp-content\/uploads\/2022\/09\/FROMENTINE-ET-SARRAZIN-LOGO-Copie-310x310.jpg 310w, https:\/\/ploumilliau.bzh\/mairie\/wp-content\/uploads\/2022\/09\/FROMENTINE-ET-SARRAZIN-LOGO-Copie-1024x1024.jpg 1024w, https:\/\/ploumilliau.bzh\/mairie\/wp-content\/uploads\/2022\/09\/FROMENTINE-ET-SARRAZIN-LOGO-Copie-150x150.jpg 150w, https:\/\/ploumilliau.bzh\/mairie\/wp-content\/uploads\/2022\/09\/FROMENTINE-ET-SARRAZIN-LOGO-Copie-1536x1536.jpg 1536w, https:\/\/ploumilliau.bzh\/mairie\/wp-content\/uploads\/2022\/09\/FROMENTINE-ET-SARRAZIN-LOGO-Copie-2048x2048.jpg 2048w\" sizes=\"(max-width: 141px) 100vw, 141px\" \/><\/span>FROMENTINE ET SARRAZIN<\/span><br \/>\n<span style=\"color: #8f9090;\">Cr\u00eaperie, restaurant<\/span><\/strong><br \/>\nC\u00e9line OLLIVIER - 3 rue Croas Og\u00e8s - 22300 PLOUMILLIAU<br \/>\n02 96 54 40 86<\/p>\n<p><a class=\"btn btn-default btn-normal btn-inline \" title=\"Page facebook\" href=\"https:\/\/www.facebook.com\/FromentineEtSarrazin\/\" target=\"_blank\" rel=\"noopener\">Page facebook<\/a><\/p>\n<div class=\"hr\"><\/div>\n<p><img loading=\"lazy\" class=\"alignleft size-full\" src=\"http:\/\/ploumilliau.bzh\/mairie\/wp-content\/uploads\/2016\/02\/NOlogo.jpg\" alt=\"LA CROIX-ROUGE\" width=\"150\" height=\"150\" \/><\/p>\n<p><strong><span style=\"color: #b6bd00;\">LA CROIX-ROUGE<\/span><br \/>\n<span style=\"color: #8f9090;\">Restaurant (groupes, ouvriers, ...)<\/span><\/strong><br \/>\nRoute de Morlaix - 22300 PLOUMILLIAU -<\/p>\n<p>02 96 35 45 08<\/p>\n<div class=\"hr\"><\/div>\n<div><\/div>\n<p><img loading=\"lazy\" class=\"alignleft size-full\" src=\"http:\/\/ploumilliau.bzh\/mairie\/wp-content\/uploads\/2016\/02\/NOlogo.jpg\" alt=\"LA GARGOUILLE\" width=\"150\" height=\"150\" \/><\/p>\n<p><strong><span style=\"color: #b6bd00;\">LA GARGOUILLE<\/span><br \/>\n<span style=\"color: #8f9090;\">Bar, restaurant\u00a0<\/span><\/strong><br \/>\n4 place de l'\u00e9glise - 22300 PLOUMILLIAU<\/p>\n<p>02 96 23 14 67<\/p>\n<div class=\"hr\"><\/div>\n<div><\/div>\n<p><img loading=\"lazy\" class=\"alignleft size-full\" src=\"http:\/\/ploumilliau.bzh\/mairie\/wp-content\/uploads\/2016\/02\/ledoyen.jpg\" alt=\"LE DOYEN\" width=\"150\" height=\"150\" \/><\/p>\n<p><strong><span style=\"color: #b6bd00;\">LE DOYEN<\/span><br \/>\n<span style=\"color: #8f9090;\">Restaurant (groupes, ouvriers, ...)<\/span><\/strong><br \/>\n17, rue Kroaz Og\u00e8s - 22300 PLOUMILLIAU -<\/p>\n<p>02 96 35 45 14<\/p>\n<div class=\"hr\"><\/div>\n<div><\/div>\n<p><img loading=\"lazy\" class=\"alignleft size-full\" src=\"http:\/\/ploumilliau.bzh\/mairie\/wp-content\/uploads\/2016\/02\/NOlogo.jpg\" alt=\"LE MILLIAUTAIS\" width=\"150\" height=\"150\" \/><\/p>\n<p><strong><span style=\"color: #b6bd00;\">LE MILLIAUTAIS<\/span><br \/>\n<span style=\"color: #8f9090;\">Bar, tabac, PMU<\/span><\/strong><br \/>\n3 rue des Ecoles - 22300 PLOUMILLIAU -<\/p>\n<p>02 96 35 49 23.<\/p>\n<div class=\"hr\"><\/div>\n<div><\/div>\n<p><img loading=\"lazy\" class=\"alignleft size-full\" src=\"http:\/\/ploumilliau.bzh\/mairie\/wp-content\/uploads\/2016\/03\/tigaletazen.png\" alt=\"TI GALET'AZEN\" width=\"150\" height=\"150\" \/><\/p>\n<p><strong><span style=\"color: #b6bd00;\">TI GALET'AZEN<\/span><br \/>\n<span style=\"color: #8f9090;\">Cr\u00eaperie de campagne<\/span><\/strong><br \/>\nChristine RIOU - Toull ar Garenn - 22300 PLOUMILLIAU<br \/>\n02 96 35 46 75 - 06 73 39 81 30<\/p>\n<p><a class=\"btn btn-default btn-normal btn-inline \" title=\"Site internet\" href=\"http:\/\/www.tigaletazen.com\/\" target=\"_blank\" rel=\"noopener\">Site internet<\/a><\/p>\n<div class=\"hr\"><\/div>\n<h1><span style=\"color: #bdb600;\">Coiffure et esth\u00e9tique <\/span><span style=\"font-size: 11px; color: #bdb600;\">\u00a0<\/span><\/h1>\n<p><img loading=\"lazy\" class=\"alignleft size-full\" src=\"http:\/\/ploumilliau.bzh\/mairie\/wp-content\/uploads\/2016\/04\/acajou.jpg\" alt=\"ACAJOU\" width=\"150\" height=\"150\" \/><\/p>\n<p><strong><span style=\"color: #b6bd00;\">ACAJOU<\/span><br \/>\n<span style=\"color: #8f9090;\">Coiffure homme, femme, enfant<\/span><\/strong><br \/>\nSt\u00e9relle LE PERSON<br \/>\n11 place de l'Eglise - 22300 PLOUMILLIAU<br \/>\n02 96 54 47 90<\/p>\n<div class=\"hr\"><\/div>\n<p><img loading=\"lazy\" class=\"alignleft size-full\" src=\"http:\/\/ploumilliau.bzh\/mairie\/wp-content\/uploads\/2016\/02\/creatifs.jpg\" alt=\"CR\u00c9A'TIFS\" width=\"150\" height=\"150\" \/><\/p>\n<p><strong><span style=\"color: #b6bd00;\">CR\u00c9A'TIFS<\/span><br \/>\n<span style=\"color: #8f9090;\">Coiffure homme, femme, enfant<\/span><\/strong><br \/>\nIsabelle LE HOUEROU<br \/>\n6 rue Anatole le Braz - 22300 PLOUMILLIAU<br \/>\n02 96 35 32 16<\/p>\n<div class=\"hr\"><\/div>\n<p><img loading=\"lazy\" class=\"alignleft size-full\" src=\"http:\/\/ploumilliau.bzh\/mairie\/wp-content\/uploads\/2016\/02\/NOlogo.jpg\" alt=\"NATUR'ATTITUDE\" width=\"150\" height=\"150\" \/><\/p>\n<p><strong><span style=\"color: #b6bd00;\">NATUR'ATTITUDE<\/span><br \/>\n<span style=\"color: #8f9090;\">Coiffure homme, femme, enfant<\/span><\/strong><br \/>\n1 rue Croas Og\u00e8s - 22300 PLOUMILLIAU<br \/>\n02 96 35 49 95<br \/>\n06 29 48 53 31<\/p>\n<div class=\"hr\"><\/div>\n<p><img loading=\"lazy\" class=\"alignleft size-full\" src=\"http:\/\/ploumilliau.bzh\/mairie\/wp-content\/uploads\/2016\/02\/revesinstitut.jpg\" alt=\"R\u00caVES INSTITUT\" width=\"150\" height=\"150\" \/><\/p>\n<p><strong><span style=\"color: #b6bd00;\">R\u00caVES INSTITUT<\/span><br \/>\n<span style=\"color: #8f9090;\">Institut de beaut\u00e9<\/span><\/strong><br \/>\nAnne STEPHAN<br \/>\nRoute du Clandy - 22300 PLOUMILLIAU<br \/>\n02 96 54 44 92<\/p>\n<div class=\"hr\"><\/div>\n<h1><span style=\"color: #bdb600;\">Fleurs\u00a0<\/span><span style=\"font-size: 11px; color: #bdb600;\">\u00a0<\/span><\/h1>\n<p><img loading=\"lazy\" class=\"alignleft size-full wp-image-1877\" src=\"http:\/\/ploumilliau.bzh\/mairie\/wp-content\/uploads\/2019\/08\/fleursdeliz.jpg\" alt=\"Fleurs de Liz\" width=\"150\" height=\"150\" \/><\/p>\n<p><strong><span style=\"color: #b6bd00;\">FLEURS DE LIZ<\/span><br \/>\n<span style=\"color: #8f9090;\">Artisan fleuriste<\/span><\/strong><br \/>\n9 rue Croas Og\u00e8s - 22300 PLOUMILLIAU<br \/>\n02 90 27 09 00<\/p>\n<div class=\"hr\"><\/div>\n<h1><span style=\"color: #bdb600;\">Pr\u00eat-\u00e0-porter <\/span><span style=\"font-size: 11px; color: #bdb600;\">\u00a0<\/span><\/h1>\n<p><img loading=\"lazy\" class=\"wp-image-3172 alignleft\" src=\"https:\/\/ploumilliau.bzh\/mairie\/wp-content\/uploads\/2022\/07\/Klakenn-Logodenn-Logo-310x310.jpg\" alt=\"\" width=\"143\" height=\"143\" srcset=\"https:\/\/ploumilliau.bzh\/mairie\/wp-content\/uploads\/2022\/07\/Klakenn-Logodenn-Logo-310x310.jpg 310w, https:\/\/ploumilliau.bzh\/mairie\/wp-content\/uploads\/2022\/07\/Klakenn-Logodenn-Logo-150x150.jpg 150w, https:\/\/ploumilliau.bzh\/mairie\/wp-content\/uploads\/2022\/07\/Klakenn-Logodenn-Logo.jpg 591w\" sizes=\"(max-width: 143px) 100vw, 143px\" \/><\/p>\n<p><strong><span style=\"color: #b6bd00;\">KLAKENN &amp; LOGODENN<\/span><br \/>\n<span style=\"color: #8f9090;\">Pr\u00eat-\u00e0-porter<\/span><\/strong><br \/>\n3 place de l'Eglise - 22300 PLOUMILLIAU<br \/>\n02 96 15 64 91<\/p>\n<p><a class=\"btn btn-default btn-normal btn-inline \" href=\"https:\/\/www.facebook.com\/klakennlogodenn\/\" target=\"_blank\" rel=\"noopener\">Page facebook<\/a><\/p>\n","protected":false},"excerpt":{"rendered":"<p>Alimentaire \u00a0 AU PAIN PLI\u00c9 Boulanger, p\u00e2tissier, chocolatier C\u00e9cile et David ROLLAND - 6 rue Croas Og\u00e8s - 22300 PLOUMILLIAU 02 96 35 44 38 - E-mail Site internet BOULANGERIE DES ECOLES Boulangerie, p\u00e2tisserie 5 rue des Ecoles - 22300 PLOUMILLIAU 02 96 35 45 85 CHARCUTERIE OLLIVIER Charcutier et traiteur depuis 1814 Carine et Thierry OLLIVIER - 14 place&nbsp;<a href=\"https:\/\/ploumilliau.bzh\/mairie\/commerces\/\" class=\"read-more\">Lire la suite<\/a><\/p>\n","protected":false},"author":1,"featured_media":0,"parent":0,"menu_order":0,"comment_status":"closed","ping_status":"closed","template":"","meta":[],"_links":{"self":[{"href":"https:\/\/ploumilliau.bzh\/mairie\/wp-json\/wp\/v2\/pages\/312"}],"collection":[{"href":"https:\/\/ploumilliau.bzh\/mairie\/wp-json\/wp\/v2\/pages"}],"about":[{"href":"https:\/\/ploumilliau.bzh\/mairie\/wp-json\/wp\/v2\/types\/page"}],"author":[{"embeddable":true,"href":"https:\/\/ploumilliau.bzh\/mairie\/wp-json\/wp\/v2\/users\/1"}],"replies":[{"embeddable":true,"href":"https:\/\/ploumilliau.bzh\/mairie\/wp-json\/wp\/v2\/comments?post=312"}],"version-history":[{"count":53,"href":"https:\/\/ploumilliau.bzh\/mairie\/wp-json\/wp\/v2\/pages\/312\/revisions"}],"predecessor-version":[{"id":3290,"href":"https:\/\/ploumilliau.bzh\/mairie\/wp-json\/wp\/v2\/pages\/312\/revisions\/3290"}],"wp:attachment":[{"href":"https:\/\/ploumilliau.bzh\/mairie\/wp-json\/wp\/v2\/media?parent=312"}],"curies":[{"name":"wp","href":"https:\/\/api.w.org\/{rel}","templated":true}]}}