{"id":52,"date":"2016-02-22T12:27:21","date_gmt":"2016-02-22T11:27:21","guid":{"rendered":"http:\/\/ploumilliau.bzh\/mairie\/?page_id=52"},"modified":"2023-04-19T11:23:23","modified_gmt":"2023-04-19T09:23:23","slug":"histoire","status":"publish","type":"page","link":"https:\/\/ploumilliau.bzh\/mairie\/histoire\/","title":{"rendered":"Histoire"},"content":{"rendered":"<h5><span style=\"color: #bdb600;\">Les origines<\/span><\/h5>\n<p>Not\u00e9 <em>\"Ecclesia de Ploemyliau\"<\/em> \u00e0 la fin du 14e si\u00e8cle, l\u2019appellation <strong><em>Ploemiliau<\/em><\/strong> appara\u00eet en 1481. D\u00e8s lors, il se con\u00e7oit comme un compos\u00e9 de <strong><em>Ploe<\/em><\/strong>, paroisse primitive, et de <strong><em>Milliau<\/em><\/strong> (voir paragraphe suivant sur Saint Milliau).<\/p>\n<p><strong>Ploumilliau<\/strong> est une ancienne paroisse primitive qui, outre sa tr\u00eave <strong>Keraudy<\/strong> (aujourd\u2019hui en Ploumilliau), englobait autrefois les territoires de Tr\u00e9drez et Locqu\u00e9meau, sa tr\u00eave (aujourd\u2019hui en Tr\u00e9drez). Ploumilliau n\u2019appara\u00eet pas dans les documents officiels avant 1426. Pourtant Keraudy, sa tr\u00eave, y figure d\u00e8s le XII\u00e8me si\u00e8cle. On ne trouve, en effet, pas trace du nom de Ploumilliau dans les chartes de 1160 et 1182 \u00e9num\u00e9rant les possessions des Hospitaliers de Saint-Jean de J\u00e9rusalem et des Templiers. Ils \u00e9taient pourtant pr\u00e9sents \u00e0 Saint-Jean, \u00e0 Keraudy (ou Keroudi), \u00e0 Christ et au Mouster.<\/p>\n<p>L\u2019ancienne paroisse de Ploumilliau d\u00e9pendait du dioc\u00e8se de Tr\u00e9guier, de la subd\u00e9l\u00e9gation et du ressort de Morlaix. Ploumilliau pouvait s\u2019enorgueillir de pr\u00e9senter deux \u00e9glises et six chapelles. S\u2019y ajoutaient les 24 calvaires.<\/p>\n<p>Keraudy, qui \u00e9tait sous l\u2019Ancien R\u00e9gime, et d\u00e8s 1681, une paroisse succursale de celle de Ploumilliau, fut rattach\u00e9e \u00e0 la commune de Ploumilliau avant le 16 f\u00e9vrier 1791.<\/p>\n<h5><span style=\"color: #bdb600;\">Saint Milliau<\/span><\/h5>\n<p><img class=\"alignleft size-full wp-image-240\" src=\"http:\/\/ploumilliau.bzh\/mairie\/wp-content\/uploads\/2016\/02\/Saint_Milliau.jpg\" alt=\"Saint_Milliau\" width=\"160\" srcset=\"https:\/\/ploumilliau.bzh\/mairie\/wp-content\/uploads\/2016\/02\/Saint_Milliau.jpg 286w, https:\/\/ploumilliau.bzh\/mairie\/wp-content\/uploads\/2016\/02\/Saint_Milliau-199x300.jpg 199w\" sizes=\"(max-width: 286px) 100vw, 286px\" \/><strong>Milliau<\/strong> est un moine irlandais li\u00e9 aux migrations bretonnes des V\u00e8me et VI\u00e8me si\u00e8cles. Mais le Milliau, repr\u00e9sent\u00e9 six fois dans la commune, est le fils du roi de Cornouaille qui aurait gouvern\u00e9 pendant sept ann\u00e9es la Domnon\u00e9e, principaut\u00e9 situ\u00e9e au nord de la Bretagne. Pendant son r\u00e8gne, il r\u00e9tablit la paix, d\u00e9veloppe l\u2019agriculture, secourt les indigents.<\/p>\n<p>Cette p\u00e9riode est retenue comme un v\u00e9ritable \u00e2ge d\u2019or pour notre r\u00e9gion. Malheureusement son fr\u00e8re Rivoad, jaloux, le fit d\u00e9capiter vers 531. Milliau devint alors un martyr.<\/p>\n<p>Il appara\u00eet portant sa t\u00eate entre les mains, dans le vitrail de la lancette centrale de la ma\u00eetresse-vitre de l\u2019\u00e9glise du bourg. Deux statues polychromes le repr\u00e9sentent dans le ch\u0153ur et le porche sud et une banni\u00e8re lui est d\u00e9di\u00e9e. Dans le calvaire du cimeti\u00e8re, sur l\u2019avers tourn\u00e9 vers l\u2019est, Milliau est associ\u00e9 \u00e0 Saint Yves. Enfin dans la chapelle de Christ, une statue lui est consacr\u00e9e. C\u2019est le saint \u00e9ponyme de la paroisse, <strong>Plou-Milliau<\/strong>.<\/p>\n<h5><span style=\"color: #bdb600;\">Personnages c\u00e9l\u00e8bres<\/span><\/h5>\n<p><strong>Villiers de l\u2019Isle-Adam<\/strong><br \/>\nLa rue du m\u00eame nom rend hommage \u00e0 deux personnalit\u00e9s : <strong>Mathias-Auguste Villiers de l\u2019Isle-Adam<\/strong> (1838-1889), \u00e9crivain c\u00e9l\u00e8bre, auteur des Contes cruels ou de l\u2019Eve future, qui fit de nombreux s\u00e9jours au presbyt\u00e8re de Ploumilliau, et son oncle, <strong>Yves-Marie Victor Villiers de l\u2019Isle-Adam<\/strong> (1808-1889), docteur en th\u00e9ologie et professeur de latin d\u2019un certain Anatole Le Braz, qui fut cur\u00e9 pendant 25 ann\u00e9es.<\/p>\n<p><strong>Anatole Le Braz<\/strong> (1859-1926)<br \/>\n<img class=\"alignleft size-full wp-image-246\" src=\"http:\/\/ploumilliau.bzh\/mairie\/wp-content\/uploads\/2016\/02\/AnatoleLeBraz.jpg\" alt=\"AnatoleLeBraz\" width=\"100\" srcset=\"https:\/\/ploumilliau.bzh\/mairie\/wp-content\/uploads\/2016\/02\/AnatoleLeBraz.jpg 160w, https:\/\/ploumilliau.bzh\/mairie\/wp-content\/uploads\/2016\/02\/AnatoleLeBraz-150x150.jpg 150w\" sizes=\"(max-width: 160px) 100vw, 160px\" \/>Il arriva \u00e0 Ploumilliau en 1861, il avait 2 ans, son p\u00e8re venait d\u2019\u00eatre mut\u00e9 en tant qu\u2019instituteur \u00e0 l\u2019\u00e9cole publique (dans le b\u00e2timent de l\u2019actuelle mairie o\u00f9 une plaque comm\u00e9morative lui rend hommage). Son enfance et son adolescence se pass\u00e8rent donc en face de l\u2019\u00e9glise St Milliau, entour\u00e9e \u00e0 l\u2019\u00e9poque du cimeti\u00e8re, et qui abritait l\u2019inqui\u00e9tante statue de l\u2019Ankou. Cet environnement n\u2019a \u00e9videmment pas manqu\u00e9 d\u2019inspirer son ouvrage majeur La l\u00e9gende de la Mort chez les bretons armoricains.<\/p>\n<p><strong>Milliau Ca\u00efnnec<\/strong> (1825-1897)<br \/>\nN\u00e9 dans une famille modeste de Ploumilliau, il s\u2019engage comme zouave dans l\u2019arm\u00e9e de Napol\u00e9on III et s\u2019en va combattre les Russes en Crim\u00e9e, sous les ordres du g\u00e9n\u00e9ral Mac-Mahon. A S\u00e9bastopol, en septembre 1855, les troupes montent \u00e0 l\u2019assaut de la tour Malakoff, apr\u00e8s un si\u00e8ge de la ville qui a dur\u00e9 plusieurs mois. Le clairon Milliau Ca\u00efnnec sonne la charge quand, soudain, un boulet lui emporte le bras droit. Il continue n\u00e9anmoins de sonner la charge en tenant son clairon de la main gauche. Cet acte de courage lui valut la m\u00e9daille militaire. Il se retira ensuite comme \"receveur buraliste\" ou \"d\u00e9bitant de tabac\" au bourg de Ploumilliau o\u00f9 il se maria et v\u00e9cut le reste de ses jours. Il est enterr\u00e9 au cimeti\u00e8re communal.<\/p>\n<p><strong>Morley Troman<\/strong> (1918-2000)<br \/>\n<img class=\"alignleft size-full wp-image-245\" src=\"http:\/\/ploumilliau.bzh\/mairie\/wp-content\/uploads\/2016\/02\/MorleyTroman.jpg\" alt=\"MorleyTroman\" width=\"100\" srcset=\"https:\/\/ploumilliau.bzh\/mairie\/wp-content\/uploads\/2016\/02\/MorleyTroman.jpg 160w, https:\/\/ploumilliau.bzh\/mairie\/wp-content\/uploads\/2016\/02\/MorleyTroman-150x150.jpg 150w\" sizes=\"(max-width: 160px) 100vw, 160px\" \/>Anglais d\u2019origine, ce sculpteur, \u00e9crivain et homme de radio s\u2019installe \u00e0 Ploumilliau en 1960. Si ses sculptures en bois ne sont pas facilement accessibles, en revanche, ses oeuvres en granit sont visibles \u00e0 St-Michel-en-Gr\u00e8ve (Statue de St Michel sculpt\u00e9e en 1962 au dos de l\u2019\u00e9glise sur l\u2019abside), sur la place de Pluzunet (Statue de la conteuse Marc\u2019harit Fulup) ou encore bien \u00e9videmment au bourg de Ploumilliau (<em>Fontaine de la princesse de Tronkolaine<\/em>)\u2026 Il a aussi produit plus de 500 \u00e9missions pour la TV et la radio r\u00e9gionale entre 1964 et 1977.<\/p>\n<p><strong>Les Maires successifs de la commune de Ploumilliau<\/strong><\/p>\n<ul>\n<li>An VIII : <strong>Jean Rolland<\/strong><\/li>\n<li>1813 : <strong>Yves Le Bihan<\/strong><\/li>\n<li>1816 : <strong>Pierre Le Scornet<\/strong><\/li>\n<li>1829 : <strong>Yves Perrot<\/strong><\/li>\n<li>1832 : <strong>Pierre Decouvrant<\/strong><\/li>\n<li>1837 : <strong>Louis Lintanf<\/strong><\/li>\n<li>1852 : <strong>Yves-Marie Le Bourdonnec<\/strong><\/li>\n<li>1860 : <strong>Guillaume Scolan<\/strong><\/li>\n<li>1865 : <strong>Yves Le Meur<\/strong><\/li>\n<li>1870 : Guillaume Scolan<\/li>\n<li>1873 : <strong>Yves Le Meur<\/strong><\/li>\n<li>1878 : <strong>Jean-Marie Le Guern<\/strong><\/li>\n<li>1882 : <strong>Guillaume Scolan<\/strong><\/li>\n<li>1899 : <strong>Yves-Marie Derrien<\/strong><\/li>\n<li>1906 : <strong>Jean-Marie Bourdonnec<\/strong><\/li>\n<li>1910 : <strong>Pierre Le Guern<\/strong><\/li>\n<li>1912 : <strong>Jean Auregan<\/strong><\/li>\n<li>1929 : <strong>Fran\u00e7ois Le Caer<\/strong><\/li>\n<li>1943 : <strong>Toussaint Guyomar<\/strong><\/li>\n<li>1945 : <strong>Gestin Le Pierres<\/strong><\/li>\n<li>1953 : <strong>Jean Lachater<\/strong><\/li>\n<li>1959 : <strong>Andr\u00e9 Cresseveur<\/strong><\/li>\n<li>2000 : <strong>Michel Kerneis<\/strong><\/li>\n<li>2001 : <strong>Denise Grandjean<\/strong><\/li>\n<li>2008 : <strong>Marcel Prat<\/strong><\/li>\n<li>2020 : <strong>Yann Kergoat<\/strong><\/li>\n<\/ul>\n","protected":false},"excerpt":{"rendered":"<p>Les origines Not\u00e9 \"Ecclesia de Ploemyliau\" \u00e0 la fin du 14e si\u00e8cle, l\u2019appellation Ploemiliau appara\u00eet en 1481. D\u00e8s lors, il se con\u00e7oit comme un compos\u00e9 de Ploe, paroisse primitive, et de Milliau (voir paragraphe suivant sur Saint Milliau). Ploumilliau est une ancienne paroisse primitive qui, outre sa tr\u00eave Keraudy (aujourd\u2019hui en Ploumilliau), englobait autrefois les territoires de Tr\u00e9drez et Locqu\u00e9meau,&nbsp;<a href=\"https:\/\/ploumilliau.bzh\/mairie\/histoire\/\" class=\"read-more\">Lire la suite<\/a><\/p>\n","protected":false},"author":1,"featured_media":0,"parent":0,"menu_order":0,"comment_status":"closed","ping_status":"closed","template":"","meta":[],"_links":{"self":[{"href":"https:\/\/ploumilliau.bzh\/mairie\/wp-json\/wp\/v2\/pages\/52"}],"collection":[{"href":"https:\/\/ploumilliau.bzh\/mairie\/wp-json\/wp\/v2\/pages"}],"about":[{"href":"https:\/\/ploumilliau.bzh\/mairie\/wp-json\/wp\/v2\/types\/page"}],"author":[{"embeddable":true,"href":"https:\/\/ploumilliau.bzh\/mairie\/wp-json\/wp\/v2\/users\/1"}],"replies":[{"embeddable":true,"href":"https:\/\/ploumilliau.bzh\/mairie\/wp-json\/wp\/v2\/comments?post=52"}],"version-history":[{"count":13,"href":"https:\/\/ploumilliau.bzh\/mairie\/wp-json\/wp\/v2\/pages\/52\/revisions"}],"predecessor-version":[{"id":3670,"href":"https:\/\/ploumilliau.bzh\/mairie\/wp-json\/wp\/v2\/pages\/52\/revisions\/3670"}],"wp:attachment":[{"href":"https:\/\/ploumilliau.bzh\/mairie\/wp-json\/wp\/v2\/media?parent=52"}],"curies":[{"name":"wp","href":"https:\/\/api.w.org\/{rel}","templated":true}]}}