{"id":60,"date":"2016-02-22T12:29:20","date_gmt":"2016-02-22T11:29:20","guid":{"rendered":"http:\/\/ploumilliau.bzh\/mairie\/?page_id=60"},"modified":"2026-03-30T16:40:32","modified_gmt":"2026-03-30T14:40:32","slug":"culture-bibliotheque","status":"publish","type":"page","link":"https:\/\/ploumilliau.bzh\/mairie\/culture-bibliotheque\/","title":{"rendered":"Culture &#038; Biblioth\u00e8que"},"content":{"rendered":"<p><img loading=\"lazy\" class=\"alignnone size-full wp-image-473\" src=\"http:\/\/ploumilliau.bzh\/mairie\/wp-content\/uploads\/2016\/03\/culture.jpg\" alt=\"culture\" width=\"762\" height=\"200\" srcset=\"https:\/\/ploumilliau.bzh\/mairie\/wp-content\/uploads\/2016\/03\/culture.jpg 762w, https:\/\/ploumilliau.bzh\/mairie\/wp-content\/uploads\/2016\/03\/culture-310x81.jpg 310w\" sizes=\"(max-width: 762px) 100vw, 762px\" \/><\/p>\n<h1><span style=\"color: #bdb600;\">Biblioth\u00e8que &amp; le nouveau site d\u00e9di\u00e9 <\/span><span style=\"font-size: 11px; color: #bdb600;\">&nbsp;<\/span><\/h1>\n<ul>\n<li><strong><span style=\"color: #b6bd00;\">BIBLIOTH\u00c8QUE MUNICIPALE<\/span><\/strong> - Parc des Loisirs - Rue Anatole Le Braz - 22300 PLOUMILLIAU - <strong>09 60 13 51 78<\/strong> (nouveau n\u00b0 de t\u00e9l\u00e9phone)<\/li>\n<li><strong><span style=\"color: #b6bd00;\">HORAIRE DE LA BIBLIOTH\u00c8QUE :<br><\/span><\/strong>Lundi : 16h - 18h&nbsp; &nbsp; &nbsp; &nbsp; &nbsp; &nbsp; &nbsp; &nbsp; &nbsp; &nbsp; &nbsp; &nbsp; &nbsp; &nbsp; &nbsp; &nbsp; &nbsp; &nbsp; &nbsp; &nbsp; &nbsp; &nbsp; &nbsp; &nbsp; &nbsp; &nbsp; &nbsp; &nbsp; &nbsp; &nbsp; &nbsp; &nbsp; &nbsp; &nbsp; &nbsp; &nbsp; &nbsp; &nbsp; &nbsp; &nbsp; &nbsp; &nbsp; &nbsp; &nbsp; &nbsp; &nbsp; &nbsp; &nbsp; &nbsp; &nbsp; &nbsp; &nbsp; &nbsp; &nbsp; &nbsp; &nbsp; &nbsp; &nbsp; &nbsp; &nbsp; &nbsp; &nbsp; &nbsp; &nbsp; &nbsp; &nbsp; &nbsp; &nbsp; &nbsp; &nbsp; &nbsp; &nbsp; &nbsp; &nbsp; &nbsp; &nbsp; &nbsp; &nbsp; &nbsp; &nbsp; &nbsp; &nbsp; &nbsp; &nbsp; &nbsp; &nbsp; &nbsp; &nbsp; &nbsp; &nbsp; &nbsp; &nbsp; &nbsp; &nbsp; &nbsp; &nbsp; &nbsp; &nbsp; &nbsp; &nbsp; &nbsp; &nbsp; &nbsp; &nbsp; &nbsp; &nbsp; &nbsp; &nbsp; &nbsp; &nbsp; Mercredi : 16h - 18h<br>Samedi : 10h - 12h<\/li>\n<\/ul>\n<div class=\"hr\">&nbsp;<\/div>\n\n\n<p class=\"has-text-align-center\" style=\"font-size:30px\"><strong>La biblioth\u00e8que s'est dot\u00e9e d'un nouveau portail !<\/strong><\/p>\n\n\n\n<p>Il est aujourd'hui possible d'avoir acc\u00e8s au catalogue en utilisant l'adresse internet suivante :<\/p>\n\n\n\n<p class=\"has-text-align-center has-medium-font-size\"><strong><mark style=\"background-color:rgba(0, 0, 0, 0)\" class=\"has-inline-color has-vivid-red-color\">ploumilliau-pom.c3rb.org<\/mark><\/strong><\/p>\n\n\n\n<p>ou de cliquer sur ce lien : <a href=\"https:\/\/ploumilliau-pom.c3rb.org\/\">https:\/\/ploumilliau-pom.c3rb.org\/<\/a><\/p>\n\n\n\n<figure class=\"wp-block-image size-full is-resized\"><img loading=\"lazy\" src=\"https:\/\/ploumilliau.bzh\/mairie\/wp-content\/uploads\/2026\/03\/Site-Bibliotheque-Page-acceuil.png\" alt=\"\" class=\"wp-image-4824\" width=\"476\" height=\"489\" srcset=\"https:\/\/ploumilliau.bzh\/mairie\/wp-content\/uploads\/2026\/03\/Site-Bibliotheque-Page-acceuil.png 876w, https:\/\/ploumilliau.bzh\/mairie\/wp-content\/uploads\/2026\/03\/Site-Bibliotheque-Page-acceuil-310x319.png 310w\" sizes=\"(max-width: 476px) 100vw, 476px\" \/><\/figure>\n\n\n\n<p>Sur le site :<\/p>\n\n\n\n<ol><li>pour une recherche par auteur, il suffit de taper son nom dans la barre de recherche et de valider. La liste des ouvrages que poss\u00e8de la biblioth\u00e8que s\u2019affiche alors en dessous. En cliquant sur un livre de la liste en particulier, l\u2019utilisateur a acc\u00e8s a quelques informations et un r\u00e9sum\u00e9 succinct. Il est aussi indiqu\u00e9 si le livre est disponible ou non \u00e0 la biblioth\u00e8que.<\/li><li>Pour faire une autre recherche, il faut revenir \u00e0 la page \u00ab&nbsp;accueil&nbsp;\u00bb (en haut \u00e0 gauche de l\u2019\u00e9cran avant de r\u00e9aliser la nouvelle recherche).<\/li><li>Chaque abonn\u00e9 \u00e0 la biblioth\u00e8que peut se connecter \u00e0 son compte \u00e0 partir du bouton connexion en haut \u00e0 droite de l\u2019\u00e9cran&nbsp;: <ul><li>- Adresse mail (si d\u00e9clar\u00e9e lors de l\u2019inscription \u00e0 la biblioth\u00e8que)<\/li><li>- Date de naissance&nbsp;: ex&nbsp;: 15051996<\/li><li>- L\u2019abonn\u00e9 a ainsi acc\u00e8s par exemple aux documents qu\u2019il a emprunt\u00e9s.<\/li><\/ul><\/li><\/ol>\n\n\n\n<p><\/p>\n\n\n\n<p class=\"has-medium-font-size\"><strong>Petit aper\u00e7u de la Biblioth\u00e8que municipale :<\/strong><\/p>\n\n\n\n<figure class=\"wp-block-image size-large is-resized\"><img loading=\"lazy\" src=\"https:\/\/ploumilliau.bzh\/mairie\/wp-content\/uploads\/2025\/01\/Mise-en-page-site-internet_page-0001-1-724x1024.jpg\" alt=\"\" class=\"wp-image-4425\" width=\"529\" height=\"748\" srcset=\"https:\/\/ploumilliau.bzh\/mairie\/wp-content\/uploads\/2025\/01\/Mise-en-page-site-internet_page-0001-1-724x1024.jpg 724w, https:\/\/ploumilliau.bzh\/mairie\/wp-content\/uploads\/2025\/01\/Mise-en-page-site-internet_page-0001-1-310x438.jpg 310w, https:\/\/ploumilliau.bzh\/mairie\/wp-content\/uploads\/2025\/01\/Mise-en-page-site-internet_page-0001-1-1086x1536.jpg 1086w, https:\/\/ploumilliau.bzh\/mairie\/wp-content\/uploads\/2025\/01\/Mise-en-page-site-internet_page-0001-1.jpg 1241w\" sizes=\"(max-width: 529px) 100vw, 529px\" \/><\/figure>\n\n\n<p><\/p>\n<h1><span style=\"color: #bdb600;\">Culture <\/span><span style=\"font-size: 11px; color: #bdb600;\">&nbsp;<\/span><\/h1>\n<ul>\n<li><strong><span style=\"color: #b6bd00;\">LE CIRCUIT DES CHAPELLES<\/span><\/strong> - Chaque \u00e9t\u00e9, du 15 juillet au 15 ao\u00fbt, le Circuit des Chapelles -Troiad ar Chapelio\u00f9- propose la d\u00e9couvertes de 12 chapelles ou \u00e9glises du Canton de Plestin-Les-Gr\u00e8ves. Dans certaines, des artistes contemporains exposent leurs cr\u00e9ations. Dans d\u2019autres, des concerts vous sont propos\u00e9s (tradition celtique, r\u00e9pertoire contemporain, musique baroque, ...). A Ploumilliau, l'Eglise de Keraudy et la Chapelle Christ participent \u00e0 ce circuit. Des randonn\u00e9es sont aussi propos\u00e9es. <a href=\"http:\/\/plestinlesgreves.fr\/ocm\/circuit.php\" target=\"_blank\" rel=\"noopener noreferrer\">En savoir plus ...<\/a><\/li>\n<li><strong><span style=\"color: #b6bd00;\">EXPOSITION ARTISTIQUE<\/span><\/strong> - Chaque ann\u00e9e durant la premi\u00e8re quinzaine d'ao\u00fbt, le restaurant scolaire se transforme en galerie d'art et accueille un artiste local. Renseignements \u00e0 la Mairie ou \u00e0 l'Office de Tourisme : <a href=\"http:\/\/www.bretagne-cotedegranitrose.com\" target=\"_blank\" rel=\"noopener noreferrer\">Cliquez-ici<\/a><\/li>\n<\/ul>\n<div class=\"hr\">&nbsp;<\/div>\n\n\n<p><\/p>\n","protected":false},"excerpt":{"rendered":"<p>Biblioth\u00e8que &amp; le nouveau site d\u00e9di\u00e9 &nbsp; BIBLIOTH\u00c8QUE MUNICIPALE - Parc des Loisirs - Rue Anatole Le Braz - 22300 PLOUMILLIAU - 09 60 13 51 78 (nouveau n\u00b0 de t\u00e9l\u00e9phone) HORAIRE DE LA BIBLIOTH\u00c8QUE :Lundi : 16h - 18h&nbsp; &nbsp; &nbsp; &nbsp; &nbsp; &nbsp; &nbsp; &nbsp; &nbsp; &nbsp; &nbsp; &nbsp; &nbsp; &nbsp; &nbsp; &nbsp; &nbsp; &nbsp; &nbsp; &nbsp; &nbsp;&nbsp;<a href=\"https:\/\/ploumilliau.bzh\/mairie\/culture-bibliotheque\/\" class=\"read-more\">Lire la suite<\/a><\/p>\n","protected":false},"author":1,"featured_media":0,"parent":0,"menu_order":0,"comment_status":"closed","ping_status":"closed","template":"","meta":[],"_links":{"self":[{"href":"https:\/\/ploumilliau.bzh\/mairie\/wp-json\/wp\/v2\/pages\/60"}],"collection":[{"href":"https:\/\/ploumilliau.bzh\/mairie\/wp-json\/wp\/v2\/pages"}],"about":[{"href":"https:\/\/ploumilliau.bzh\/mairie\/wp-json\/wp\/v2\/types\/page"}],"author":[{"embeddable":true,"href":"https:\/\/ploumilliau.bzh\/mairie\/wp-json\/wp\/v2\/users\/1"}],"replies":[{"embeddable":true,"href":"https:\/\/ploumilliau.bzh\/mairie\/wp-json\/wp\/v2\/comments?post=60"}],"version-history":[{"count":28,"href":"https:\/\/ploumilliau.bzh\/mairie\/wp-json\/wp\/v2\/pages\/60\/revisions"}],"predecessor-version":[{"id":4831,"href":"https:\/\/ploumilliau.bzh\/mairie\/wp-json\/wp\/v2\/pages\/60\/revisions\/4831"}],"wp:attachment":[{"href":"https:\/\/ploumilliau.bzh\/mairie\/wp-json\/wp\/v2\/media?parent=60"}],"curies":[{"name":"wp","href":"https:\/\/api.w.org\/{rel}","templated":true}]}}