{"id":720,"date":"2016-06-15T14:45:14","date_gmt":"2016-06-15T12:45:14","guid":{"rendered":"http:\/\/ploumilliau.bzh\/mairie\/?page_id=720"},"modified":"2018-11-15T09:28:43","modified_gmt":"2018-11-15T08:28:43","slug":"zones-humides","status":"publish","type":"page","link":"https:\/\/ploumilliau.bzh\/mairie\/zones-humides\/","title":{"rendered":"Zones Humides"},"content":{"rendered":"<p><strong><em> La commune a r\u00e9alis\u00e9, avec le concours technique du comit\u00e9 des Bassins versants de la Lieue de Gr\u00e8ve et du Sage Baie de Lannion, la carte des cours d\u2019eau et zones humides de son territoire. Le r\u00e9sultat de cet inventaire, sous forme de cartographie, est visible ci-dessous.<\/em><\/strong><\/p>\n<p><img loading=\"lazy\" class=\"alignnone size-large wp-image-716\" src=\"http:\/\/ploumilliau.bzh\/mairie\/wp-content\/uploads\/2016\/02\/Carte_A0_plan-de-situation-723x1024.jpg\" alt=\"Carte_A0_plan de situation\" width=\"604\" height=\"855\" srcset=\"https:\/\/ploumilliau.bzh\/mairie\/wp-content\/uploads\/2016\/02\/Carte_A0_plan-de-situation-723x1024.jpg 723w, https:\/\/ploumilliau.bzh\/mairie\/wp-content\/uploads\/2016\/02\/Carte_A0_plan-de-situation-310x439.jpg 310w\" sizes=\"(max-width: 604px) 100vw, 604px\" \/><\/p>\n<ul>\n<li><span style=\"color: #b6bd00;\"><a href=\"http:\/\/ploumilliau.bzh\/mairie\/wp-content\/uploads\/2016\/06\/A0_Ploumilliau_Nord_internet.pdf\">Secteur Nord<\/a><\/span><\/li>\n<li><span style=\"color: #b6bd00;\"><a href=\"http:\/\/ploumilliau.bzh\/mairie\/wp-content\/uploads\/2016\/06\/A0_Ploumilliau_Est_internet.pdf\">Secteur Est<\/a><\/span><\/li>\n<li><span style=\"color: #b6bd00;\"><a href=\"http:\/\/ploumilliau.bzh\/mairie\/wp-content\/uploads\/2016\/06\/A0_Ploumilliau_Sud_internet.pdf\">Secteur Sud<\/a><\/span><\/li>\n<\/ul>\n","protected":false},"excerpt":{"rendered":"<p>La commune a r\u00e9alis\u00e9, avec le concours technique du comit\u00e9 des Bassins versants de la Lieue de Gr\u00e8ve et du Sage Baie de Lannion, la carte des cours d\u2019eau et zones humides de son territoire. Le r\u00e9sultat de cet inventaire, sous forme de cartographie, est visible ci-dessous. Secteur Nord Secteur Est Secteur Sud<\/p>\n","protected":false},"author":2,"featured_media":0,"parent":0,"menu_order":0,"comment_status":"closed","ping_status":"closed","template":"","meta":[],"_links":{"self":[{"href":"https:\/\/ploumilliau.bzh\/mairie\/wp-json\/wp\/v2\/pages\/720"}],"collection":[{"href":"https:\/\/ploumilliau.bzh\/mairie\/wp-json\/wp\/v2\/pages"}],"about":[{"href":"https:\/\/ploumilliau.bzh\/mairie\/wp-json\/wp\/v2\/types\/page"}],"author":[{"embeddable":true,"href":"https:\/\/ploumilliau.bzh\/mairie\/wp-json\/wp\/v2\/users\/2"}],"replies":[{"embeddable":true,"href":"https:\/\/ploumilliau.bzh\/mairie\/wp-json\/wp\/v2\/comments?post=720"}],"version-history":[{"count":20,"href":"https:\/\/ploumilliau.bzh\/mairie\/wp-json\/wp\/v2\/pages\/720\/revisions"}],"predecessor-version":[{"id":1399,"href":"https:\/\/ploumilliau.bzh\/mairie\/wp-json\/wp\/v2\/pages\/720\/revisions\/1399"}],"wp:attachment":[{"href":"https:\/\/ploumilliau.bzh\/mairie\/wp-json\/wp\/v2\/media?parent=720"}],"curies":[{"name":"wp","href":"https:\/\/api.w.org\/{rel}","templated":true}]}}